{"id":2099,"date":"2022-09-23T08:01:06","date_gmt":"2022-09-23T08:01:06","guid":{"rendered":"https:\/\/monteodina.com\/producto\/rosado-2021\/"},"modified":"2022-09-23T08:01:06","modified_gmt":"2022-09-23T08:01:06","slug":"rosado-2021","status":"publish","type":"product","link":"https:\/\/monteodina.com\/de\/producto\/rosado-2021\/","title":{"rendered":"Rosado 2021"},"content":{"rendered":"<p>Karton mit 6 Flaschen \u00e0 750 ml<\/p>\n<p>Rebsortenreiner Ros\u00e9wein aus 100% Cabernet Sauvignon mit gl\u00e4nzender Optik und mittlerer Schicht. Ausgewogen, frisch und schmackhaft.<\/p>\n<p>Verkostungsnotizen<\/p>\n<table style=\"border-style: hidden;\">\n<tbody>\n<tr>\n<td style=\"border-style: hidden;\"><img decoding=\"async\" src=\"\/wp-content\/uploads\/2022\/09\/nota-de-cata-eye.svg\" alt=\"ojo icono\" style=\"filter: invert(71%) sepia(9%) saturate(1353%) hue-rotate(8deg) brightness(96%) contrast(81%);\" width=\"80\"><\/td>\n<td style=\"border-style: hidden;\">Kirschrote Farbe mit rubinroten Reflexen. Gl\u00e4nzend.<\/td>\n<\/tr>\n<tr>\n<td style=\"border-style: hidden;\"><img decoding=\"async\" src=\"\/wp-content\/uploads\/2022\/09\/nota-de-cata-wine-tasting.svg\" alt=\"beber icono\" style=\"filter: invert(71%) sepia(9%) saturate(1353%) hue-rotate(8deg) brightness(96%) contrast(81%);\" width=\"80\"><\/td>\n<td style=\"border-style: hidden;\">Saubere und intensive Aromen. Pflaumen, Walderdbeeren und reife Kirschen.<\/td>\n<\/tr>\n<tr>\n<td style=\"border-style: hidden;\"><img decoding=\"async\" src=\"\/wp-content\/uploads\/2022\/09\/nota-de-cata-smiling-lips.svg\" alt=\"labios icono\" style=\"filter: invert(71%) sepia(9%) saturate(1353%) hue-rotate(8deg) brightness(96%) contrast(81%);\" width=\"80\"><\/td>\n<td style=\"border-style: hidden;\">Reife Fr\u00fcchte mit leicht w\u00fcrzigen und ger\u00f6steten Noten. Sanft und fein.<\/td>\n<\/tr>\n<tr>\n<td style=\"border-style: hidden;\"><img decoding=\"async\" src=\"\/wp-content\/uploads\/2022\/09\/nota-de-cata-thermometer.svg\" alt=\"termometro icono\" style=\"filter: invert(71%) sepia(9%) saturate(1353%) hue-rotate(8deg) brightness(96%) contrast(81%);\" width=\"80\"><\/td>\n<td style=\"border-style: hidden;\">Serviertemperatur 5-8\u00ba.<\/td>\n<\/tr>\n<tr>\n<td style=\"border-style: hidden;\"><img decoding=\"async\" src=\"\/wp-content\/uploads\/2022\/09\/nota-de-cata-grapes.svg\" alt=\"barrica icono\" style=\"filter: invert(71%) sepia(9%) saturate(1353%) hue-rotate(8deg) brightness(96%) contrast(81%);\" width=\"80\"><\/td>\n<td style=\"border-style: hidden;\">Nicht in Eichenf\u00e4ssern gereift.<\/td>\n<\/tr>\n<tr>\n<td style=\"border-style: hidden;\"><img decoding=\"async\" src=\"\/wp-content\/uploads\/2022\/09\/nota-de-cata-restaurant.svg\" alt=\"plato icono\" style=\"filter: invert(71%) sepia(9%) saturate(1353%) hue-rotate(8deg) brightness(96%) contrast(81%);\" width=\"80\"><\/td>\n<td style=\"border-style: hidden;\">Nudeln, Reisgerichte, Pizzen, Gefl\u00fcgel, Steak Tartar und Roastbeef<\/td>\n<\/tr>\n<\/tbody>\n<\/table>\n","protected":false},"excerpt":{"rendered":"<p>Karton mit 6 Flaschen \u00e0 750 ml<\/p>\n","protected":false},"featured_media":1952,"template":"","meta":{"_themeisle_gutenberg_block_has_review":false},"product_brand":[],"product_cat":[94,96,95],"product_tag":[],"class_list":{"0":"post-2099","1":"product","2":"type-product","3":"status-publish","4":"has-post-thumbnail","6":"product_cat-cabernet-sauvignon-de","7":"product_cat-jung","8":"product_cat-rosado-de","9":"pa_color-rosado-de","10":"pa_tiempo-guarda-envejecimiento-jung","12":"first","13":"outofstock","14":"taxable","15":"shipping-taxable","16":"purchasable","17":"product-type-simple"},"yoast_head":"<!-- This site is optimized with the Yoast SEO plugin v24.5 - https:\/\/yoast.com\/wordpress\/plugins\/seo\/ -->\n<title>Rosado 2021 - Monte Odina<\/title>\n<meta name=\"robots\" content=\"index, follow, max-snippet:-1, max-image-preview:large, max-video-preview:-1\" \/>\n<link rel=\"canonical\" href=\"https:\/\/monteodina.com\/de\/producto\/rosado-2021\/\" \/>\n<meta property=\"og:locale\" content=\"de_DE\" \/>\n<meta property=\"og:type\" content=\"article\" \/>\n<meta property=\"og:title\" content=\"Rosado 2021 - Monte Odina\" \/>\n<meta property=\"og:description\" content=\"Karton mit 6 Flaschen \u00e0 750 ml\" \/>\n<meta property=\"og:url\" content=\"https:\/\/monteodina.com\/de\/producto\/rosado-2021\/\" \/>\n<meta property=\"og:site_name\" content=\"Monte Odina\" \/>\n<meta property=\"og:image\" content=\"https:\/\/monteodina.com\/wp-content\/uploads\/2022\/10\/Monte-Odina-botellas-vinos-rosado-ok-600x600-1.webp\" \/>\n\t<meta property=\"og:image:width\" content=\"600\" \/>\n\t<meta property=\"og:image:height\" content=\"600\" \/>\n\t<meta property=\"og:image:type\" content=\"image\/webp\" \/>\n<meta name=\"twitter:card\" content=\"summary_large_image\" \/>\n<script type=\"application\/ld+json\" class=\"yoast-schema-graph\">{\"@context\":\"https:\/\/schema.org\",\"@graph\":[{\"@type\":\"WebPage\",\"@id\":\"https:\/\/monteodina.com\/de\/producto\/rosado-2021\/\",\"url\":\"https:\/\/monteodina.com\/de\/producto\/rosado-2021\/\",\"name\":\"Rosado 2021 - Monte Odina\",\"isPartOf\":{\"@id\":\"https:\/\/monteodina.com\/de\/#website\"},\"primaryImageOfPage\":{\"@id\":\"https:\/\/monteodina.com\/de\/producto\/rosado-2021\/#primaryimage\"},\"image\":{\"@id\":\"https:\/\/monteodina.com\/de\/producto\/rosado-2021\/#primaryimage\"},\"thumbnailUrl\":\"https:\/\/monteodina.com\/wp-content\/uploads\/2022\/10\/Monte-Odina-botellas-vinos-rosado-ok-600x600-1.webp\",\"datePublished\":\"2022-09-23T08:01:06+00:00\",\"breadcrumb\":{\"@id\":\"https:\/\/monteodina.com\/de\/producto\/rosado-2021\/#breadcrumb\"},\"inLanguage\":\"de\",\"potentialAction\":[{\"@type\":\"ReadAction\",\"target\":[\"https:\/\/monteodina.com\/de\/producto\/rosado-2021\/\"]}]},{\"@type\":\"ImageObject\",\"inLanguage\":\"de\",\"@id\":\"https:\/\/monteodina.com\/de\/producto\/rosado-2021\/#primaryimage\",\"url\":\"https:\/\/monteodina.com\/wp-content\/uploads\/2022\/10\/Monte-Odina-botellas-vinos-rosado-ok-600x600-1.webp\",\"contentUrl\":\"https:\/\/monteodina.com\/wp-content\/uploads\/2022\/10\/Monte-Odina-botellas-vinos-rosado-ok-600x600-1.webp\",\"width\":600,\"height\":600,\"caption\":\"Monte Odina - Rosado\"},{\"@type\":\"BreadcrumbList\",\"@id\":\"https:\/\/monteodina.com\/de\/producto\/rosado-2021\/#breadcrumb\",\"itemListElement\":[{\"@type\":\"ListItem\",\"position\":1,\"name\":\"Portada\",\"item\":\"https:\/\/monteodina.com\/de\/\"},{\"@type\":\"ListItem\",\"position\":2,\"name\":\"Tienda\",\"item\":\"https:\/\/monteodina.com\/tienda\/\"},{\"@type\":\"ListItem\",\"position\":3,\"name\":\"Rosado 2021\"}]},{\"@type\":\"WebSite\",\"@id\":\"https:\/\/monteodina.com\/de\/#website\",\"url\":\"https:\/\/monteodina.com\/de\/\",\"name\":\"Monte Odina\",\"description\":\"El Tesoro escondido del Somontano\",\"potentialAction\":[{\"@type\":\"SearchAction\",\"target\":{\"@type\":\"EntryPoint\",\"urlTemplate\":\"https:\/\/monteodina.com\/de\/?s={search_term_string}\"},\"query-input\":{\"@type\":\"PropertyValueSpecification\",\"valueRequired\":true,\"valueName\":\"search_term_string\"}}],\"inLanguage\":\"de\"}]}<\/script>\n<!-- \/ Yoast SEO plugin. -->","yoast_head_json":{"title":"Rosado 2021 - Monte Odina","robots":{"index":"index","follow":"follow","max-snippet":"max-snippet:-1","max-image-preview":"max-image-preview:large","max-video-preview":"max-video-preview:-1"},"canonical":"https:\/\/monteodina.com\/de\/producto\/rosado-2021\/","og_locale":"de_DE","og_type":"article","og_title":"Rosado 2021 - Monte Odina","og_description":"Karton mit 6 Flaschen \u00e0 750 ml","og_url":"https:\/\/monteodina.com\/de\/producto\/rosado-2021\/","og_site_name":"Monte Odina","og_image":[{"width":600,"height":600,"url":"https:\/\/monteodina.com\/wp-content\/uploads\/2022\/10\/Monte-Odina-botellas-vinos-rosado-ok-600x600-1.webp","type":"image\/webp"}],"twitter_card":"summary_large_image","schema":{"@context":"https:\/\/schema.org","@graph":[{"@type":"WebPage","@id":"https:\/\/monteodina.com\/de\/producto\/rosado-2021\/","url":"https:\/\/monteodina.com\/de\/producto\/rosado-2021\/","name":"Rosado 2021 - Monte Odina","isPartOf":{"@id":"https:\/\/monteodina.com\/de\/#website"},"primaryImageOfPage":{"@id":"https:\/\/monteodina.com\/de\/producto\/rosado-2021\/#primaryimage"},"image":{"@id":"https:\/\/monteodina.com\/de\/producto\/rosado-2021\/#primaryimage"},"thumbnailUrl":"https:\/\/monteodina.com\/wp-content\/uploads\/2022\/10\/Monte-Odina-botellas-vinos-rosado-ok-600x600-1.webp","datePublished":"2022-09-23T08:01:06+00:00","breadcrumb":{"@id":"https:\/\/monteodina.com\/de\/producto\/rosado-2021\/#breadcrumb"},"inLanguage":"de","potentialAction":[{"@type":"ReadAction","target":["https:\/\/monteodina.com\/de\/producto\/rosado-2021\/"]}]},{"@type":"ImageObject","inLanguage":"de","@id":"https:\/\/monteodina.com\/de\/producto\/rosado-2021\/#primaryimage","url":"https:\/\/monteodina.com\/wp-content\/uploads\/2022\/10\/Monte-Odina-botellas-vinos-rosado-ok-600x600-1.webp","contentUrl":"https:\/\/monteodina.com\/wp-content\/uploads\/2022\/10\/Monte-Odina-botellas-vinos-rosado-ok-600x600-1.webp","width":600,"height":600,"caption":"Monte Odina - Rosado"},{"@type":"BreadcrumbList","@id":"https:\/\/monteodina.com\/de\/producto\/rosado-2021\/#breadcrumb","itemListElement":[{"@type":"ListItem","position":1,"name":"Portada","item":"https:\/\/monteodina.com\/de\/"},{"@type":"ListItem","position":2,"name":"Tienda","item":"https:\/\/monteodina.com\/tienda\/"},{"@type":"ListItem","position":3,"name":"Rosado 2021"}]},{"@type":"WebSite","@id":"https:\/\/monteodina.com\/de\/#website","url":"https:\/\/monteodina.com\/de\/","name":"Monte Odina","description":"El Tesoro escondido del Somontano","potentialAction":[{"@type":"SearchAction","target":{"@type":"EntryPoint","urlTemplate":"https:\/\/monteodina.com\/de\/?s={search_term_string}"},"query-input":{"@type":"PropertyValueSpecification","valueRequired":true,"valueName":"search_term_string"}}],"inLanguage":"de"}]}},"_links":{"self":[{"href":"https:\/\/monteodina.com\/de\/wp-json\/wp\/v2\/product\/2099"}],"collection":[{"href":"https:\/\/monteodina.com\/de\/wp-json\/wp\/v2\/product"}],"about":[{"href":"https:\/\/monteodina.com\/de\/wp-json\/wp\/v2\/types\/product"}],"version-history":[{"count":1,"href":"https:\/\/monteodina.com\/de\/wp-json\/wp\/v2\/product\/2099\/revisions"}],"predecessor-version":[{"id":2513,"href":"https:\/\/monteodina.com\/de\/wp-json\/wp\/v2\/product\/2099\/revisions\/2513"}],"wp:featuredmedia":[{"embeddable":true,"href":"https:\/\/monteodina.com\/de\/wp-json\/wp\/v2\/media\/1952"}],"wp:attachment":[{"href":"https:\/\/monteodina.com\/de\/wp-json\/wp\/v2\/media?parent=2099"}],"wp:term":[{"taxonomy":"product_brand","embeddable":true,"href":"https:\/\/monteodina.com\/de\/wp-json\/wp\/v2\/product_brand?post=2099"},{"taxonomy":"product_cat","embeddable":true,"href":"https:\/\/monteodina.com\/de\/wp-json\/wp\/v2\/product_cat?post=2099"},{"taxonomy":"product_tag","embeddable":true,"href":"https:\/\/monteodina.com\/de\/wp-json\/wp\/v2\/product_tag?post=2099"}],"curies":[{"name":"wp","href":"https:\/\/api.w.org\/{rel}","templated":true}]}}