{"id":2108,"date":"2022-09-23T10:45:51","date_gmt":"2022-09-23T10:45:51","guid":{"rendered":"https:\/\/monteodina.com\/producto\/garnacha-seleccion-eco-2019\/"},"modified":"2022-09-23T10:45:51","modified_gmt":"2022-09-23T10:45:51","slug":"garnacha-seleccion-eco-2019","status":"publish","type":"product","link":"https:\/\/monteodina.com\/de\/producto\/garnacha-seleccion-eco-2019\/","title":{"rendered":"Garnacha Selecci\u00f3n ECO 2019"},"content":{"rendered":"<p>Karton mit 6 Flaschen \u00e0 750 ml<\/p>\n<p>Limitierte Auflage. Rebsortenrein aus rotem Garnacha aus biologischem Anbau. Er ist der beste Ausdruck unseres biologischen Terroirs auf der Parzelle Romerosa. Diese Weinberge, die sich in einer H\u00f6he von \u00fcber 700 m befinden, bringen aufgrund des Mikroklimas, in dem sie sich befinden, ihrer s\u00fcdlichen Ausrichtung und des Kalk-Lehm-Bodens einen Garnacha von h\u00f6chster Qualit\u00e4t hervor.<\/p>\n<p>Verkostungsnotizen<\/p>\n<table style=\"border-style: hidden;\">\n<tbody>\n<tr>\n<td style=\"border-style: hidden;\"><img decoding=\"async\" src=\"\/wp-content\/uploads\/2022\/09\/nota-de-cata-eye.svg\" alt=\"ojo icono\" style=\"filter: invert(71%) sepia(9%) saturate(1353%) hue-rotate(8deg) brightness(96%) contrast(81%);\" width=\"80\"><\/td>\n<td style=\"border-style: hidden;\">Intensive, leuchtende rubinrote Farbe.<\/td>\n<\/tr>\n<tr>\n<td style=\"border-style: hidden;\"><img decoding=\"async\" src=\"\/wp-content\/uploads\/2022\/09\/nota-de-cata-wine-tasting.svg\" alt=\"beber icono\" style=\"filter: invert(71%) sepia(9%) saturate(1353%) hue-rotate(8deg) brightness(96%) contrast(81%);\" width=\"80\"><\/td>\n<td style=\"border-style: hidden;\">Erinnert an rote und schwarze Fr\u00fcchte. Sein mineralischer Hintergrund und die leichten floralen Noten verleihen ihm Komplexit\u00e4t, ohne dass er seinen klaren und ausdrucksstarken Sortencharakter verliert.<\/td>\n<\/tr>\n<tr>\n<td style=\"border-style: hidden;\"><img decoding=\"async\" src=\"\/wp-content\/uploads\/2022\/09\/nota-de-cata-smiling-lips.svg\" alt=\"labios icono\" style=\"filter: invert(71%) sepia(9%) saturate(1353%) hue-rotate(8deg) brightness(96%) contrast(81%);\" width=\"80\"><\/td>\n<td style=\"border-style: hidden;\">Frisch, elegant, mittelkr\u00e4ftig und mit einem langen Abgang, in dem die Garnacha mit ihrer fesselnden Erinnerung verweilt.<\/td>\n<\/tr>\n<tr>\n<td style=\"border-style: hidden;\"><img decoding=\"async\" src=\"\/wp-content\/uploads\/2022\/09\/nota-de-cata-thermometer.svg\" alt=\"termometro icono\" style=\"filter: invert(71%) sepia(9%) saturate(1353%) hue-rotate(8deg) brightness(96%) contrast(81%);\" width=\"80\"><\/td>\n<td style=\"border-style: hidden;\">Serviertemperatur: 15 &#8211; 16 \u00ba C.<\/td>\n<\/tr>\n<tr>\n<td style=\"border-style: hidden;\"><img decoding=\"async\" src=\"\/wp-content\/uploads\/2022\/09\/nota-de-cata-grapes.svg\" alt=\"barrica icono\" style=\"filter: invert(71%) sepia(9%) saturate(1353%) hue-rotate(8deg) brightness(96%) contrast(81%);\" width=\"80\"><\/td>\n<td style=\"border-style: hidden;\">Nicht in Eichenf\u00e4ssern gereift.<\/td>\n<\/tr>\n<tr>\n<td style=\"border-style: hidden;\"><img decoding=\"async\" src=\"\/wp-content\/uploads\/2022\/09\/nota-de-cata-restaurant.svg\" alt=\"plato icono\" style=\"filter: invert(71%) sepia(9%) saturate(1353%) hue-rotate(8deg) brightness(96%) contrast(81%);\" width=\"80\"><\/td>\n<td style=\"border-style: hidden;\">Rotes Fleisch, Wild, Schmorgerichte und Braten.<\/td>\n<\/tr>\n<\/tbody>\n<\/table>\n<p>Der Garnacha Selecci\u00f3n ist einer unserer Bioweine, der die doppelte Anforderung an seine Herstellung erf\u00fcllt: Er stammt aus biologischen Trauben, die auf dem Terroir Hoz de Barbastro angebaut werden, und wird nach einem strengen Verfahren hergestellt. Beide Aspekte werden vom Comit\u00e9 Aragon\u00e9s de Agricultura Ecol\u00f3gica (CAAE) kontrolliert.<\/p>\n<p><img decoding=\"async\" src=\"\/wp-content\/uploads\/2022\/09\/comite-aragones-de-agricultura-ecologica-CAAE.webp\" alt=\"CAAE\"><\/p>\n","protected":false},"excerpt":{"rendered":"<p>Karton mit 6 Flaschen \u00e0 750 ml<\/p>\n","protected":false},"featured_media":2707,"template":"","meta":{"_themeisle_gutenberg_block_has_review":false},"product_brand":[],"product_cat":[96,110,122],"product_tag":[],"class_list":{"0":"post-2108","1":"product","2":"type-product","3":"status-publish","4":"has-post-thumbnail","6":"product_cat-jung","7":"product_cat-okologisch","8":"product_cat-rot","9":"pa_color-rot","10":"pa_tiempo-guarda-envejecimiento-jung","12":"first","13":"instock","14":"taxable","15":"shipping-taxable","16":"purchasable","17":"product-type-simple"},"yoast_head":"<!-- This site is optimized with the Yoast SEO plugin v24.5 - https:\/\/yoast.com\/wordpress\/plugins\/seo\/ -->\n<title>Garnacha Selecci\u00f3n ECO 2019 - Monte Odina<\/title>\n<meta name=\"robots\" content=\"index, follow, max-snippet:-1, max-image-preview:large, max-video-preview:-1\" \/>\n<link rel=\"canonical\" href=\"https:\/\/monteodina.com\/de\/producto\/garnacha-seleccion-eco-2019\/\" \/>\n<meta property=\"og:locale\" content=\"de_DE\" \/>\n<meta property=\"og:type\" content=\"article\" \/>\n<meta property=\"og:title\" content=\"Garnacha Selecci\u00f3n ECO 2019 - Monte Odina\" \/>\n<meta property=\"og:description\" content=\"Karton mit 6 Flaschen \u00e0 750 ml\" \/>\n<meta property=\"og:url\" content=\"https:\/\/monteodina.com\/de\/producto\/garnacha-seleccion-eco-2019\/\" \/>\n<meta property=\"og:site_name\" content=\"Monte Odina\" \/>\n<meta property=\"og:image\" content=\"https:\/\/monteodina.com\/wp-content\/uploads\/2022\/09\/Monte-Odina-botellas-vinos-garnacha-seleccion-600x600-1.webp\" \/>\n\t<meta property=\"og:image:width\" content=\"600\" \/>\n\t<meta property=\"og:image:height\" content=\"600\" \/>\n\t<meta property=\"og:image:type\" content=\"image\/webp\" \/>\n<meta name=\"twitter:card\" content=\"summary_large_image\" \/>\n<meta name=\"twitter:label1\" content=\"Gesch\u00e4tzte Lesezeit\" \/>\n\t<meta name=\"twitter:data1\" content=\"1\u00a0Minute\" \/>\n<script type=\"application\/ld+json\" class=\"yoast-schema-graph\">{\"@context\":\"https:\/\/schema.org\",\"@graph\":[{\"@type\":\"WebPage\",\"@id\":\"https:\/\/monteodina.com\/de\/producto\/garnacha-seleccion-eco-2019\/\",\"url\":\"https:\/\/monteodina.com\/de\/producto\/garnacha-seleccion-eco-2019\/\",\"name\":\"Garnacha Selecci\u00f3n ECO 2019 - Monte Odina\",\"isPartOf\":{\"@id\":\"https:\/\/monteodina.com\/de\/#website\"},\"primaryImageOfPage\":{\"@id\":\"https:\/\/monteodina.com\/de\/producto\/garnacha-seleccion-eco-2019\/#primaryimage\"},\"image\":{\"@id\":\"https:\/\/monteodina.com\/de\/producto\/garnacha-seleccion-eco-2019\/#primaryimage\"},\"thumbnailUrl\":\"https:\/\/monteodina.com\/wp-content\/uploads\/2025\/02\/GARNACHA-2021-ECO.webp\",\"datePublished\":\"2022-09-23T10:45:51+00:00\",\"breadcrumb\":{\"@id\":\"https:\/\/monteodina.com\/de\/producto\/garnacha-seleccion-eco-2019\/#breadcrumb\"},\"inLanguage\":\"de\",\"potentialAction\":[{\"@type\":\"ReadAction\",\"target\":[\"https:\/\/monteodina.com\/de\/producto\/garnacha-seleccion-eco-2019\/\"]}]},{\"@type\":\"ImageObject\",\"inLanguage\":\"de\",\"@id\":\"https:\/\/monteodina.com\/de\/producto\/garnacha-seleccion-eco-2019\/#primaryimage\",\"url\":\"https:\/\/monteodina.com\/wp-content\/uploads\/2025\/02\/GARNACHA-2021-ECO.webp\",\"contentUrl\":\"https:\/\/monteodina.com\/wp-content\/uploads\/2025\/02\/GARNACHA-2021-ECO.webp\",\"width\":600,\"height\":600},{\"@type\":\"BreadcrumbList\",\"@id\":\"https:\/\/monteodina.com\/de\/producto\/garnacha-seleccion-eco-2019\/#breadcrumb\",\"itemListElement\":[{\"@type\":\"ListItem\",\"position\":1,\"name\":\"Portada\",\"item\":\"https:\/\/monteodina.com\/de\/\"},{\"@type\":\"ListItem\",\"position\":2,\"name\":\"Tienda\",\"item\":\"https:\/\/monteodina.com\/tienda\/\"},{\"@type\":\"ListItem\",\"position\":3,\"name\":\"Garnacha Selecci\u00f3n ECO 2019\"}]},{\"@type\":\"WebSite\",\"@id\":\"https:\/\/monteodina.com\/de\/#website\",\"url\":\"https:\/\/monteodina.com\/de\/\",\"name\":\"Monte Odina\",\"description\":\"El Tesoro escondido del Somontano\",\"potentialAction\":[{\"@type\":\"SearchAction\",\"target\":{\"@type\":\"EntryPoint\",\"urlTemplate\":\"https:\/\/monteodina.com\/de\/?s={search_term_string}\"},\"query-input\":{\"@type\":\"PropertyValueSpecification\",\"valueRequired\":true,\"valueName\":\"search_term_string\"}}],\"inLanguage\":\"de\"}]}<\/script>\n<!-- \/ Yoast SEO plugin. -->","yoast_head_json":{"title":"Garnacha Selecci\u00f3n ECO 2019 - Monte Odina","robots":{"index":"index","follow":"follow","max-snippet":"max-snippet:-1","max-image-preview":"max-image-preview:large","max-video-preview":"max-video-preview:-1"},"canonical":"https:\/\/monteodina.com\/de\/producto\/garnacha-seleccion-eco-2019\/","og_locale":"de_DE","og_type":"article","og_title":"Garnacha Selecci\u00f3n ECO 2019 - Monte Odina","og_description":"Karton mit 6 Flaschen \u00e0 750 ml","og_url":"https:\/\/monteodina.com\/de\/producto\/garnacha-seleccion-eco-2019\/","og_site_name":"Monte Odina","og_image":[{"width":600,"height":600,"url":"https:\/\/monteodina.com\/wp-content\/uploads\/2022\/09\/Monte-Odina-botellas-vinos-garnacha-seleccion-600x600-1.webp","type":"image\/webp"}],"twitter_card":"summary_large_image","twitter_misc":{"Gesch\u00e4tzte Lesezeit":"1\u00a0Minute"},"schema":{"@context":"https:\/\/schema.org","@graph":[{"@type":"WebPage","@id":"https:\/\/monteodina.com\/de\/producto\/garnacha-seleccion-eco-2019\/","url":"https:\/\/monteodina.com\/de\/producto\/garnacha-seleccion-eco-2019\/","name":"Garnacha Selecci\u00f3n ECO 2019 - Monte Odina","isPartOf":{"@id":"https:\/\/monteodina.com\/de\/#website"},"primaryImageOfPage":{"@id":"https:\/\/monteodina.com\/de\/producto\/garnacha-seleccion-eco-2019\/#primaryimage"},"image":{"@id":"https:\/\/monteodina.com\/de\/producto\/garnacha-seleccion-eco-2019\/#primaryimage"},"thumbnailUrl":"https:\/\/monteodina.com\/wp-content\/uploads\/2025\/02\/GARNACHA-2021-ECO.webp","datePublished":"2022-09-23T10:45:51+00:00","breadcrumb":{"@id":"https:\/\/monteodina.com\/de\/producto\/garnacha-seleccion-eco-2019\/#breadcrumb"},"inLanguage":"de","potentialAction":[{"@type":"ReadAction","target":["https:\/\/monteodina.com\/de\/producto\/garnacha-seleccion-eco-2019\/"]}]},{"@type":"ImageObject","inLanguage":"de","@id":"https:\/\/monteodina.com\/de\/producto\/garnacha-seleccion-eco-2019\/#primaryimage","url":"https:\/\/monteodina.com\/wp-content\/uploads\/2025\/02\/GARNACHA-2021-ECO.webp","contentUrl":"https:\/\/monteodina.com\/wp-content\/uploads\/2025\/02\/GARNACHA-2021-ECO.webp","width":600,"height":600},{"@type":"BreadcrumbList","@id":"https:\/\/monteodina.com\/de\/producto\/garnacha-seleccion-eco-2019\/#breadcrumb","itemListElement":[{"@type":"ListItem","position":1,"name":"Portada","item":"https:\/\/monteodina.com\/de\/"},{"@type":"ListItem","position":2,"name":"Tienda","item":"https:\/\/monteodina.com\/tienda\/"},{"@type":"ListItem","position":3,"name":"Garnacha Selecci\u00f3n ECO 2019"}]},{"@type":"WebSite","@id":"https:\/\/monteodina.com\/de\/#website","url":"https:\/\/monteodina.com\/de\/","name":"Monte Odina","description":"El Tesoro escondido del Somontano","potentialAction":[{"@type":"SearchAction","target":{"@type":"EntryPoint","urlTemplate":"https:\/\/monteodina.com\/de\/?s={search_term_string}"},"query-input":{"@type":"PropertyValueSpecification","valueRequired":true,"valueName":"search_term_string"}}],"inLanguage":"de"}]}},"_links":{"self":[{"href":"https:\/\/monteodina.com\/de\/wp-json\/wp\/v2\/product\/2108"}],"collection":[{"href":"https:\/\/monteodina.com\/de\/wp-json\/wp\/v2\/product"}],"about":[{"href":"https:\/\/monteodina.com\/de\/wp-json\/wp\/v2\/types\/product"}],"version-history":[{"count":1,"href":"https:\/\/monteodina.com\/de\/wp-json\/wp\/v2\/product\/2108\/revisions"}],"predecessor-version":[{"id":2512,"href":"https:\/\/monteodina.com\/de\/wp-json\/wp\/v2\/product\/2108\/revisions\/2512"}],"wp:featuredmedia":[{"embeddable":true,"href":"https:\/\/monteodina.com\/de\/wp-json\/wp\/v2\/media\/2707"}],"wp:attachment":[{"href":"https:\/\/monteodina.com\/de\/wp-json\/wp\/v2\/media?parent=2108"}],"wp:term":[{"taxonomy":"product_brand","embeddable":true,"href":"https:\/\/monteodina.com\/de\/wp-json\/wp\/v2\/product_brand?post=2108"},{"taxonomy":"product_cat","embeddable":true,"href":"https:\/\/monteodina.com\/de\/wp-json\/wp\/v2\/product_cat?post=2108"},{"taxonomy":"product_tag","embeddable":true,"href":"https:\/\/monteodina.com\/de\/wp-json\/wp\/v2\/product_tag?post=2108"}],"curies":[{"name":"wp","href":"https:\/\/api.w.org\/{rel}","templated":true}]}}