{"id":2117,"date":"2022-09-23T10:32:42","date_gmt":"2022-09-23T10:32:42","guid":{"rendered":"https:\/\/monteodina.com\/producto\/valentina-eco-2019\/"},"modified":"2022-09-23T10:32:42","modified_gmt":"2022-09-23T10:32:42","slug":"valentina-eco-2019","status":"publish","type":"product","link":"https:\/\/monteodina.com\/de\/producto\/valentina-eco-2019\/","title":{"rendered":"Valentina ECO 2019"},"content":{"rendered":"<p>Karton mit 6 Flaschen \u00e0 750 ml<\/p>\n<p>Biowein aus den Reben unserer besten Weinberge, die auf einer H\u00f6he von 700 m liegen und zusammen mit den tiefen Kalk-Lehm-B\u00f6den jeder der Rebsorten, aus denen diese Cuv\u00e9e besteht, die M\u00f6glichkeit geben, ihre volle Pracht zu entfalten.<\/p>\n<p>\u201eEine weitere Biene schwirrte durch die Luft und n\u00e4herte sich manchmal Valentinas Haar, das golden in der Sonne gl\u00e4nzte, wobei zwei ihrer Beinchen baumelten, als ob sie gleich abfallen w\u00fcrden\u201c.<br \/>\n\u2015 Ram\u00f3n J. Sender<\/p>\n<p>Verkostungsnotizen<\/p>\n<table style=\"border-style: hidden;\">\n<tbody>\n<tr>\n<td style=\"border-style: hidden;\"><img decoding=\"async\" src=\"\/wp-content\/uploads\/2022\/09\/nota-de-cata-eye.svg\" alt=\"ojo icono\" style=\"filter: invert(71%) sepia(9%) saturate(1353%) hue-rotate(8deg) brightness(96%) contrast(81%);\" width=\"80\"><\/td>\n<td style=\"border-style: hidden;\">Leuchtend kirschrote Farbe mit violettem Rand. Intensiv und sehr attraktiv.<\/td>\n<\/tr>\n<tr>\n<td style=\"border-style: hidden;\"><img decoding=\"async\" src=\"\/wp-content\/uploads\/2022\/09\/nota-de-cata-wine-tasting.svg\" alt=\"beber icono\" style=\"filter: invert(71%) sepia(9%) saturate(1353%) hue-rotate(8deg) brightness(96%) contrast(81%);\" width=\"80\"><\/td>\n<td style=\"border-style: hidden;\">Saubere und intensive Aromen, rote und schwarze Fr\u00fcchte; es erscheinen blumige Noten (Veilchen).<\/td>\n<\/tr>\n<tr>\n<td style=\"border-style: hidden;\"><img decoding=\"async\" src=\"\/wp-content\/uploads\/2022\/09\/nota-de-cata-smiling-lips.svg\" alt=\"labios icono\" style=\"filter: invert(71%) sepia(9%) saturate(1353%) hue-rotate(8deg) brightness(96%) contrast(81%);\" width=\"80\"><\/td>\n<td style=\"border-style: hidden;\">Ausgewogenes Verh\u00e4ltnis zwischen S\u00e4urekomponenten und hochwertigen Tanninen, die Frische und Langlebigkeit verleihen.<\/td>\n<\/tr>\n<tr>\n<td style=\"border-style: hidden;\"><img decoding=\"async\" src=\"\/wp-content\/uploads\/2022\/09\/nota-de-cata-thermometer.svg\" alt=\"termometro icono\" style=\"filter: invert(71%) sepia(9%) saturate(1353%) hue-rotate(8deg) brightness(96%) contrast(81%);\" width=\"80\"><\/td>\n<td style=\"border-style: hidden;\">Serviertemperatur 13 &#8211; 15\u00baC.<\/td>\n<\/tr>\n<tr>\n<td style=\"border-style: hidden;\"><img decoding=\"async\" src=\"\/wp-content\/uploads\/2022\/09\/nota-de-cata-grapes.svg\" alt=\"barrica icono\" style=\"filter: invert(71%) sepia(9%) saturate(1353%) hue-rotate(8deg) brightness(96%) contrast(81%);\" width=\"80\"><\/td>\n<td style=\"border-style: hidden;\">Nicht in Eichenf\u00e4ssern gereift.<\/td>\n<\/tr>\n<tr>\n<td style=\"border-style: hidden;\"><img decoding=\"async\" src=\"\/wp-content\/uploads\/2022\/09\/nota-de-cata-restaurant.svg\" alt=\"plato icono\" style=\"filter: invert(71%) sepia(9%) saturate(1353%) hue-rotate(8deg) brightness(96%) contrast(81%);\" width=\"80\"><\/td>\n<td style=\"border-style: hidden;\">Rotes Fleisch, Wild, ger\u00e4ucherte K\u00e4sesorten&#8230;<\/td>\n<\/tr>\n<\/tbody>\n<\/table>\n<p>Valentina ist der erste unserer Bioweine, der die doppelte Anforderung an seine Herstellung erf\u00fcllt: Er stammt aus Biotrauben, die auf dem Terroir Hoz de Barbastro angebaut werden, und wird nach einem strengen Verfahren hergestellt. Beide Aspekte werden vom Comit\u00e9 Aragon\u00e9s de Agricultura Ecol\u00f3gica (CAAE) kontrolliert.<\/p>\n<p><img decoding=\"async\" src=\"https:\/\/monteodina.com\/wp-content\/uploads\/2022\/09\/comite-aragones-de-agricultura-ecologica-CAAE.webp\" alt=\"CAAE\"><\/p>\n","protected":false},"excerpt":{"rendered":"<p>Karton mit 6 Flaschen \u00e0 750 ml<\/p>\n","protected":false},"featured_media":1682,"template":"","meta":{"_themeisle_gutenberg_block_has_review":false},"product_brand":[],"product_cat":[96,110,122],"product_tag":[111],"class_list":{"0":"post-2117","1":"product","2":"type-product","3":"status-publish","4":"has-post-thumbnail","6":"product_cat-jung","7":"product_cat-okologisch","8":"product_cat-rot","9":"product_tag-ramon-j-sender-de","10":"pa_color-rot","11":"pa_tiempo-guarda-envejecimiento-jung","13":"first","14":"instock","15":"taxable","16":"shipping-taxable","17":"purchasable","18":"product-type-simple"},"yoast_head":"<!-- This site is optimized with the Yoast SEO plugin v24.5 - https:\/\/yoast.com\/wordpress\/plugins\/seo\/ -->\n<title>Valentina ECO 2019 - Monte Odina<\/title>\n<meta name=\"robots\" content=\"index, follow, max-snippet:-1, max-image-preview:large, max-video-preview:-1\" \/>\n<link rel=\"canonical\" href=\"https:\/\/monteodina.com\/de\/producto\/valentina-eco-2019\/\" \/>\n<meta property=\"og:locale\" content=\"de_DE\" \/>\n<meta property=\"og:type\" content=\"article\" \/>\n<meta property=\"og:title\" content=\"Valentina ECO 2019 - Monte Odina\" \/>\n<meta property=\"og:description\" content=\"Karton mit 6 Flaschen \u00e0 750 ml\" \/>\n<meta property=\"og:url\" content=\"https:\/\/monteodina.com\/de\/producto\/valentina-eco-2019\/\" \/>\n<meta property=\"og:site_name\" content=\"Monte Odina\" \/>\n<meta property=\"og:image\" content=\"https:\/\/monteodina.com\/wp-content\/uploads\/2022\/09\/Monte-Odina-botellas-vinos-valentina-600x600-1.webp\" \/>\n\t<meta property=\"og:image:width\" content=\"600\" \/>\n\t<meta property=\"og:image:height\" content=\"600\" \/>\n\t<meta property=\"og:image:type\" content=\"image\/webp\" \/>\n<meta name=\"twitter:card\" content=\"summary_large_image\" \/>\n<meta name=\"twitter:label1\" content=\"Gesch\u00e4tzte Lesezeit\" \/>\n\t<meta name=\"twitter:data1\" content=\"1\u00a0Minute\" \/>\n<script type=\"application\/ld+json\" class=\"yoast-schema-graph\">{\"@context\":\"https:\/\/schema.org\",\"@graph\":[{\"@type\":\"WebPage\",\"@id\":\"https:\/\/monteodina.com\/de\/producto\/valentina-eco-2019\/\",\"url\":\"https:\/\/monteodina.com\/de\/producto\/valentina-eco-2019\/\",\"name\":\"Valentina ECO 2019 - Monte Odina\",\"isPartOf\":{\"@id\":\"https:\/\/monteodina.com\/de\/#website\"},\"primaryImageOfPage\":{\"@id\":\"https:\/\/monteodina.com\/de\/producto\/valentina-eco-2019\/#primaryimage\"},\"image\":{\"@id\":\"https:\/\/monteodina.com\/de\/producto\/valentina-eco-2019\/#primaryimage\"},\"thumbnailUrl\":\"https:\/\/monteodina.com\/wp-content\/uploads\/2022\/09\/Monte-Odina-botellas-vinos-valentina-600x600-1.webp\",\"datePublished\":\"2022-09-23T10:32:42+00:00\",\"breadcrumb\":{\"@id\":\"https:\/\/monteodina.com\/de\/producto\/valentina-eco-2019\/#breadcrumb\"},\"inLanguage\":\"de\",\"potentialAction\":[{\"@type\":\"ReadAction\",\"target\":[\"https:\/\/monteodina.com\/de\/producto\/valentina-eco-2019\/\"]}]},{\"@type\":\"ImageObject\",\"inLanguage\":\"de\",\"@id\":\"https:\/\/monteodina.com\/de\/producto\/valentina-eco-2019\/#primaryimage\",\"url\":\"https:\/\/monteodina.com\/wp-content\/uploads\/2022\/09\/Monte-Odina-botellas-vinos-valentina-600x600-1.webp\",\"contentUrl\":\"https:\/\/monteodina.com\/wp-content\/uploads\/2022\/09\/Monte-Odina-botellas-vinos-valentina-600x600-1.webp\",\"width\":600,\"height\":600,\"caption\":\"Monte Odina - Valentina\"},{\"@type\":\"BreadcrumbList\",\"@id\":\"https:\/\/monteodina.com\/de\/producto\/valentina-eco-2019\/#breadcrumb\",\"itemListElement\":[{\"@type\":\"ListItem\",\"position\":1,\"name\":\"Portada\",\"item\":\"https:\/\/monteodina.com\/de\/\"},{\"@type\":\"ListItem\",\"position\":2,\"name\":\"Tienda\",\"item\":\"https:\/\/monteodina.com\/tienda\/\"},{\"@type\":\"ListItem\",\"position\":3,\"name\":\"Valentina ECO 2019\"}]},{\"@type\":\"WebSite\",\"@id\":\"https:\/\/monteodina.com\/de\/#website\",\"url\":\"https:\/\/monteodina.com\/de\/\",\"name\":\"Monte Odina\",\"description\":\"El Tesoro escondido del Somontano\",\"potentialAction\":[{\"@type\":\"SearchAction\",\"target\":{\"@type\":\"EntryPoint\",\"urlTemplate\":\"https:\/\/monteodina.com\/de\/?s={search_term_string}\"},\"query-input\":{\"@type\":\"PropertyValueSpecification\",\"valueRequired\":true,\"valueName\":\"search_term_string\"}}],\"inLanguage\":\"de\"}]}<\/script>\n<!-- \/ Yoast SEO plugin. -->","yoast_head_json":{"title":"Valentina ECO 2019 - Monte Odina","robots":{"index":"index","follow":"follow","max-snippet":"max-snippet:-1","max-image-preview":"max-image-preview:large","max-video-preview":"max-video-preview:-1"},"canonical":"https:\/\/monteodina.com\/de\/producto\/valentina-eco-2019\/","og_locale":"de_DE","og_type":"article","og_title":"Valentina ECO 2019 - Monte Odina","og_description":"Karton mit 6 Flaschen \u00e0 750 ml","og_url":"https:\/\/monteodina.com\/de\/producto\/valentina-eco-2019\/","og_site_name":"Monte Odina","og_image":[{"width":600,"height":600,"url":"https:\/\/monteodina.com\/wp-content\/uploads\/2022\/09\/Monte-Odina-botellas-vinos-valentina-600x600-1.webp","type":"image\/webp"}],"twitter_card":"summary_large_image","twitter_misc":{"Gesch\u00e4tzte Lesezeit":"1\u00a0Minute"},"schema":{"@context":"https:\/\/schema.org","@graph":[{"@type":"WebPage","@id":"https:\/\/monteodina.com\/de\/producto\/valentina-eco-2019\/","url":"https:\/\/monteodina.com\/de\/producto\/valentina-eco-2019\/","name":"Valentina ECO 2019 - Monte Odina","isPartOf":{"@id":"https:\/\/monteodina.com\/de\/#website"},"primaryImageOfPage":{"@id":"https:\/\/monteodina.com\/de\/producto\/valentina-eco-2019\/#primaryimage"},"image":{"@id":"https:\/\/monteodina.com\/de\/producto\/valentina-eco-2019\/#primaryimage"},"thumbnailUrl":"https:\/\/monteodina.com\/wp-content\/uploads\/2022\/09\/Monte-Odina-botellas-vinos-valentina-600x600-1.webp","datePublished":"2022-09-23T10:32:42+00:00","breadcrumb":{"@id":"https:\/\/monteodina.com\/de\/producto\/valentina-eco-2019\/#breadcrumb"},"inLanguage":"de","potentialAction":[{"@type":"ReadAction","target":["https:\/\/monteodina.com\/de\/producto\/valentina-eco-2019\/"]}]},{"@type":"ImageObject","inLanguage":"de","@id":"https:\/\/monteodina.com\/de\/producto\/valentina-eco-2019\/#primaryimage","url":"https:\/\/monteodina.com\/wp-content\/uploads\/2022\/09\/Monte-Odina-botellas-vinos-valentina-600x600-1.webp","contentUrl":"https:\/\/monteodina.com\/wp-content\/uploads\/2022\/09\/Monte-Odina-botellas-vinos-valentina-600x600-1.webp","width":600,"height":600,"caption":"Monte Odina - Valentina"},{"@type":"BreadcrumbList","@id":"https:\/\/monteodina.com\/de\/producto\/valentina-eco-2019\/#breadcrumb","itemListElement":[{"@type":"ListItem","position":1,"name":"Portada","item":"https:\/\/monteodina.com\/de\/"},{"@type":"ListItem","position":2,"name":"Tienda","item":"https:\/\/monteodina.com\/tienda\/"},{"@type":"ListItem","position":3,"name":"Valentina ECO 2019"}]},{"@type":"WebSite","@id":"https:\/\/monteodina.com\/de\/#website","url":"https:\/\/monteodina.com\/de\/","name":"Monte Odina","description":"El Tesoro escondido del Somontano","potentialAction":[{"@type":"SearchAction","target":{"@type":"EntryPoint","urlTemplate":"https:\/\/monteodina.com\/de\/?s={search_term_string}"},"query-input":{"@type":"PropertyValueSpecification","valueRequired":true,"valueName":"search_term_string"}}],"inLanguage":"de"}]}},"_links":{"self":[{"href":"https:\/\/monteodina.com\/de\/wp-json\/wp\/v2\/product\/2117"}],"collection":[{"href":"https:\/\/monteodina.com\/de\/wp-json\/wp\/v2\/product"}],"about":[{"href":"https:\/\/monteodina.com\/de\/wp-json\/wp\/v2\/types\/product"}],"version-history":[{"count":0,"href":"https:\/\/monteodina.com\/de\/wp-json\/wp\/v2\/product\/2117\/revisions"}],"wp:featuredmedia":[{"embeddable":true,"href":"https:\/\/monteodina.com\/de\/wp-json\/wp\/v2\/media\/1682"}],"wp:attachment":[{"href":"https:\/\/monteodina.com\/de\/wp-json\/wp\/v2\/media?parent=2117"}],"wp:term":[{"taxonomy":"product_brand","embeddable":true,"href":"https:\/\/monteodina.com\/de\/wp-json\/wp\/v2\/product_brand?post=2117"},{"taxonomy":"product_cat","embeddable":true,"href":"https:\/\/monteodina.com\/de\/wp-json\/wp\/v2\/product_cat?post=2117"},{"taxonomy":"product_tag","embeddable":true,"href":"https:\/\/monteodina.com\/de\/wp-json\/wp\/v2\/product_tag?post=2117"}],"curies":[{"name":"wp","href":"https:\/\/api.w.org\/{rel}","templated":true}]}}