{"id":2120,"date":"2022-09-23T11:18:22","date_gmt":"2022-09-23T11:18:22","guid":{"rendered":"https:\/\/monteodina.com\/producto\/prosa-reserva-eco-2018\/"},"modified":"2022-09-23T11:18:22","modified_gmt":"2022-09-23T11:18:22","slug":"prosa-reserva-eco-2018","status":"publish","type":"product","link":"https:\/\/monteodina.com\/de\/producto\/prosa-reserva-eco-2018\/","title":{"rendered":"Prosa Reserva ECO 2018"},"content":{"rendered":"<p>Karton mit 6 Flaschen \u00e0 750 ml<\/p>\n<p>Bio-Reserve. Eine Mischung aus Garnacha Tinta, Syrah, Tempranillo und Merlot.<\/p>\n<p>Verkostungsnotizen<\/p>\n<table style=\"border-style: hidden;\">\n<tbody>\n<tr>\n<td style=\"border-style: hidden;\"><img decoding=\"async\" style=\"filter: invert(71%) sepia(9%) saturate(1353%) hue-rotate(8deg) brightness(96%) contrast(81%);\" src=\"\/wp-content\/uploads\/2022\/09\/nota-de-cata-eye.svg\" alt=\"ojo icono\" width=\"80\"><\/td>\n<td style=\"border-style: hidden;\">Leuchtendes, attraktives Violett mit hoher Schicht.<\/td>\n<\/tr>\n<tr>\n<td style=\"border-style: hidden;\"><img decoding=\"async\" style=\"filter: invert(71%) sepia(9%) saturate(1353%) hue-rotate(8deg) brightness(96%) contrast(81%);\" src=\"\/wp-content\/uploads\/2022\/09\/nota-de-cata-wine-tasting.svg\" alt=\"beber icono\" width=\"80\"><\/td>\n<td style=\"border-style: hidden;\">Saubere und intensive Aromen. Rote Fr\u00fcchte und Trockenfr\u00fcchte treten in den Vordergrund, gefolgt von einem balsamischen Hintergrund und leichten mineralischen Noten.<\/td>\n<\/tr>\n<tr>\n<td style=\"border-style: hidden;\"><img decoding=\"async\" style=\"filter: invert(71%) sepia(9%) saturate(1353%) hue-rotate(8deg) brightness(96%) contrast(81%);\" src=\"\/wp-content\/uploads\/2022\/09\/nota-de-cata-smiling-lips.svg\" alt=\"labios icono\" width=\"80\"><\/td>\n<td style=\"border-style: hidden;\">Am Gaumen fest und entschieden, mit einem guten Abgang. Ausgewogenes Gef\u00fchl mit einer S\u00e4ure, die Frische bringt. Langer und angenehmer Nachgeschmack.<\/td>\n<\/tr>\n<tr>\n<td style=\"border-style: hidden;\"><img decoding=\"async\" style=\"filter: invert(71%) sepia(9%) saturate(1353%) hue-rotate(8deg) brightness(96%) contrast(81%);\" src=\"\/wp-content\/uploads\/2022\/09\/nota-de-cata-thermometer.svg\" alt=\"termometro icono\" width=\"80\"><\/td>\n<td style=\"border-style: hidden;\">Serviertemperatur: 16-18\u00ba C<\/td>\n<\/tr>\n<tr>\n<td style=\"border-style: hidden;\"><img decoding=\"async\" style=\"filter: invert(71%) sepia(9%) saturate(1353%) hue-rotate(8deg) brightness(96%) contrast(81%);\" src=\"\/wp-content\/uploads\/2022\/09\/nota-de-cata-grapes.svg\" alt=\"barrica icono\" width=\"80\"><\/td>\n<td style=\"border-style: hidden;\">14 Monate lang in F\u00e4ssern aus franz\u00f6sischer Eiche (B\u00f6den) und amerikanischer Eiche (Dauben) gereift.<\/td>\n<\/tr>\n<tr>\n<td style=\"border-style: hidden;\"><img decoding=\"async\" style=\"filter: invert(71%) sepia(9%) saturate(1353%) hue-rotate(8deg) brightness(96%) contrast(81%);\" src=\"\/wp-content\/uploads\/2022\/09\/nota-de-cata-restaurant.svg\" alt=\"plato icono\" width=\"80\"><\/td>\n<td style=\"border-style: hidden;\">Braten, ger\u00e4ucherter K\u00e4se, Pilze und Tr\u00fcffel.<\/td>\n<\/tr>\n<\/tbody>\n<\/table>\n<p>Prosa ist einer unserer Bioweine, die in Bezug auf ihre Herstellung die doppelte Anforderung erf\u00fcllen: Sie stammen aus biologischen Trauben, die auf dem Terroir Hoz de Barbastro angebaut werden, und werden nach einem strengen Verfahren hergestellt. Beide Aspekte werden vom Comit\u00e9 Aragon\u00e9s de Agricultura Ecol\u00f3gica (CAAE) kontrolliert.<\/p>\n<p><img decoding=\"async\" src=\"\/wp-content\/uploads\/2022\/09\/comite-aragones-de-agricultura-ecologica-CAAE.webp\" alt=\"CAAE\"><\/p>\n","protected":false},"excerpt":{"rendered":"<p>Karton mit 6 Flaschen \u00e0 750 ml<\/p>\n","protected":false},"featured_media":1679,"template":"","meta":{"_themeisle_gutenberg_block_has_review":false},"product_brand":[],"product_cat":[123,110,122],"product_tag":[],"class_list":{"0":"post-2120","1":"product","2":"type-product","3":"status-publish","4":"has-post-thumbnail","6":"product_cat-fassreifung","7":"product_cat-okologisch","8":"product_cat-rot","9":"pa_tiempo-guarda-envejecimiento-fassreifung","11":"first","12":"instock","13":"taxable","14":"shipping-taxable","15":"purchasable","16":"product-type-simple"},"yoast_head":"<!-- This site is optimized with the Yoast SEO plugin v24.5 - https:\/\/yoast.com\/wordpress\/plugins\/seo\/ -->\n<title>Prosa Reserva ECO 2018 - Monte Odina<\/title>\n<meta name=\"description\" content=\"Prosa ist einer unserer Bioweine. Leuchtendes, attraktives Violett mit hoher Schicht. Am Gaumen fest und entschieden, mit einem guten Abgang.\" \/>\n<meta name=\"robots\" content=\"index, follow, max-snippet:-1, max-image-preview:large, max-video-preview:-1\" \/>\n<link rel=\"canonical\" href=\"https:\/\/monteodina.com\/de\/producto\/prosa-reserva-eco-2018\/\" \/>\n<meta property=\"og:locale\" content=\"de_DE\" \/>\n<meta property=\"og:type\" content=\"article\" \/>\n<meta property=\"og:title\" content=\"Prosa Reserva ECO 2018 - Monte Odina\" \/>\n<meta property=\"og:description\" content=\"Prosa ist einer unserer Bioweine. Leuchtendes, attraktives Violett mit hoher Schicht. Am Gaumen fest und entschieden, mit einem guten Abgang.\" \/>\n<meta property=\"og:url\" content=\"https:\/\/monteodina.com\/de\/producto\/prosa-reserva-eco-2018\/\" \/>\n<meta property=\"og:site_name\" content=\"Monte Odina\" \/>\n<meta property=\"og:image\" content=\"https:\/\/monteodina.com\/wp-content\/uploads\/2022\/09\/Monte-Odina-botellas-vinos-prosa-600x600-1.webp\" \/>\n\t<meta property=\"og:image:width\" content=\"600\" \/>\n\t<meta property=\"og:image:height\" content=\"600\" \/>\n\t<meta property=\"og:image:type\" content=\"image\/webp\" \/>\n<meta name=\"twitter:card\" content=\"summary_large_image\" \/>\n<meta name=\"twitter:label1\" content=\"Gesch\u00e4tzte Lesezeit\" \/>\n\t<meta name=\"twitter:data1\" content=\"1\u00a0Minute\" \/>\n<script type=\"application\/ld+json\" class=\"yoast-schema-graph\">{\"@context\":\"https:\/\/schema.org\",\"@graph\":[{\"@type\":\"WebPage\",\"@id\":\"https:\/\/monteodina.com\/de\/producto\/prosa-reserva-eco-2018\/\",\"url\":\"https:\/\/monteodina.com\/de\/producto\/prosa-reserva-eco-2018\/\",\"name\":\"Prosa Reserva ECO 2018 - Monte Odina\",\"isPartOf\":{\"@id\":\"https:\/\/monteodina.com\/de\/#website\"},\"primaryImageOfPage\":{\"@id\":\"https:\/\/monteodina.com\/de\/producto\/prosa-reserva-eco-2018\/#primaryimage\"},\"image\":{\"@id\":\"https:\/\/monteodina.com\/de\/producto\/prosa-reserva-eco-2018\/#primaryimage\"},\"thumbnailUrl\":\"https:\/\/monteodina.com\/wp-content\/uploads\/2022\/09\/Monte-Odina-botellas-vinos-prosa-600x600-1.webp\",\"datePublished\":\"2022-09-23T11:18:22+00:00\",\"description\":\"Prosa ist einer unserer Bioweine. Leuchtendes, attraktives Violett mit hoher Schicht. Am Gaumen fest und entschieden, mit einem guten Abgang.\",\"breadcrumb\":{\"@id\":\"https:\/\/monteodina.com\/de\/producto\/prosa-reserva-eco-2018\/#breadcrumb\"},\"inLanguage\":\"de\",\"potentialAction\":[{\"@type\":\"ReadAction\",\"target\":[\"https:\/\/monteodina.com\/de\/producto\/prosa-reserva-eco-2018\/\"]}]},{\"@type\":\"ImageObject\",\"inLanguage\":\"de\",\"@id\":\"https:\/\/monteodina.com\/de\/producto\/prosa-reserva-eco-2018\/#primaryimage\",\"url\":\"https:\/\/monteodina.com\/wp-content\/uploads\/2022\/09\/Monte-Odina-botellas-vinos-prosa-600x600-1.webp\",\"contentUrl\":\"https:\/\/monteodina.com\/wp-content\/uploads\/2022\/09\/Monte-Odina-botellas-vinos-prosa-600x600-1.webp\",\"width\":600,\"height\":600,\"caption\":\"Monte Odina - Prosa\"},{\"@type\":\"BreadcrumbList\",\"@id\":\"https:\/\/monteodina.com\/de\/producto\/prosa-reserva-eco-2018\/#breadcrumb\",\"itemListElement\":[{\"@type\":\"ListItem\",\"position\":1,\"name\":\"Portada\",\"item\":\"https:\/\/monteodina.com\/de\/\"},{\"@type\":\"ListItem\",\"position\":2,\"name\":\"Tienda\",\"item\":\"https:\/\/monteodina.com\/tienda\/\"},{\"@type\":\"ListItem\",\"position\":3,\"name\":\"Prosa Reserva ECO 2018\"}]},{\"@type\":\"WebSite\",\"@id\":\"https:\/\/monteodina.com\/de\/#website\",\"url\":\"https:\/\/monteodina.com\/de\/\",\"name\":\"Monte Odina\",\"description\":\"El Tesoro escondido del Somontano\",\"potentialAction\":[{\"@type\":\"SearchAction\",\"target\":{\"@type\":\"EntryPoint\",\"urlTemplate\":\"https:\/\/monteodina.com\/de\/?s={search_term_string}\"},\"query-input\":{\"@type\":\"PropertyValueSpecification\",\"valueRequired\":true,\"valueName\":\"search_term_string\"}}],\"inLanguage\":\"de\"}]}<\/script>\n<!-- \/ Yoast SEO plugin. -->","yoast_head_json":{"title":"Prosa Reserva ECO 2018 - Monte Odina","description":"Prosa ist einer unserer Bioweine. Leuchtendes, attraktives Violett mit hoher Schicht. Am Gaumen fest und entschieden, mit einem guten Abgang.","robots":{"index":"index","follow":"follow","max-snippet":"max-snippet:-1","max-image-preview":"max-image-preview:large","max-video-preview":"max-video-preview:-1"},"canonical":"https:\/\/monteodina.com\/de\/producto\/prosa-reserva-eco-2018\/","og_locale":"de_DE","og_type":"article","og_title":"Prosa Reserva ECO 2018 - Monte Odina","og_description":"Prosa ist einer unserer Bioweine. Leuchtendes, attraktives Violett mit hoher Schicht. Am Gaumen fest und entschieden, mit einem guten Abgang.","og_url":"https:\/\/monteodina.com\/de\/producto\/prosa-reserva-eco-2018\/","og_site_name":"Monte Odina","og_image":[{"width":600,"height":600,"url":"https:\/\/monteodina.com\/wp-content\/uploads\/2022\/09\/Monte-Odina-botellas-vinos-prosa-600x600-1.webp","type":"image\/webp"}],"twitter_card":"summary_large_image","twitter_misc":{"Gesch\u00e4tzte Lesezeit":"1\u00a0Minute"},"schema":{"@context":"https:\/\/schema.org","@graph":[{"@type":"WebPage","@id":"https:\/\/monteodina.com\/de\/producto\/prosa-reserva-eco-2018\/","url":"https:\/\/monteodina.com\/de\/producto\/prosa-reserva-eco-2018\/","name":"Prosa Reserva ECO 2018 - Monte Odina","isPartOf":{"@id":"https:\/\/monteodina.com\/de\/#website"},"primaryImageOfPage":{"@id":"https:\/\/monteodina.com\/de\/producto\/prosa-reserva-eco-2018\/#primaryimage"},"image":{"@id":"https:\/\/monteodina.com\/de\/producto\/prosa-reserva-eco-2018\/#primaryimage"},"thumbnailUrl":"https:\/\/monteodina.com\/wp-content\/uploads\/2022\/09\/Monte-Odina-botellas-vinos-prosa-600x600-1.webp","datePublished":"2022-09-23T11:18:22+00:00","description":"Prosa ist einer unserer Bioweine. Leuchtendes, attraktives Violett mit hoher Schicht. Am Gaumen fest und entschieden, mit einem guten Abgang.","breadcrumb":{"@id":"https:\/\/monteodina.com\/de\/producto\/prosa-reserva-eco-2018\/#breadcrumb"},"inLanguage":"de","potentialAction":[{"@type":"ReadAction","target":["https:\/\/monteodina.com\/de\/producto\/prosa-reserva-eco-2018\/"]}]},{"@type":"ImageObject","inLanguage":"de","@id":"https:\/\/monteodina.com\/de\/producto\/prosa-reserva-eco-2018\/#primaryimage","url":"https:\/\/monteodina.com\/wp-content\/uploads\/2022\/09\/Monte-Odina-botellas-vinos-prosa-600x600-1.webp","contentUrl":"https:\/\/monteodina.com\/wp-content\/uploads\/2022\/09\/Monte-Odina-botellas-vinos-prosa-600x600-1.webp","width":600,"height":600,"caption":"Monte Odina - Prosa"},{"@type":"BreadcrumbList","@id":"https:\/\/monteodina.com\/de\/producto\/prosa-reserva-eco-2018\/#breadcrumb","itemListElement":[{"@type":"ListItem","position":1,"name":"Portada","item":"https:\/\/monteodina.com\/de\/"},{"@type":"ListItem","position":2,"name":"Tienda","item":"https:\/\/monteodina.com\/tienda\/"},{"@type":"ListItem","position":3,"name":"Prosa Reserva ECO 2018"}]},{"@type":"WebSite","@id":"https:\/\/monteodina.com\/de\/#website","url":"https:\/\/monteodina.com\/de\/","name":"Monte Odina","description":"El Tesoro escondido del Somontano","potentialAction":[{"@type":"SearchAction","target":{"@type":"EntryPoint","urlTemplate":"https:\/\/monteodina.com\/de\/?s={search_term_string}"},"query-input":{"@type":"PropertyValueSpecification","valueRequired":true,"valueName":"search_term_string"}}],"inLanguage":"de"}]}},"_links":{"self":[{"href":"https:\/\/monteodina.com\/de\/wp-json\/wp\/v2\/product\/2120"}],"collection":[{"href":"https:\/\/monteodina.com\/de\/wp-json\/wp\/v2\/product"}],"about":[{"href":"https:\/\/monteodina.com\/de\/wp-json\/wp\/v2\/types\/product"}],"version-history":[{"count":1,"href":"https:\/\/monteodina.com\/de\/wp-json\/wp\/v2\/product\/2120\/revisions"}],"predecessor-version":[{"id":2511,"href":"https:\/\/monteodina.com\/de\/wp-json\/wp\/v2\/product\/2120\/revisions\/2511"}],"wp:featuredmedia":[{"embeddable":true,"href":"https:\/\/monteodina.com\/de\/wp-json\/wp\/v2\/media\/1679"}],"wp:attachment":[{"href":"https:\/\/monteodina.com\/de\/wp-json\/wp\/v2\/media?parent=2120"}],"wp:term":[{"taxonomy":"product_brand","embeddable":true,"href":"https:\/\/monteodina.com\/de\/wp-json\/wp\/v2\/product_brand?post=2120"},{"taxonomy":"product_cat","embeddable":true,"href":"https:\/\/monteodina.com\/de\/wp-json\/wp\/v2\/product_cat?post=2120"},{"taxonomy":"product_tag","embeddable":true,"href":"https:\/\/monteodina.com\/de\/wp-json\/wp\/v2\/product_tag?post=2120"}],"curies":[{"name":"wp","href":"https:\/\/api.w.org\/{rel}","templated":true}]}}