{"id":2191,"date":"2022-09-23T10:58:13","date_gmt":"2022-09-23T10:58:13","guid":{"rendered":"https:\/\/monteodina.com\/producto\/verso-gran-reserva-2015\/"},"modified":"2022-09-23T10:58:13","modified_gmt":"2022-09-23T10:58:13","slug":"verso-gran-reserva-2015","status":"publish","type":"product","link":"https:\/\/monteodina.com\/de\/producto\/verso-gran-reserva-2015\/","title":{"rendered":"Verso Gran Reserva 2015"},"content":{"rendered":"<p>Karton mit 6 Flaschen \u00e0 750 ml<\/p>\n<p>Es ist eine Hommage an Sender&#8217;s genaue und pr\u00e4zise Dichtung, die, geschmiedet in der Erinnerung an den Lauf der Zeit, einem Wein mit einzigartigen Eigenschaften seinen Namen geben.<\/p>\n<p>Jeder Schluck strotzt vor Ausdruckskraft, als ob jede Strophe, jedes Wort des Autors das Ergebnis dieses Weins w\u00e4re. Nur in au\u00dfergew\u00f6hnlichen Jahrg\u00e4ngen, wenn das Terroir die Gelegenheit dazu bietet, ist es m\u00f6glich, Verso herzustellen.<\/p>\n<p>Verkostungsnotizen<\/p>\n<table style=\"border-style: hidden;\">\n<tbody>\n<tr>\n<td style=\"border-style: hidden;\"><img decoding=\"async\" src=\"\/wp-content\/uploads\/2022\/09\/nota-de-cata-eye.svg\" alt=\"ojo icono\" style=\"filter: invert(71%) sepia(9%) saturate(1353%) hue-rotate(8deg) brightness(96%) contrast(81%);\" width=\"80\"><\/td>\n<td style=\"border-style: hidden;\">Intensive kirschrote Farbe, mit violetten Reflexen. Sauberes und helles Erscheinungsbild.<\/td>\n<\/tr>\n<tr>\n<td style=\"border-style: hidden;\"><img decoding=\"async\" src=\"\/wp-content\/uploads\/2022\/09\/nota-de-cata-wine-tasting.svg\" alt=\"beber icono\" style=\"filter: invert(71%) sepia(9%) saturate(1353%) hue-rotate(8deg) brightness(96%) contrast(81%);\" width=\"80\"><\/td>\n<td style=\"border-style: hidden;\">Komplexe Aromen von reifen Fr\u00fcchten, Blumen, R\u00f6staromen und einem Hauch von Mineralien.<\/td>\n<\/tr>\n<tr>\n<td style=\"border-style: hidden;\"><img decoding=\"async\" src=\"\/wp-content\/uploads\/2022\/09\/nota-de-cata-smiling-lips.svg\" alt=\"labios icono\" style=\"filter: invert(71%) sepia(9%) saturate(1353%) hue-rotate(8deg) brightness(96%) contrast(81%);\" width=\"80\"><\/td>\n<td style=\"border-style: hidden;\">Reif, frisch, ausgewogen und kraftvoll, mit einer anhaltenden fruchtigen Reminiszenz.<\/td>\n<\/tr>\n<tr>\n<td style=\"border-style: hidden;\"><img decoding=\"async\" src=\"\/wp-content\/uploads\/2022\/09\/nota-de-cata-thermometer.svg\" alt=\"termometro icono\" style=\"filter: invert(71%) sepia(9%) saturate(1353%) hue-rotate(8deg) brightness(96%) contrast(81%);\" width=\"80\"><\/td>\n<td style=\"border-style: hidden;\">Serviertemperatur: 16 -18\u00baC<\/td>\n<\/tr>\n<tr>\n<td style=\"border-style: hidden;\"><img decoding=\"async\" src=\"\/wp-content\/uploads\/2022\/09\/nota-de-cata-grapes.svg\" alt=\"barrica icono\" style=\"filter: invert(71%) sepia(9%) saturate(1353%) hue-rotate(8deg) brightness(96%) contrast(81%);\" width=\"80\"><\/td>\n<td style=\"border-style: hidden;\">22 Monate lang in F\u00e4ssern aus franz\u00f6sischer Eiche (B\u00f6den) und amerikanischer Eiche (Dauben) gereift.<\/td>\n<\/tr>\n<tr>\n<td style=\"border-style: hidden;\"><img decoding=\"async\" src=\"\/wp-content\/uploads\/2022\/09\/nota-de-cata-restaurant.svg\" alt=\"plato icono\" style=\"filter: invert(71%) sepia(9%) saturate(1353%) hue-rotate(8deg) brightness(96%) contrast(81%);\" width=\"80\"><\/td>\n<td style=\"border-style: hidden;\">Rotes Fleisch, Gro\u00dfwild, Braten und ger\u00e4ucherte K\u00e4sesorten.<\/td>\n<\/tr>\n<\/tbody>\n<\/table>\n","protected":false},"excerpt":{"rendered":"<p>Karton mit 6 Flaschen \u00e0 750 ml<\/p>\n","protected":false},"featured_media":1685,"template":"","meta":{"_themeisle_gutenberg_block_has_review":false},"product_brand":[],"product_cat":[123,122],"product_tag":[111],"class_list":{"0":"post-2191","1":"product","2":"type-product","3":"status-publish","4":"has-post-thumbnail","6":"product_cat-fassreifung","7":"product_cat-rot","8":"product_tag-ramon-j-sender-de","9":"pa_color-rot","10":"pa_tiempo-guarda-envejecimiento-fassreifung","12":"first","13":"instock","14":"taxable","15":"shipping-taxable","16":"purchasable","17":"product-type-simple"},"yoast_head":"<!-- This site is optimized with the Yoast SEO plugin v24.5 - https:\/\/yoast.com\/wordpress\/plugins\/seo\/ -->\n<title>Verso Gran Reserva 2015 - Monte Odina<\/title>\n<meta name=\"robots\" content=\"index, follow, max-snippet:-1, max-image-preview:large, max-video-preview:-1\" \/>\n<link rel=\"canonical\" href=\"https:\/\/monteodina.com\/de\/producto\/verso-gran-reserva-2015\/\" \/>\n<meta property=\"og:locale\" content=\"de_DE\" \/>\n<meta property=\"og:type\" content=\"article\" \/>\n<meta property=\"og:title\" content=\"Verso Gran Reserva 2015 - Monte Odina\" \/>\n<meta property=\"og:description\" content=\"Karton mit 6 Flaschen \u00e0 750 ml\" \/>\n<meta property=\"og:url\" content=\"https:\/\/monteodina.com\/de\/producto\/verso-gran-reserva-2015\/\" \/>\n<meta property=\"og:site_name\" content=\"Monte Odina\" \/>\n<meta property=\"og:image\" content=\"https:\/\/monteodina.com\/wp-content\/uploads\/2022\/09\/Monte-Odina-botellas-vinos-verso-600x600-1.webp\" \/>\n\t<meta property=\"og:image:width\" content=\"600\" \/>\n\t<meta property=\"og:image:height\" content=\"600\" \/>\n\t<meta property=\"og:image:type\" content=\"image\/webp\" \/>\n<meta name=\"twitter:card\" content=\"summary_large_image\" \/>\n<meta name=\"twitter:label1\" content=\"Gesch\u00e4tzte Lesezeit\" \/>\n\t<meta name=\"twitter:data1\" content=\"1\u00a0Minute\" \/>\n<script type=\"application\/ld+json\" class=\"yoast-schema-graph\">{\"@context\":\"https:\/\/schema.org\",\"@graph\":[{\"@type\":\"WebPage\",\"@id\":\"https:\/\/monteodina.com\/de\/producto\/verso-gran-reserva-2015\/\",\"url\":\"https:\/\/monteodina.com\/de\/producto\/verso-gran-reserva-2015\/\",\"name\":\"Verso Gran Reserva 2015 - Monte Odina\",\"isPartOf\":{\"@id\":\"https:\/\/monteodina.com\/de\/#website\"},\"primaryImageOfPage\":{\"@id\":\"https:\/\/monteodina.com\/de\/producto\/verso-gran-reserva-2015\/#primaryimage\"},\"image\":{\"@id\":\"https:\/\/monteodina.com\/de\/producto\/verso-gran-reserva-2015\/#primaryimage\"},\"thumbnailUrl\":\"https:\/\/monteodina.com\/wp-content\/uploads\/2022\/09\/Monte-Odina-botellas-vinos-verso-600x600-1.webp\",\"datePublished\":\"2022-09-23T10:58:13+00:00\",\"breadcrumb\":{\"@id\":\"https:\/\/monteodina.com\/de\/producto\/verso-gran-reserva-2015\/#breadcrumb\"},\"inLanguage\":\"de\",\"potentialAction\":[{\"@type\":\"ReadAction\",\"target\":[\"https:\/\/monteodina.com\/de\/producto\/verso-gran-reserva-2015\/\"]}]},{\"@type\":\"ImageObject\",\"inLanguage\":\"de\",\"@id\":\"https:\/\/monteodina.com\/de\/producto\/verso-gran-reserva-2015\/#primaryimage\",\"url\":\"https:\/\/monteodina.com\/wp-content\/uploads\/2022\/09\/Monte-Odina-botellas-vinos-verso-600x600-1.webp\",\"contentUrl\":\"https:\/\/monteodina.com\/wp-content\/uploads\/2022\/09\/Monte-Odina-botellas-vinos-verso-600x600-1.webp\",\"width\":600,\"height\":600,\"caption\":\"Monte Odina - Verso\"},{\"@type\":\"BreadcrumbList\",\"@id\":\"https:\/\/monteodina.com\/de\/producto\/verso-gran-reserva-2015\/#breadcrumb\",\"itemListElement\":[{\"@type\":\"ListItem\",\"position\":1,\"name\":\"Portada\",\"item\":\"https:\/\/monteodina.com\/de\/\"},{\"@type\":\"ListItem\",\"position\":2,\"name\":\"Tienda\",\"item\":\"https:\/\/monteodina.com\/tienda\/\"},{\"@type\":\"ListItem\",\"position\":3,\"name\":\"Verso Gran Reserva 2015\"}]},{\"@type\":\"WebSite\",\"@id\":\"https:\/\/monteodina.com\/de\/#website\",\"url\":\"https:\/\/monteodina.com\/de\/\",\"name\":\"Monte Odina\",\"description\":\"El Tesoro escondido del Somontano\",\"potentialAction\":[{\"@type\":\"SearchAction\",\"target\":{\"@type\":\"EntryPoint\",\"urlTemplate\":\"https:\/\/monteodina.com\/de\/?s={search_term_string}\"},\"query-input\":{\"@type\":\"PropertyValueSpecification\",\"valueRequired\":true,\"valueName\":\"search_term_string\"}}],\"inLanguage\":\"de\"}]}<\/script>\n<!-- \/ Yoast SEO plugin. -->","yoast_head_json":{"title":"Verso Gran Reserva 2015 - Monte Odina","robots":{"index":"index","follow":"follow","max-snippet":"max-snippet:-1","max-image-preview":"max-image-preview:large","max-video-preview":"max-video-preview:-1"},"canonical":"https:\/\/monteodina.com\/de\/producto\/verso-gran-reserva-2015\/","og_locale":"de_DE","og_type":"article","og_title":"Verso Gran Reserva 2015 - Monte Odina","og_description":"Karton mit 6 Flaschen \u00e0 750 ml","og_url":"https:\/\/monteodina.com\/de\/producto\/verso-gran-reserva-2015\/","og_site_name":"Monte Odina","og_image":[{"width":600,"height":600,"url":"https:\/\/monteodina.com\/wp-content\/uploads\/2022\/09\/Monte-Odina-botellas-vinos-verso-600x600-1.webp","type":"image\/webp"}],"twitter_card":"summary_large_image","twitter_misc":{"Gesch\u00e4tzte Lesezeit":"1\u00a0Minute"},"schema":{"@context":"https:\/\/schema.org","@graph":[{"@type":"WebPage","@id":"https:\/\/monteodina.com\/de\/producto\/verso-gran-reserva-2015\/","url":"https:\/\/monteodina.com\/de\/producto\/verso-gran-reserva-2015\/","name":"Verso Gran Reserva 2015 - Monte Odina","isPartOf":{"@id":"https:\/\/monteodina.com\/de\/#website"},"primaryImageOfPage":{"@id":"https:\/\/monteodina.com\/de\/producto\/verso-gran-reserva-2015\/#primaryimage"},"image":{"@id":"https:\/\/monteodina.com\/de\/producto\/verso-gran-reserva-2015\/#primaryimage"},"thumbnailUrl":"https:\/\/monteodina.com\/wp-content\/uploads\/2022\/09\/Monte-Odina-botellas-vinos-verso-600x600-1.webp","datePublished":"2022-09-23T10:58:13+00:00","breadcrumb":{"@id":"https:\/\/monteodina.com\/de\/producto\/verso-gran-reserva-2015\/#breadcrumb"},"inLanguage":"de","potentialAction":[{"@type":"ReadAction","target":["https:\/\/monteodina.com\/de\/producto\/verso-gran-reserva-2015\/"]}]},{"@type":"ImageObject","inLanguage":"de","@id":"https:\/\/monteodina.com\/de\/producto\/verso-gran-reserva-2015\/#primaryimage","url":"https:\/\/monteodina.com\/wp-content\/uploads\/2022\/09\/Monte-Odina-botellas-vinos-verso-600x600-1.webp","contentUrl":"https:\/\/monteodina.com\/wp-content\/uploads\/2022\/09\/Monte-Odina-botellas-vinos-verso-600x600-1.webp","width":600,"height":600,"caption":"Monte Odina - Verso"},{"@type":"BreadcrumbList","@id":"https:\/\/monteodina.com\/de\/producto\/verso-gran-reserva-2015\/#breadcrumb","itemListElement":[{"@type":"ListItem","position":1,"name":"Portada","item":"https:\/\/monteodina.com\/de\/"},{"@type":"ListItem","position":2,"name":"Tienda","item":"https:\/\/monteodina.com\/tienda\/"},{"@type":"ListItem","position":3,"name":"Verso Gran Reserva 2015"}]},{"@type":"WebSite","@id":"https:\/\/monteodina.com\/de\/#website","url":"https:\/\/monteodina.com\/de\/","name":"Monte Odina","description":"El Tesoro escondido del Somontano","potentialAction":[{"@type":"SearchAction","target":{"@type":"EntryPoint","urlTemplate":"https:\/\/monteodina.com\/de\/?s={search_term_string}"},"query-input":{"@type":"PropertyValueSpecification","valueRequired":true,"valueName":"search_term_string"}}],"inLanguage":"de"}]}},"_links":{"self":[{"href":"https:\/\/monteodina.com\/de\/wp-json\/wp\/v2\/product\/2191"}],"collection":[{"href":"https:\/\/monteodina.com\/de\/wp-json\/wp\/v2\/product"}],"about":[{"href":"https:\/\/monteodina.com\/de\/wp-json\/wp\/v2\/types\/product"}],"version-history":[{"count":0,"href":"https:\/\/monteodina.com\/de\/wp-json\/wp\/v2\/product\/2191\/revisions"}],"wp:featuredmedia":[{"embeddable":true,"href":"https:\/\/monteodina.com\/de\/wp-json\/wp\/v2\/media\/1685"}],"wp:attachment":[{"href":"https:\/\/monteodina.com\/de\/wp-json\/wp\/v2\/media?parent=2191"}],"wp:term":[{"taxonomy":"product_brand","embeddable":true,"href":"https:\/\/monteodina.com\/de\/wp-json\/wp\/v2\/product_brand?post=2191"},{"taxonomy":"product_cat","embeddable":true,"href":"https:\/\/monteodina.com\/de\/wp-json\/wp\/v2\/product_cat?post=2191"},{"taxonomy":"product_tag","embeddable":true,"href":"https:\/\/monteodina.com\/de\/wp-json\/wp\/v2\/product_tag?post=2191"}],"curies":[{"name":"wp","href":"https:\/\/api.w.org\/{rel}","templated":true}]}}