{"id":2106,"date":"2022-09-23T10:45:51","date_gmt":"2022-09-23T10:45:51","guid":{"rendered":"https:\/\/monteodina.com\/producto\/garnacha-selection-eco-2019\/"},"modified":"2025-02-24T19:36:00","modified_gmt":"2025-02-24T19:36:00","slug":"garnacha-seleccion-eco-2019","status":"publish","type":"product","link":"https:\/\/monteodina.com\/en\/producto\/garnacha-seleccion-eco-2019\/","title":{"rendered":"Garnacha Selection ECO"},"content":{"rendered":"<p>Box of 6 bottles of 750 ml<\/p>\n<p>Limited edition. Single varietal made from organic red Garnacha. It is the maximum expression of our organic terroir, in the Romerosa plot. These vineyards, located at an altitude of over 700 m, due to the microclimate in which they are located, their southern orientation and the limestone-loam soil, give rise to a Garnacha of the highest quality.<\/p>\n<p>Tasting Notes<\/p>\n<table style=\"border-style: hidden;\">\n<tbody>\n<tr>\n<td style=\"border-style: hidden;\"><img decoding=\"async\" style=\"filter: invert(71%) sepia(9%) saturate(1353%) hue-rotate(8deg) brightness(96%) contrast(81%);\" src=\"\/wp-content\/uploads\/2022\/09\/nota-de-cata-eye.svg\" alt=\"ojo icono\" width=\"80\" \/><\/td>\n<td style=\"border-style: hidden;\">Intense, bright ruby colour.<\/td>\n<\/tr>\n<tr>\n<td style=\"border-style: hidden;\"><img decoding=\"async\" style=\"filter: invert(71%) sepia(9%) saturate(1353%) hue-rotate(8deg) brightness(96%) contrast(81%);\" src=\"\/wp-content\/uploads\/2022\/09\/nota-de-cata-wine-tasting.svg\" alt=\"beber icono\" width=\"80\" \/><\/td>\n<td style=\"border-style: hidden;\">Memories of red fruits. Its mineral, balsamic background with light floral notes provides complexity while maintaining a clear and expressive varietal character.<\/td>\n<\/tr>\n<tr>\n<td style=\"border-style: hidden;\"><img decoding=\"async\" style=\"filter: invert(71%) sepia(9%) saturate(1353%) hue-rotate(8deg) brightness(96%) contrast(81%);\" src=\"\/wp-content\/uploads\/2022\/09\/nota-de-cata-smiling-lips.svg\" alt=\"labios icono\" width=\"80\" \/><\/td>\n<td style=\"border-style: hidden;\">In the mouth, it is fresh, fruity, sweet and with a slight spicy memory. Its pronounced fruit load gives it an enveloping, friendly and long-lasting sensation..<\/td>\n<\/tr>\n<tr>\n<td style=\"border-style: hidden;\"><img decoding=\"async\" style=\"filter: invert(71%) sepia(9%) saturate(1353%) hue-rotate(8deg) brightness(96%) contrast(81%);\" src=\"\/wp-content\/uploads\/2022\/09\/nota-de-cata-thermometer.svg\" alt=\"termometro icono\" width=\"80\" \/><\/td>\n<td style=\"border-style: hidden;\">Serving temperature: 15 &#8211; 16 \u00ba C.<\/td>\n<\/tr>\n<tr>\n<td style=\"border-style: hidden;\"><img decoding=\"async\" style=\"filter: invert(71%) sepia(9%) saturate(1353%) hue-rotate(8deg) brightness(96%) contrast(81%);\" src=\"\/wp-content\/uploads\/2022\/09\/nota-de-cata-grapes.svg\" alt=\"barrica icono\" width=\"80\" \/><\/td>\n<td style=\"border-style: hidden;\">Not aged in oak barrels.<\/td>\n<\/tr>\n<tr>\n<td style=\"border-style: hidden;\"><img decoding=\"async\" style=\"filter: invert(71%) sepia(9%) saturate(1353%) hue-rotate(8deg) brightness(96%) contrast(81%);\" src=\"\/wp-content\/uploads\/2022\/09\/nota-de-cata-restaurant.svg\" alt=\"plato icono\" width=\"80\" \/><\/td>\n<td style=\"border-style: hidden;\">Red meat, game, stews and roasts.<\/td>\n<\/tr>\n<\/tbody>\n<\/table>\n<p>Garnacha Selecci\u00f3n is one of our organic wines, which meet the double requirement in terms of their production: they come from organic grapes grown in the Hoz de Barbastro terroir, and follow a strict production process. Both aspects are controlled by the Comit\u00e9 Aragon\u00e9s de Agricultura Ecol\u00f3gica (CAAE).<\/p>\n<p><img decoding=\"async\" src=\"\/wp-content\/uploads\/2022\/09\/comite-aragones-de-agricultura-ecologica-CAAE.webp\" alt=\"CAAE\" \/><\/p>\n","protected":false},"excerpt":{"rendered":"<p>Box of 6 bottles of 750 ml<\/p>\n","protected":false},"featured_media":2705,"template":"","meta":{"_themeisle_gutenberg_block_has_review":false},"product_brand":[],"product_cat":[100,114,86],"product_tag":[],"class_list":{"0":"post-2106","1":"product","2":"type-product","3":"status-publish","4":"has-post-thumbnail","6":"product_cat-ecological","7":"product_cat-red","8":"product_cat-young","9":"pa_color-red","10":"pa_tiempo-guarda-envejecimiento-young","12":"first","13":"instock","14":"taxable","15":"shipping-taxable","16":"purchasable","17":"product-type-simple"},"yoast_head":"<!-- This site is optimized with the Yoast SEO plugin v24.5 - https:\/\/yoast.com\/wordpress\/plugins\/seo\/ -->\n<title>Garnacha Selection ECO - Monte Odina<\/title>\n<meta name=\"robots\" content=\"index, follow, max-snippet:-1, max-image-preview:large, max-video-preview:-1\" \/>\n<link rel=\"canonical\" href=\"https:\/\/monteodina.com\/en\/producto\/garnacha-seleccion-eco-2019\/\" \/>\n<meta property=\"og:locale\" content=\"en_US\" \/>\n<meta property=\"og:type\" content=\"article\" \/>\n<meta property=\"og:title\" content=\"Garnacha Selection ECO - Monte Odina\" \/>\n<meta property=\"og:description\" content=\"Box of 6 bottles of 750 ml\" \/>\n<meta property=\"og:url\" content=\"https:\/\/monteodina.com\/en\/producto\/garnacha-seleccion-eco-2019\/\" \/>\n<meta property=\"og:site_name\" content=\"Monte Odina\" \/>\n<meta property=\"article:modified_time\" content=\"2025-02-24T19:36:00+00:00\" \/>\n<meta property=\"og:image\" content=\"https:\/\/monteodina.com\/wp-content\/uploads\/2022\/09\/Monte-Odina-botellas-vinos-garnacha-seleccion-600x600-1.webp\" \/>\n\t<meta property=\"og:image:width\" content=\"600\" \/>\n\t<meta property=\"og:image:height\" content=\"600\" \/>\n\t<meta property=\"og:image:type\" content=\"image\/webp\" \/>\n<meta name=\"twitter:card\" content=\"summary_large_image\" \/>\n<meta name=\"twitter:label1\" content=\"Est. reading time\" \/>\n\t<meta name=\"twitter:data1\" content=\"3 minutes\" \/>\n<script type=\"application\/ld+json\" class=\"yoast-schema-graph\">{\"@context\":\"https:\/\/schema.org\",\"@graph\":[{\"@type\":\"WebPage\",\"@id\":\"https:\/\/monteodina.com\/en\/producto\/garnacha-seleccion-eco-2019\/\",\"url\":\"https:\/\/monteodina.com\/en\/producto\/garnacha-seleccion-eco-2019\/\",\"name\":\"Garnacha Selection ECO - Monte Odina\",\"isPartOf\":{\"@id\":\"https:\/\/monteodina.com\/en\/#website\"},\"primaryImageOfPage\":{\"@id\":\"https:\/\/monteodina.com\/en\/producto\/garnacha-seleccion-eco-2019\/#primaryimage\"},\"image\":{\"@id\":\"https:\/\/monteodina.com\/en\/producto\/garnacha-seleccion-eco-2019\/#primaryimage\"},\"thumbnailUrl\":\"https:\/\/monteodina.com\/wp-content\/uploads\/2025\/02\/GARNACHA-2021-ECO.webp\",\"datePublished\":\"2022-09-23T10:45:51+00:00\",\"dateModified\":\"2025-02-24T19:36:00+00:00\",\"breadcrumb\":{\"@id\":\"https:\/\/monteodina.com\/en\/producto\/garnacha-seleccion-eco-2019\/#breadcrumb\"},\"inLanguage\":\"en-US\",\"potentialAction\":[{\"@type\":\"ReadAction\",\"target\":[\"https:\/\/monteodina.com\/en\/producto\/garnacha-seleccion-eco-2019\/\"]}]},{\"@type\":\"ImageObject\",\"inLanguage\":\"en-US\",\"@id\":\"https:\/\/monteodina.com\/en\/producto\/garnacha-seleccion-eco-2019\/#primaryimage\",\"url\":\"https:\/\/monteodina.com\/wp-content\/uploads\/2025\/02\/GARNACHA-2021-ECO.webp\",\"contentUrl\":\"https:\/\/monteodina.com\/wp-content\/uploads\/2025\/02\/GARNACHA-2021-ECO.webp\",\"width\":600,\"height\":600},{\"@type\":\"BreadcrumbList\",\"@id\":\"https:\/\/monteodina.com\/en\/producto\/garnacha-seleccion-eco-2019\/#breadcrumb\",\"itemListElement\":[{\"@type\":\"ListItem\",\"position\":1,\"name\":\"Portada\",\"item\":\"https:\/\/monteodina.com\/en\/home\/\"},{\"@type\":\"ListItem\",\"position\":2,\"name\":\"Tienda\",\"item\":\"https:\/\/monteodina.com\/tienda\/\"},{\"@type\":\"ListItem\",\"position\":3,\"name\":\"Garnacha Selection ECO\"}]},{\"@type\":\"WebSite\",\"@id\":\"https:\/\/monteodina.com\/en\/#website\",\"url\":\"https:\/\/monteodina.com\/en\/\",\"name\":\"Monte Odina\",\"description\":\"El Tesoro escondido del Somontano\",\"potentialAction\":[{\"@type\":\"SearchAction\",\"target\":{\"@type\":\"EntryPoint\",\"urlTemplate\":\"https:\/\/monteodina.com\/en\/?s={search_term_string}\"},\"query-input\":{\"@type\":\"PropertyValueSpecification\",\"valueRequired\":true,\"valueName\":\"search_term_string\"}}],\"inLanguage\":\"en-US\"}]}<\/script>\n<!-- \/ Yoast SEO plugin. -->","yoast_head_json":{"title":"Garnacha Selection ECO - Monte Odina","robots":{"index":"index","follow":"follow","max-snippet":"max-snippet:-1","max-image-preview":"max-image-preview:large","max-video-preview":"max-video-preview:-1"},"canonical":"https:\/\/monteodina.com\/en\/producto\/garnacha-seleccion-eco-2019\/","og_locale":"en_US","og_type":"article","og_title":"Garnacha Selection ECO - Monte Odina","og_description":"Box of 6 bottles of 750 ml","og_url":"https:\/\/monteodina.com\/en\/producto\/garnacha-seleccion-eco-2019\/","og_site_name":"Monte Odina","article_modified_time":"2025-02-24T19:36:00+00:00","og_image":[{"width":600,"height":600,"url":"https:\/\/monteodina.com\/wp-content\/uploads\/2022\/09\/Monte-Odina-botellas-vinos-garnacha-seleccion-600x600-1.webp","type":"image\/webp"}],"twitter_card":"summary_large_image","twitter_misc":{"Est. reading time":"3 minutes"},"schema":{"@context":"https:\/\/schema.org","@graph":[{"@type":"WebPage","@id":"https:\/\/monteodina.com\/en\/producto\/garnacha-seleccion-eco-2019\/","url":"https:\/\/monteodina.com\/en\/producto\/garnacha-seleccion-eco-2019\/","name":"Garnacha Selection ECO - Monte Odina","isPartOf":{"@id":"https:\/\/monteodina.com\/en\/#website"},"primaryImageOfPage":{"@id":"https:\/\/monteodina.com\/en\/producto\/garnacha-seleccion-eco-2019\/#primaryimage"},"image":{"@id":"https:\/\/monteodina.com\/en\/producto\/garnacha-seleccion-eco-2019\/#primaryimage"},"thumbnailUrl":"https:\/\/monteodina.com\/wp-content\/uploads\/2025\/02\/GARNACHA-2021-ECO.webp","datePublished":"2022-09-23T10:45:51+00:00","dateModified":"2025-02-24T19:36:00+00:00","breadcrumb":{"@id":"https:\/\/monteodina.com\/en\/producto\/garnacha-seleccion-eco-2019\/#breadcrumb"},"inLanguage":"en-US","potentialAction":[{"@type":"ReadAction","target":["https:\/\/monteodina.com\/en\/producto\/garnacha-seleccion-eco-2019\/"]}]},{"@type":"ImageObject","inLanguage":"en-US","@id":"https:\/\/monteodina.com\/en\/producto\/garnacha-seleccion-eco-2019\/#primaryimage","url":"https:\/\/monteodina.com\/wp-content\/uploads\/2025\/02\/GARNACHA-2021-ECO.webp","contentUrl":"https:\/\/monteodina.com\/wp-content\/uploads\/2025\/02\/GARNACHA-2021-ECO.webp","width":600,"height":600},{"@type":"BreadcrumbList","@id":"https:\/\/monteodina.com\/en\/producto\/garnacha-seleccion-eco-2019\/#breadcrumb","itemListElement":[{"@type":"ListItem","position":1,"name":"Portada","item":"https:\/\/monteodina.com\/en\/home\/"},{"@type":"ListItem","position":2,"name":"Tienda","item":"https:\/\/monteodina.com\/tienda\/"},{"@type":"ListItem","position":3,"name":"Garnacha Selection ECO"}]},{"@type":"WebSite","@id":"https:\/\/monteodina.com\/en\/#website","url":"https:\/\/monteodina.com\/en\/","name":"Monte Odina","description":"El Tesoro escondido del Somontano","potentialAction":[{"@type":"SearchAction","target":{"@type":"EntryPoint","urlTemplate":"https:\/\/monteodina.com\/en\/?s={search_term_string}"},"query-input":{"@type":"PropertyValueSpecification","valueRequired":true,"valueName":"search_term_string"}}],"inLanguage":"en-US"}]}},"_links":{"self":[{"href":"https:\/\/monteodina.com\/en\/wp-json\/wp\/v2\/product\/2106"}],"collection":[{"href":"https:\/\/monteodina.com\/en\/wp-json\/wp\/v2\/product"}],"about":[{"href":"https:\/\/monteodina.com\/en\/wp-json\/wp\/v2\/types\/product"}],"version-history":[{"count":1,"href":"https:\/\/monteodina.com\/en\/wp-json\/wp\/v2\/product\/2106\/revisions"}],"predecessor-version":[{"id":2684,"href":"https:\/\/monteodina.com\/en\/wp-json\/wp\/v2\/product\/2106\/revisions\/2684"}],"wp:featuredmedia":[{"embeddable":true,"href":"https:\/\/monteodina.com\/en\/wp-json\/wp\/v2\/media\/2705"}],"wp:attachment":[{"href":"https:\/\/monteodina.com\/en\/wp-json\/wp\/v2\/media?parent=2106"}],"wp:term":[{"taxonomy":"product_brand","embeddable":true,"href":"https:\/\/monteodina.com\/en\/wp-json\/wp\/v2\/product_brand?post=2106"},{"taxonomy":"product_cat","embeddable":true,"href":"https:\/\/monteodina.com\/en\/wp-json\/wp\/v2\/product_cat?post=2106"},{"taxonomy":"product_tag","embeddable":true,"href":"https:\/\/monteodina.com\/en\/wp-json\/wp\/v2\/product_tag?post=2106"}],"curies":[{"name":"wp","href":"https:\/\/api.w.org\/{rel}","templated":true}]}}