{"id":2115,"date":"2022-09-23T10:32:42","date_gmt":"2022-09-23T10:32:42","guid":{"rendered":"https:\/\/monteodina.com\/producto\/valentina-eco-2019\/"},"modified":"2022-09-23T10:32:42","modified_gmt":"2022-09-23T10:32:42","slug":"valentina-eco-2019","status":"publish","type":"product","link":"https:\/\/monteodina.com\/en\/producto\/valentina-eco-2019\/","title":{"rendered":"Valentina ECO 2019"},"content":{"rendered":"<p>Box of 6 bottles of 750 ml<\/p>\n<p>Organic wine made from vines from our best vineyards, terroirs located at an altitude of 700 m which, together with deep chalky-loam soil, allow each of the varieties that make up this coupage to reach their maximum splendour.<\/p>\n<p>\u00abAnother bee buzzed in the air, sometimes approaching Valentina&#8217;s hair, all golden in the sun, with two of its little legs dangling as if they were about to fall off\u00bb.<br \/>\n\u2015 Ram\u00f3n J. Sender<\/p>\n<p>Tasting Notes<\/p>\n<table style=\"border-style: hidden;\">\n<tbody>\n<tr>\n<td style=\"border-style: hidden;\"><img decoding=\"async\" src=\"\/wp-content\/uploads\/2022\/09\/nota-de-cata-eye.svg\" alt=\"ojo icono\" style=\"filter: invert(71%) sepia(9%) saturate(1353%) hue-rotate(8deg) brightness(96%) contrast(81%);\" width=\"80\"><\/td>\n<td style=\"border-style: hidden;\">Bright cherry red colour with violet rim. Intense and very attractive.<\/td>\n<\/tr>\n<tr>\n<td style=\"border-style: hidden;\"><img decoding=\"async\" src=\"\/wp-content\/uploads\/2022\/09\/nota-de-cata-wine-tasting.svg\" alt=\"beber icono\" style=\"filter: invert(71%) sepia(9%) saturate(1353%) hue-rotate(8deg) brightness(96%) contrast(81%);\" width=\"80\"><\/td>\n<td style=\"border-style: hidden;\">Clean and intense aromas, red and black fruits, floral (violet) appear.<\/td>\n<\/tr>\n<tr>\n<td style=\"border-style: hidden;\"><img decoding=\"async\" src=\"\/wp-content\/uploads\/2022\/09\/nota-de-cata-smiling-lips.svg\" alt=\"labios icono\" style=\"filter: invert(71%) sepia(9%) saturate(1353%) hue-rotate(8deg) brightness(96%) contrast(81%);\" width=\"80\"><\/td>\n<td style=\"border-style: hidden;\">Balanced between its acid components and quality tannins, which give freshness and longevity.<\/td>\n<\/tr>\n<tr>\n<td style=\"border-style: hidden;\"><img decoding=\"async\" src=\"\/wp-content\/uploads\/2022\/09\/nota-de-cata-thermometer.svg\" alt=\"termometro icono\" style=\"filter: invert(71%) sepia(9%) saturate(1353%) hue-rotate(8deg) brightness(96%) contrast(81%);\" width=\"80\"><\/td>\n<td style=\"border-style: hidden;\">Serving temperature 13 &#8211; 15\u00baC.<\/td>\n<\/tr>\n<tr>\n<td style=\"border-style: hidden;\"><img decoding=\"async\" src=\"\/wp-content\/uploads\/2022\/09\/nota-de-cata-grapes.svg\" alt=\"barrica icono\" style=\"filter: invert(71%) sepia(9%) saturate(1353%) hue-rotate(8deg) brightness(96%) contrast(81%);\" width=\"80\"><\/td>\n<td style=\"border-style: hidden;\">Not aged in oak barrels.<\/td>\n<\/tr>\n<tr>\n<td style=\"border-style: hidden;\"><img decoding=\"async\" src=\"\/wp-content\/uploads\/2022\/09\/nota-de-cata-restaurant.svg\" alt=\"plato icono\" style=\"filter: invert(71%) sepia(9%) saturate(1353%) hue-rotate(8deg) brightness(96%) contrast(81%);\" width=\"80\"><\/td>\n<td style=\"border-style: hidden;\">Red meats, game, cured cheeses&#8230;<\/td>\n<\/tr>\n<\/tbody>\n<\/table>\n<p>Valentina is the first of our organic wines, which meet the double requirement in terms of their production: they come from organic grapes grown in the Hoz de Barbastro terroir, and follow a strict production process. Both aspects are controlled by the Comit\u00e9 Aragon\u00e9s de Agricultura Ecol\u00f3gica (CAAE).<\/p>\n<p><img decoding=\"async\" src=\"https:\/\/monteodina.com\/wp-content\/uploads\/2022\/09\/comite-aragones-de-agricultura-ecologica-CAAE.webp\" alt=\"CAAE\"><\/p>\n","protected":false},"excerpt":{"rendered":"<p>Box of 6 bottles of 750 ml<\/p>\n","protected":false},"featured_media":1680,"template":"","meta":{"_themeisle_gutenberg_block_has_review":false},"product_brand":[],"product_cat":[100,114,86],"product_tag":[101],"class_list":{"0":"post-2115","1":"product","2":"type-product","3":"status-publish","4":"has-post-thumbnail","6":"product_cat-ecological","7":"product_cat-red","8":"product_cat-young","9":"product_tag-ramon-j-sender-en","10":"pa_color-red","11":"pa_tiempo-guarda-envejecimiento-young","13":"first","14":"instock","15":"taxable","16":"shipping-taxable","17":"purchasable","18":"product-type-simple"},"yoast_head":"<!-- This site is optimized with the Yoast SEO plugin v24.5 - https:\/\/yoast.com\/wordpress\/plugins\/seo\/ -->\n<title>Valentina ECO 2019 - Monte Odina<\/title>\n<meta name=\"robots\" content=\"index, follow, max-snippet:-1, max-image-preview:large, max-video-preview:-1\" \/>\n<link rel=\"canonical\" href=\"https:\/\/monteodina.com\/en\/producto\/valentina-eco-2019\/\" \/>\n<meta property=\"og:locale\" content=\"en_US\" \/>\n<meta property=\"og:type\" content=\"article\" \/>\n<meta property=\"og:title\" content=\"Valentina ECO 2019 - Monte Odina\" \/>\n<meta property=\"og:description\" content=\"Box of 6 bottles of 750 ml\" \/>\n<meta property=\"og:url\" content=\"https:\/\/monteodina.com\/en\/producto\/valentina-eco-2019\/\" \/>\n<meta property=\"og:site_name\" content=\"Monte Odina\" \/>\n<meta property=\"og:image\" content=\"https:\/\/monteodina.com\/wp-content\/uploads\/2022\/09\/Monte-Odina-botellas-vinos-valentina-600x600-1.webp\" \/>\n\t<meta property=\"og:image:width\" content=\"600\" \/>\n\t<meta property=\"og:image:height\" content=\"600\" \/>\n\t<meta property=\"og:image:type\" content=\"image\/webp\" \/>\n<meta name=\"twitter:card\" content=\"summary_large_image\" \/>\n<meta name=\"twitter:label1\" content=\"Est. reading time\" \/>\n\t<meta name=\"twitter:data1\" content=\"1 minute\" \/>\n<script type=\"application\/ld+json\" class=\"yoast-schema-graph\">{\"@context\":\"https:\/\/schema.org\",\"@graph\":[{\"@type\":\"WebPage\",\"@id\":\"https:\/\/monteodina.com\/en\/producto\/valentina-eco-2019\/\",\"url\":\"https:\/\/monteodina.com\/en\/producto\/valentina-eco-2019\/\",\"name\":\"Valentina ECO 2019 - Monte Odina\",\"isPartOf\":{\"@id\":\"https:\/\/monteodina.com\/en\/#website\"},\"primaryImageOfPage\":{\"@id\":\"https:\/\/monteodina.com\/en\/producto\/valentina-eco-2019\/#primaryimage\"},\"image\":{\"@id\":\"https:\/\/monteodina.com\/en\/producto\/valentina-eco-2019\/#primaryimage\"},\"thumbnailUrl\":\"https:\/\/monteodina.com\/wp-content\/uploads\/2022\/09\/Monte-Odina-botellas-vinos-valentina-600x600-1.webp\",\"datePublished\":\"2022-09-23T10:32:42+00:00\",\"breadcrumb\":{\"@id\":\"https:\/\/monteodina.com\/en\/producto\/valentina-eco-2019\/#breadcrumb\"},\"inLanguage\":\"en-US\",\"potentialAction\":[{\"@type\":\"ReadAction\",\"target\":[\"https:\/\/monteodina.com\/en\/producto\/valentina-eco-2019\/\"]}]},{\"@type\":\"ImageObject\",\"inLanguage\":\"en-US\",\"@id\":\"https:\/\/monteodina.com\/en\/producto\/valentina-eco-2019\/#primaryimage\",\"url\":\"https:\/\/monteodina.com\/wp-content\/uploads\/2022\/09\/Monte-Odina-botellas-vinos-valentina-600x600-1.webp\",\"contentUrl\":\"https:\/\/monteodina.com\/wp-content\/uploads\/2022\/09\/Monte-Odina-botellas-vinos-valentina-600x600-1.webp\",\"width\":600,\"height\":600,\"caption\":\"Monte Odina - Valentina\"},{\"@type\":\"BreadcrumbList\",\"@id\":\"https:\/\/monteodina.com\/en\/producto\/valentina-eco-2019\/#breadcrumb\",\"itemListElement\":[{\"@type\":\"ListItem\",\"position\":1,\"name\":\"Portada\",\"item\":\"https:\/\/monteodina.com\/en\/home\/\"},{\"@type\":\"ListItem\",\"position\":2,\"name\":\"Tienda\",\"item\":\"https:\/\/monteodina.com\/tienda\/\"},{\"@type\":\"ListItem\",\"position\":3,\"name\":\"Valentina ECO 2019\"}]},{\"@type\":\"WebSite\",\"@id\":\"https:\/\/monteodina.com\/en\/#website\",\"url\":\"https:\/\/monteodina.com\/en\/\",\"name\":\"Monte Odina\",\"description\":\"El Tesoro escondido del Somontano\",\"potentialAction\":[{\"@type\":\"SearchAction\",\"target\":{\"@type\":\"EntryPoint\",\"urlTemplate\":\"https:\/\/monteodina.com\/en\/?s={search_term_string}\"},\"query-input\":{\"@type\":\"PropertyValueSpecification\",\"valueRequired\":true,\"valueName\":\"search_term_string\"}}],\"inLanguage\":\"en-US\"}]}<\/script>\n<!-- \/ Yoast SEO plugin. -->","yoast_head_json":{"title":"Valentina ECO 2019 - Monte Odina","robots":{"index":"index","follow":"follow","max-snippet":"max-snippet:-1","max-image-preview":"max-image-preview:large","max-video-preview":"max-video-preview:-1"},"canonical":"https:\/\/monteodina.com\/en\/producto\/valentina-eco-2019\/","og_locale":"en_US","og_type":"article","og_title":"Valentina ECO 2019 - Monte Odina","og_description":"Box of 6 bottles of 750 ml","og_url":"https:\/\/monteodina.com\/en\/producto\/valentina-eco-2019\/","og_site_name":"Monte Odina","og_image":[{"width":600,"height":600,"url":"https:\/\/monteodina.com\/wp-content\/uploads\/2022\/09\/Monte-Odina-botellas-vinos-valentina-600x600-1.webp","type":"image\/webp"}],"twitter_card":"summary_large_image","twitter_misc":{"Est. reading time":"1 minute"},"schema":{"@context":"https:\/\/schema.org","@graph":[{"@type":"WebPage","@id":"https:\/\/monteodina.com\/en\/producto\/valentina-eco-2019\/","url":"https:\/\/monteodina.com\/en\/producto\/valentina-eco-2019\/","name":"Valentina ECO 2019 - Monte Odina","isPartOf":{"@id":"https:\/\/monteodina.com\/en\/#website"},"primaryImageOfPage":{"@id":"https:\/\/monteodina.com\/en\/producto\/valentina-eco-2019\/#primaryimage"},"image":{"@id":"https:\/\/monteodina.com\/en\/producto\/valentina-eco-2019\/#primaryimage"},"thumbnailUrl":"https:\/\/monteodina.com\/wp-content\/uploads\/2022\/09\/Monte-Odina-botellas-vinos-valentina-600x600-1.webp","datePublished":"2022-09-23T10:32:42+00:00","breadcrumb":{"@id":"https:\/\/monteodina.com\/en\/producto\/valentina-eco-2019\/#breadcrumb"},"inLanguage":"en-US","potentialAction":[{"@type":"ReadAction","target":["https:\/\/monteodina.com\/en\/producto\/valentina-eco-2019\/"]}]},{"@type":"ImageObject","inLanguage":"en-US","@id":"https:\/\/monteodina.com\/en\/producto\/valentina-eco-2019\/#primaryimage","url":"https:\/\/monteodina.com\/wp-content\/uploads\/2022\/09\/Monte-Odina-botellas-vinos-valentina-600x600-1.webp","contentUrl":"https:\/\/monteodina.com\/wp-content\/uploads\/2022\/09\/Monte-Odina-botellas-vinos-valentina-600x600-1.webp","width":600,"height":600,"caption":"Monte Odina - Valentina"},{"@type":"BreadcrumbList","@id":"https:\/\/monteodina.com\/en\/producto\/valentina-eco-2019\/#breadcrumb","itemListElement":[{"@type":"ListItem","position":1,"name":"Portada","item":"https:\/\/monteodina.com\/en\/home\/"},{"@type":"ListItem","position":2,"name":"Tienda","item":"https:\/\/monteodina.com\/tienda\/"},{"@type":"ListItem","position":3,"name":"Valentina ECO 2019"}]},{"@type":"WebSite","@id":"https:\/\/monteodina.com\/en\/#website","url":"https:\/\/monteodina.com\/en\/","name":"Monte Odina","description":"El Tesoro escondido del Somontano","potentialAction":[{"@type":"SearchAction","target":{"@type":"EntryPoint","urlTemplate":"https:\/\/monteodina.com\/en\/?s={search_term_string}"},"query-input":{"@type":"PropertyValueSpecification","valueRequired":true,"valueName":"search_term_string"}}],"inLanguage":"en-US"}]}},"_links":{"self":[{"href":"https:\/\/monteodina.com\/en\/wp-json\/wp\/v2\/product\/2115"}],"collection":[{"href":"https:\/\/monteodina.com\/en\/wp-json\/wp\/v2\/product"}],"about":[{"href":"https:\/\/monteodina.com\/en\/wp-json\/wp\/v2\/types\/product"}],"version-history":[{"count":0,"href":"https:\/\/monteodina.com\/en\/wp-json\/wp\/v2\/product\/2115\/revisions"}],"wp:featuredmedia":[{"embeddable":true,"href":"https:\/\/monteodina.com\/en\/wp-json\/wp\/v2\/media\/1680"}],"wp:attachment":[{"href":"https:\/\/monteodina.com\/en\/wp-json\/wp\/v2\/media?parent=2115"}],"wp:term":[{"taxonomy":"product_brand","embeddable":true,"href":"https:\/\/monteodina.com\/en\/wp-json\/wp\/v2\/product_brand?post=2115"},{"taxonomy":"product_cat","embeddable":true,"href":"https:\/\/monteodina.com\/en\/wp-json\/wp\/v2\/product_cat?post=2115"},{"taxonomy":"product_tag","embeddable":true,"href":"https:\/\/monteodina.com\/en\/wp-json\/wp\/v2\/product_tag?post=2115"}],"curies":[{"name":"wp","href":"https:\/\/api.w.org\/{rel}","templated":true}]}}