{"id":2118,"date":"2022-09-23T11:18:22","date_gmt":"2022-09-23T11:18:22","guid":{"rendered":"https:\/\/monteodina.com\/producto\/prosa-reserva-eco-2018\/"},"modified":"2022-09-23T11:18:22","modified_gmt":"2022-09-23T11:18:22","slug":"prosa-reserva-eco-2018","status":"publish","type":"product","link":"https:\/\/monteodina.com\/en\/producto\/prosa-reserva-eco-2018\/","title":{"rendered":"Prosa Reserva ECO 2018"},"content":{"rendered":"<p>Box of 6 bottles of 750 ml<\/p>\n<p>Organic reserve. A blend of Garnacha Tinta, Syrah, Tempranillo and Merlot.<\/p>\n<p>Tasting Notes<\/p>\n<table style=\"border-style: hidden;\">\n<tbody>\n<tr>\n<td style=\"border-style: hidden;\"><img decoding=\"async\" style=\"filter: invert(71%) sepia(9%) saturate(1353%) hue-rotate(8deg) brightness(96%) contrast(81%);\" src=\"\/wp-content\/uploads\/2022\/09\/nota-de-cata-eye.svg\" alt=\"ojo icono\" width=\"80\"><\/td>\n<td style=\"border-style: hidden;\">Bright, attractive purple colour with a high robe.<\/td>\n<\/tr>\n<tr>\n<td style=\"border-style: hidden;\"><img decoding=\"async\" style=\"filter: invert(71%) sepia(9%) saturate(1353%) hue-rotate(8deg) brightness(96%) contrast(81%);\" src=\"\/wp-content\/uploads\/2022\/09\/nota-de-cata-wine-tasting.svg\" alt=\"beber icono\" width=\"80\"><\/td>\n<td style=\"border-style: hidden;\">Clean and intense aromas. Red fruits and dried fruit come to the fore, followed by a balsamic background and light mineral notes.<\/td>\n<\/tr>\n<tr>\n<td style=\"border-style: hidden;\"><img decoding=\"async\" style=\"filter: invert(71%) sepia(9%) saturate(1353%) hue-rotate(8deg) brightness(96%) contrast(81%);\" src=\"\/wp-content\/uploads\/2022\/09\/nota-de-cata-smiling-lips.svg\" alt=\"labios icono\" width=\"80\"><\/td>\n<td style=\"border-style: hidden;\">Firm and decisive on the palate, with a good passage. Balanced sensation with an acidity that brings freshness. Long and pleasant sensation.<\/td>\n<\/tr>\n<tr>\n<td style=\"border-style: hidden;\"><img decoding=\"async\" style=\"filter: invert(71%) sepia(9%) saturate(1353%) hue-rotate(8deg) brightness(96%) contrast(81%);\" src=\"\/wp-content\/uploads\/2022\/09\/nota-de-cata-thermometer.svg\" alt=\"termometro icono\" width=\"80\"><\/td>\n<td style=\"border-style: hidden;\">Serving temperature: 16-18\u00ba C<\/td>\n<\/tr>\n<tr>\n<td style=\"border-style: hidden;\"><img decoding=\"async\" style=\"filter: invert(71%) sepia(9%) saturate(1353%) hue-rotate(8deg) brightness(96%) contrast(81%);\" src=\"\/wp-content\/uploads\/2022\/09\/nota-de-cata-grapes.svg\" alt=\"barrica icono\" width=\"80\"><\/td>\n<td style=\"border-style: hidden;\">Aged in French oak barrels (bottoms) and American oak barrels (staves) for 14 months.<\/td>\n<\/tr>\n<tr>\n<td style=\"border-style: hidden;\"><img decoding=\"async\" style=\"filter: invert(71%) sepia(9%) saturate(1353%) hue-rotate(8deg) brightness(96%) contrast(81%);\" src=\"\/wp-content\/uploads\/2022\/09\/nota-de-cata-restaurant.svg\" alt=\"plato icono\" width=\"80\"><\/td>\n<td style=\"border-style: hidden;\">Roasts, cured cheeses, mushrooms and truffles.<\/td>\n<\/tr>\n<\/tbody>\n<\/table>\n<p>Prosa is one of our organic wines, which meet the double requirement in terms of their production: they come from organic grapes, grown in the Hoz de Barbastro terroir, and follow a strict production process. Both aspects are controlled by the Comit\u00e9 Aragon\u00e9s de Agricultura Ecol\u00f3gica (CAAE).<\/p>\n<p><img decoding=\"async\" src=\"\/wp-content\/uploads\/2022\/09\/comite-aragones-de-agricultura-ecologica-CAAE.webp\" alt=\"CAAE\"><\/p>\n","protected":false},"excerpt":{"rendered":"<p>Box of 6 bottles of 750 ml<\/p>\n","protected":false},"featured_media":1677,"template":"","meta":{"_themeisle_gutenberg_block_has_review":false},"product_brand":[],"product_cat":[115,100,114],"product_tag":[],"class_list":{"0":"post-2118","1":"product","2":"type-product","3":"status-publish","4":"has-post-thumbnail","6":"product_cat-barrel-ageing","7":"product_cat-ecological","8":"product_cat-red","9":"pa_tiempo-guarda-envejecimiento-barrel-ageing","11":"first","12":"instock","13":"taxable","14":"shipping-taxable","15":"purchasable","16":"product-type-simple"},"yoast_head":"<!-- This site is optimized with the Yoast SEO plugin v24.5 - https:\/\/yoast.com\/wordpress\/plugins\/seo\/ -->\n<title>Prosa Reserva ECO 2018 - Monte Odina<\/title>\n<meta name=\"description\" content=\"Prosa is one of our organic wines. Bright, attractive purple colour with a high robe. Firm and decisive on the palate, with a good passage.\" \/>\n<meta name=\"robots\" content=\"index, follow, max-snippet:-1, max-image-preview:large, max-video-preview:-1\" \/>\n<link rel=\"canonical\" href=\"https:\/\/monteodina.com\/en\/producto\/prosa-reserva-eco-2018\/\" \/>\n<meta property=\"og:locale\" content=\"en_US\" \/>\n<meta property=\"og:type\" content=\"article\" \/>\n<meta property=\"og:title\" content=\"Prosa Reserva ECO 2018 - Monte Odina\" \/>\n<meta property=\"og:description\" content=\"Prosa is one of our organic wines. Bright, attractive purple colour with a high robe. Firm and decisive on the palate, with a good passage.\" \/>\n<meta property=\"og:url\" content=\"https:\/\/monteodina.com\/en\/producto\/prosa-reserva-eco-2018\/\" \/>\n<meta property=\"og:site_name\" content=\"Monte Odina\" \/>\n<meta property=\"og:image\" content=\"https:\/\/monteodina.com\/wp-content\/uploads\/2022\/09\/Monte-Odina-botellas-vinos-prosa-600x600-1.webp\" \/>\n\t<meta property=\"og:image:width\" content=\"600\" \/>\n\t<meta property=\"og:image:height\" content=\"600\" \/>\n\t<meta property=\"og:image:type\" content=\"image\/webp\" \/>\n<meta name=\"twitter:card\" content=\"summary_large_image\" \/>\n<meta name=\"twitter:label1\" content=\"Est. reading time\" \/>\n\t<meta name=\"twitter:data1\" content=\"1 minute\" \/>\n<script type=\"application\/ld+json\" class=\"yoast-schema-graph\">{\"@context\":\"https:\/\/schema.org\",\"@graph\":[{\"@type\":\"WebPage\",\"@id\":\"https:\/\/monteodina.com\/en\/producto\/prosa-reserva-eco-2018\/\",\"url\":\"https:\/\/monteodina.com\/en\/producto\/prosa-reserva-eco-2018\/\",\"name\":\"Prosa Reserva ECO 2018 - Monte Odina\",\"isPartOf\":{\"@id\":\"https:\/\/monteodina.com\/en\/#website\"},\"primaryImageOfPage\":{\"@id\":\"https:\/\/monteodina.com\/en\/producto\/prosa-reserva-eco-2018\/#primaryimage\"},\"image\":{\"@id\":\"https:\/\/monteodina.com\/en\/producto\/prosa-reserva-eco-2018\/#primaryimage\"},\"thumbnailUrl\":\"https:\/\/monteodina.com\/wp-content\/uploads\/2022\/09\/Monte-Odina-botellas-vinos-prosa-600x600-1.webp\",\"datePublished\":\"2022-09-23T11:18:22+00:00\",\"description\":\"Prosa is one of our organic wines. Bright, attractive purple colour with a high robe. Firm and decisive on the palate, with a good passage.\",\"breadcrumb\":{\"@id\":\"https:\/\/monteodina.com\/en\/producto\/prosa-reserva-eco-2018\/#breadcrumb\"},\"inLanguage\":\"en-US\",\"potentialAction\":[{\"@type\":\"ReadAction\",\"target\":[\"https:\/\/monteodina.com\/en\/producto\/prosa-reserva-eco-2018\/\"]}]},{\"@type\":\"ImageObject\",\"inLanguage\":\"en-US\",\"@id\":\"https:\/\/monteodina.com\/en\/producto\/prosa-reserva-eco-2018\/#primaryimage\",\"url\":\"https:\/\/monteodina.com\/wp-content\/uploads\/2022\/09\/Monte-Odina-botellas-vinos-prosa-600x600-1.webp\",\"contentUrl\":\"https:\/\/monteodina.com\/wp-content\/uploads\/2022\/09\/Monte-Odina-botellas-vinos-prosa-600x600-1.webp\",\"width\":600,\"height\":600,\"caption\":\"Monte Odina - Prosa\"},{\"@type\":\"BreadcrumbList\",\"@id\":\"https:\/\/monteodina.com\/en\/producto\/prosa-reserva-eco-2018\/#breadcrumb\",\"itemListElement\":[{\"@type\":\"ListItem\",\"position\":1,\"name\":\"Portada\",\"item\":\"https:\/\/monteodina.com\/en\/home\/\"},{\"@type\":\"ListItem\",\"position\":2,\"name\":\"Tienda\",\"item\":\"https:\/\/monteodina.com\/tienda\/\"},{\"@type\":\"ListItem\",\"position\":3,\"name\":\"Prosa Reserva ECO 2018\"}]},{\"@type\":\"WebSite\",\"@id\":\"https:\/\/monteodina.com\/en\/#website\",\"url\":\"https:\/\/monteodina.com\/en\/\",\"name\":\"Monte Odina\",\"description\":\"El Tesoro escondido del Somontano\",\"potentialAction\":[{\"@type\":\"SearchAction\",\"target\":{\"@type\":\"EntryPoint\",\"urlTemplate\":\"https:\/\/monteodina.com\/en\/?s={search_term_string}\"},\"query-input\":{\"@type\":\"PropertyValueSpecification\",\"valueRequired\":true,\"valueName\":\"search_term_string\"}}],\"inLanguage\":\"en-US\"}]}<\/script>\n<!-- \/ Yoast SEO plugin. -->","yoast_head_json":{"title":"Prosa Reserva ECO 2018 - Monte Odina","description":"Prosa is one of our organic wines. Bright, attractive purple colour with a high robe. Firm and decisive on the palate, with a good passage.","robots":{"index":"index","follow":"follow","max-snippet":"max-snippet:-1","max-image-preview":"max-image-preview:large","max-video-preview":"max-video-preview:-1"},"canonical":"https:\/\/monteodina.com\/en\/producto\/prosa-reserva-eco-2018\/","og_locale":"en_US","og_type":"article","og_title":"Prosa Reserva ECO 2018 - Monte Odina","og_description":"Prosa is one of our organic wines. Bright, attractive purple colour with a high robe. Firm and decisive on the palate, with a good passage.","og_url":"https:\/\/monteodina.com\/en\/producto\/prosa-reserva-eco-2018\/","og_site_name":"Monte Odina","og_image":[{"width":600,"height":600,"url":"https:\/\/monteodina.com\/wp-content\/uploads\/2022\/09\/Monte-Odina-botellas-vinos-prosa-600x600-1.webp","type":"image\/webp"}],"twitter_card":"summary_large_image","twitter_misc":{"Est. reading time":"1 minute"},"schema":{"@context":"https:\/\/schema.org","@graph":[{"@type":"WebPage","@id":"https:\/\/monteodina.com\/en\/producto\/prosa-reserva-eco-2018\/","url":"https:\/\/monteodina.com\/en\/producto\/prosa-reserva-eco-2018\/","name":"Prosa Reserva ECO 2018 - Monte Odina","isPartOf":{"@id":"https:\/\/monteodina.com\/en\/#website"},"primaryImageOfPage":{"@id":"https:\/\/monteodina.com\/en\/producto\/prosa-reserva-eco-2018\/#primaryimage"},"image":{"@id":"https:\/\/monteodina.com\/en\/producto\/prosa-reserva-eco-2018\/#primaryimage"},"thumbnailUrl":"https:\/\/monteodina.com\/wp-content\/uploads\/2022\/09\/Monte-Odina-botellas-vinos-prosa-600x600-1.webp","datePublished":"2022-09-23T11:18:22+00:00","description":"Prosa is one of our organic wines. Bright, attractive purple colour with a high robe. Firm and decisive on the palate, with a good passage.","breadcrumb":{"@id":"https:\/\/monteodina.com\/en\/producto\/prosa-reserva-eco-2018\/#breadcrumb"},"inLanguage":"en-US","potentialAction":[{"@type":"ReadAction","target":["https:\/\/monteodina.com\/en\/producto\/prosa-reserva-eco-2018\/"]}]},{"@type":"ImageObject","inLanguage":"en-US","@id":"https:\/\/monteodina.com\/en\/producto\/prosa-reserva-eco-2018\/#primaryimage","url":"https:\/\/monteodina.com\/wp-content\/uploads\/2022\/09\/Monte-Odina-botellas-vinos-prosa-600x600-1.webp","contentUrl":"https:\/\/monteodina.com\/wp-content\/uploads\/2022\/09\/Monte-Odina-botellas-vinos-prosa-600x600-1.webp","width":600,"height":600,"caption":"Monte Odina - Prosa"},{"@type":"BreadcrumbList","@id":"https:\/\/monteodina.com\/en\/producto\/prosa-reserva-eco-2018\/#breadcrumb","itemListElement":[{"@type":"ListItem","position":1,"name":"Portada","item":"https:\/\/monteodina.com\/en\/home\/"},{"@type":"ListItem","position":2,"name":"Tienda","item":"https:\/\/monteodina.com\/tienda\/"},{"@type":"ListItem","position":3,"name":"Prosa Reserva ECO 2018"}]},{"@type":"WebSite","@id":"https:\/\/monteodina.com\/en\/#website","url":"https:\/\/monteodina.com\/en\/","name":"Monte Odina","description":"El Tesoro escondido del Somontano","potentialAction":[{"@type":"SearchAction","target":{"@type":"EntryPoint","urlTemplate":"https:\/\/monteodina.com\/en\/?s={search_term_string}"},"query-input":{"@type":"PropertyValueSpecification","valueRequired":true,"valueName":"search_term_string"}}],"inLanguage":"en-US"}]}},"_links":{"self":[{"href":"https:\/\/monteodina.com\/en\/wp-json\/wp\/v2\/product\/2118"}],"collection":[{"href":"https:\/\/monteodina.com\/en\/wp-json\/wp\/v2\/product"}],"about":[{"href":"https:\/\/monteodina.com\/en\/wp-json\/wp\/v2\/types\/product"}],"version-history":[{"count":0,"href":"https:\/\/monteodina.com\/en\/wp-json\/wp\/v2\/product\/2118\/revisions"}],"wp:featuredmedia":[{"embeddable":true,"href":"https:\/\/monteodina.com\/en\/wp-json\/wp\/v2\/media\/1677"}],"wp:attachment":[{"href":"https:\/\/monteodina.com\/en\/wp-json\/wp\/v2\/media?parent=2118"}],"wp:term":[{"taxonomy":"product_brand","embeddable":true,"href":"https:\/\/monteodina.com\/en\/wp-json\/wp\/v2\/product_brand?post=2118"},{"taxonomy":"product_cat","embeddable":true,"href":"https:\/\/monteodina.com\/en\/wp-json\/wp\/v2\/product_cat?post=2118"},{"taxonomy":"product_tag","embeddable":true,"href":"https:\/\/monteodina.com\/en\/wp-json\/wp\/v2\/product_tag?post=2118"}],"curies":[{"name":"wp","href":"https:\/\/api.w.org\/{rel}","templated":true}]}}