{"id":2101,"date":"2022-09-23T10:42:12","date_gmt":"2022-09-23T10:42:12","guid":{"rendered":"https:\/\/monteodina.com\/producto\/albatros-eco-2019\/"},"modified":"2022-09-23T10:42:12","modified_gmt":"2022-09-23T10:42:12","slug":"albatros-eco-2019","status":"publish","type":"product","link":"https:\/\/monteodina.com\/fr\/producto\/albatros-eco-2019\/","title":{"rendered":"Albatros \u00c9CO 2019"},"content":{"rendered":"<p>Carton de 6 bouteilles de 750 ml<\/p>\n<p>Un coupage de Sauvignon blanc et Gew\u00fcrztraminer, deux vari\u00e9t\u00e9s 100% biologiques. Albatros est l&rsquo;oiseau qui vole avec ses ailes, une repr\u00e9sentation all\u00e9gorique de la vie comme migration.<\/p>\n<p>Notes de d\u00e9gustation<\/p>\n<table style=\"border-style: hidden;\">\n<tbody>\n<tr>\n<td style=\"border-style: hidden;\"><img decoding=\"async\" src=\"\/wp-content\/uploads\/2022\/09\/nota-de-cata-eye.svg\" alt=\"ojo icono\" style=\"filter: invert(71%) sepia(9%) saturate(1353%) hue-rotate(8deg) brightness(96%) contrast(81%);\" width=\"80\"><\/td>\n<td style=\"border-style: hidden;\">Aspect brillant et couleur jaune p\u00e2le avec des tons verts.<\/td>\n<\/tr>\n<tr>\n<td style=\"border-style: hidden;\"><img decoding=\"async\" src=\"\/wp-content\/uploads\/2022\/09\/nota-de-cata-wine-tasting.svg\" alt=\"beber icono\" style=\"filter: invert(71%) sepia(9%) saturate(1353%) hue-rotate(8deg) brightness(96%) contrast(81%);\" width=\"80\"><\/td>\n<td style=\"border-style: hidden;\">Ar\u00f4mes propres et intenses. Fruits verts, pamplemousse, herbes parfum\u00e9es.<\/td>\n<\/tr>\n<tr>\n<td style=\"border-style: hidden;\"><img decoding=\"async\" src=\"\/wp-content\/uploads\/2022\/09\/nota-de-cata-smiling-lips.svg\" alt=\"labios icono\" style=\"filter: invert(71%) sepia(9%) saturate(1353%) hue-rotate(8deg) brightness(96%) contrast(81%);\" width=\"80\"><\/td>\n<td style=\"border-style: hidden;\">Cors\u00e9, avec un fond balsamique et anis\u00e9.<\/td>\n<\/tr>\n<tr>\n<td style=\"border-style: hidden;\"><img decoding=\"async\" src=\"\/wp-content\/uploads\/2022\/09\/nota-de-cata-thermometer.svg\" alt=\"termometro icono\" style=\"filter: invert(71%) sepia(9%) saturate(1353%) hue-rotate(8deg) brightness(96%) contrast(81%);\" width=\"80\"><\/td>\n<td style=\"border-style: hidden;\">Temp\u00e9rature de service 5-7\u00baC.<\/td>\n<\/tr>\n<tr>\n<td style=\"border-style: hidden;\"><img decoding=\"async\" src=\"\/wp-content\/uploads\/2022\/09\/nota-de-cata-grapes.svg\" alt=\"barrica icono\" style=\"filter: invert(71%) sepia(9%) saturate(1353%) hue-rotate(8deg) brightness(96%) contrast(81%);\" width=\"80\"><\/td>\n<td style=\"border-style: hidden;\">Pas de vieillissement en f\u00fbts de ch\u00eane.<\/td>\n<\/tr>\n<tr>\n<td style=\"border-style: hidden;\"><img decoding=\"async\" src=\"\/wp-content\/uploads\/2022\/09\/nota-de-cata-restaurant.svg\" alt=\"plato icono\" style=\"filter: invert(71%) sepia(9%) saturate(1353%) hue-rotate(8deg) brightness(96%) contrast(81%);\" width=\"80\"><\/td>\n<td style=\"border-style: hidden;\">Poissons blancs, fruits de mer, foie gras et risottos.<\/td>\n<\/tr>\n<\/tbody>\n<\/table>\n<p>Albatros est l&rsquo;un de nos vins biologiques, qui r\u00e9pondent \u00e0 la double exigence en mati\u00e8re d&rsquo;\u00e9laboration : ils proviennent de raisins biologiques, cultiv\u00e9s dans le terroir de Hoz de Barbastro, et suivent un processus d&rsquo;\u00e9laboration strict. Ces deux aspects sont contr\u00f4l\u00e9s par le Comit\u00e9 Aragon\u00e9s de Agricultura Ecol\u00f3gica (CAAE).<\/p>\n<p><img decoding=\"async\" src=\"\/wp-content\/uploads\/2022\/09\/comite-aragones-de-agricultura-ecologica-CAAE.webp\" alt=\"CAAE\"><\/p>\n","protected":false},"excerpt":{"rendered":"<p>Carton de 6 bouteilles de 750 ml<\/p>\n","protected":false},"featured_media":1816,"template":"","meta":{"_themeisle_gutenberg_block_has_review":false},"product_brand":[],"product_cat":[104,105,91],"product_tag":[106],"class_list":{"0":"post-2101","1":"product","2":"type-product","3":"status-publish","4":"has-post-thumbnail","6":"product_cat-blanc","7":"product_cat-ecologique","8":"product_cat-jeune","9":"product_tag-ramon-j-sender-fr","10":"pa_color-blanc","11":"pa_tiempo-guarda-envejecimiento-jeune","13":"first","14":"instock","15":"taxable","16":"shipping-taxable","17":"purchasable","18":"product-type-simple"},"yoast_head":"<!-- This site is optimized with the Yoast SEO plugin v24.5 - https:\/\/yoast.com\/wordpress\/plugins\/seo\/ -->\n<title>Albatros \u00c9CO 2019 - Monte Odina<\/title>\n<meta name=\"robots\" content=\"index, follow, max-snippet:-1, max-image-preview:large, max-video-preview:-1\" \/>\n<link rel=\"canonical\" href=\"https:\/\/monteodina.com\/fr\/producto\/albatros-eco-2019\/\" \/>\n<meta property=\"og:locale\" content=\"fr_FR\" \/>\n<meta property=\"og:type\" content=\"article\" \/>\n<meta property=\"og:title\" content=\"Albatros \u00c9CO 2019 - Monte Odina\" \/>\n<meta property=\"og:description\" content=\"Carton de 6 bouteilles de 750 ml\" \/>\n<meta property=\"og:url\" content=\"https:\/\/monteodina.com\/fr\/producto\/albatros-eco-2019\/\" \/>\n<meta property=\"og:site_name\" content=\"Monte Odina\" \/>\n<meta property=\"og:image\" content=\"https:\/\/monteodina.com\/wp-content\/uploads\/2022\/09\/Monte-Odina-botellas-vinos-albatros-600x600-1.webp\" \/>\n\t<meta property=\"og:image:width\" content=\"600\" \/>\n\t<meta property=\"og:image:height\" content=\"600\" \/>\n\t<meta property=\"og:image:type\" content=\"image\/webp\" \/>\n<meta name=\"twitter:card\" content=\"summary_large_image\" \/>\n<meta name=\"twitter:label1\" content=\"Dur\u00e9e de lecture estim\u00e9e\" \/>\n\t<meta name=\"twitter:data1\" content=\"1 minute\" \/>\n<script type=\"application\/ld+json\" class=\"yoast-schema-graph\">{\"@context\":\"https:\/\/schema.org\",\"@graph\":[{\"@type\":\"WebPage\",\"@id\":\"https:\/\/monteodina.com\/fr\/producto\/albatros-eco-2019\/\",\"url\":\"https:\/\/monteodina.com\/fr\/producto\/albatros-eco-2019\/\",\"name\":\"Albatros \u00c9CO 2019 - Monte Odina\",\"isPartOf\":{\"@id\":\"https:\/\/monteodina.com\/fr\/#website\"},\"primaryImageOfPage\":{\"@id\":\"https:\/\/monteodina.com\/fr\/producto\/albatros-eco-2019\/#primaryimage\"},\"image\":{\"@id\":\"https:\/\/monteodina.com\/fr\/producto\/albatros-eco-2019\/#primaryimage\"},\"thumbnailUrl\":\"https:\/\/monteodina.com\/wp-content\/uploads\/2022\/09\/Monte-Odina-botellas-vinos-albatros-600x600-1.webp\",\"datePublished\":\"2022-09-23T10:42:12+00:00\",\"breadcrumb\":{\"@id\":\"https:\/\/monteodina.com\/fr\/producto\/albatros-eco-2019\/#breadcrumb\"},\"inLanguage\":\"fr-FR\",\"potentialAction\":[{\"@type\":\"ReadAction\",\"target\":[\"https:\/\/monteodina.com\/fr\/producto\/albatros-eco-2019\/\"]}]},{\"@type\":\"ImageObject\",\"inLanguage\":\"fr-FR\",\"@id\":\"https:\/\/monteodina.com\/fr\/producto\/albatros-eco-2019\/#primaryimage\",\"url\":\"https:\/\/monteodina.com\/wp-content\/uploads\/2022\/09\/Monte-Odina-botellas-vinos-albatros-600x600-1.webp\",\"contentUrl\":\"https:\/\/monteodina.com\/wp-content\/uploads\/2022\/09\/Monte-Odina-botellas-vinos-albatros-600x600-1.webp\",\"width\":600,\"height\":600,\"caption\":\"Monte Odina - Albatros\"},{\"@type\":\"BreadcrumbList\",\"@id\":\"https:\/\/monteodina.com\/fr\/producto\/albatros-eco-2019\/#breadcrumb\",\"itemListElement\":[{\"@type\":\"ListItem\",\"position\":1,\"name\":\"Portada\",\"item\":\"https:\/\/monteodina.com\/fr\/\"},{\"@type\":\"ListItem\",\"position\":2,\"name\":\"Tienda\",\"item\":\"https:\/\/monteodina.com\/tienda\/\"},{\"@type\":\"ListItem\",\"position\":3,\"name\":\"Albatros \u00c9CO 2019\"}]},{\"@type\":\"WebSite\",\"@id\":\"https:\/\/monteodina.com\/fr\/#website\",\"url\":\"https:\/\/monteodina.com\/fr\/\",\"name\":\"Monte Odina\",\"description\":\"El Tesoro escondido del Somontano\",\"potentialAction\":[{\"@type\":\"SearchAction\",\"target\":{\"@type\":\"EntryPoint\",\"urlTemplate\":\"https:\/\/monteodina.com\/fr\/?s={search_term_string}\"},\"query-input\":{\"@type\":\"PropertyValueSpecification\",\"valueRequired\":true,\"valueName\":\"search_term_string\"}}],\"inLanguage\":\"fr-FR\"}]}<\/script>\n<!-- \/ Yoast SEO plugin. -->","yoast_head_json":{"title":"Albatros \u00c9CO 2019 - Monte Odina","robots":{"index":"index","follow":"follow","max-snippet":"max-snippet:-1","max-image-preview":"max-image-preview:large","max-video-preview":"max-video-preview:-1"},"canonical":"https:\/\/monteodina.com\/fr\/producto\/albatros-eco-2019\/","og_locale":"fr_FR","og_type":"article","og_title":"Albatros \u00c9CO 2019 - Monte Odina","og_description":"Carton de 6 bouteilles de 750 ml","og_url":"https:\/\/monteodina.com\/fr\/producto\/albatros-eco-2019\/","og_site_name":"Monte Odina","og_image":[{"width":600,"height":600,"url":"https:\/\/monteodina.com\/wp-content\/uploads\/2022\/09\/Monte-Odina-botellas-vinos-albatros-600x600-1.webp","type":"image\/webp"}],"twitter_card":"summary_large_image","twitter_misc":{"Dur\u00e9e de lecture estim\u00e9e":"1 minute"},"schema":{"@context":"https:\/\/schema.org","@graph":[{"@type":"WebPage","@id":"https:\/\/monteodina.com\/fr\/producto\/albatros-eco-2019\/","url":"https:\/\/monteodina.com\/fr\/producto\/albatros-eco-2019\/","name":"Albatros \u00c9CO 2019 - Monte Odina","isPartOf":{"@id":"https:\/\/monteodina.com\/fr\/#website"},"primaryImageOfPage":{"@id":"https:\/\/monteodina.com\/fr\/producto\/albatros-eco-2019\/#primaryimage"},"image":{"@id":"https:\/\/monteodina.com\/fr\/producto\/albatros-eco-2019\/#primaryimage"},"thumbnailUrl":"https:\/\/monteodina.com\/wp-content\/uploads\/2022\/09\/Monte-Odina-botellas-vinos-albatros-600x600-1.webp","datePublished":"2022-09-23T10:42:12+00:00","breadcrumb":{"@id":"https:\/\/monteodina.com\/fr\/producto\/albatros-eco-2019\/#breadcrumb"},"inLanguage":"fr-FR","potentialAction":[{"@type":"ReadAction","target":["https:\/\/monteodina.com\/fr\/producto\/albatros-eco-2019\/"]}]},{"@type":"ImageObject","inLanguage":"fr-FR","@id":"https:\/\/monteodina.com\/fr\/producto\/albatros-eco-2019\/#primaryimage","url":"https:\/\/monteodina.com\/wp-content\/uploads\/2022\/09\/Monte-Odina-botellas-vinos-albatros-600x600-1.webp","contentUrl":"https:\/\/monteodina.com\/wp-content\/uploads\/2022\/09\/Monte-Odina-botellas-vinos-albatros-600x600-1.webp","width":600,"height":600,"caption":"Monte Odina - Albatros"},{"@type":"BreadcrumbList","@id":"https:\/\/monteodina.com\/fr\/producto\/albatros-eco-2019\/#breadcrumb","itemListElement":[{"@type":"ListItem","position":1,"name":"Portada","item":"https:\/\/monteodina.com\/fr\/"},{"@type":"ListItem","position":2,"name":"Tienda","item":"https:\/\/monteodina.com\/tienda\/"},{"@type":"ListItem","position":3,"name":"Albatros \u00c9CO 2019"}]},{"@type":"WebSite","@id":"https:\/\/monteodina.com\/fr\/#website","url":"https:\/\/monteodina.com\/fr\/","name":"Monte Odina","description":"El Tesoro escondido del Somontano","potentialAction":[{"@type":"SearchAction","target":{"@type":"EntryPoint","urlTemplate":"https:\/\/monteodina.com\/fr\/?s={search_term_string}"},"query-input":{"@type":"PropertyValueSpecification","valueRequired":true,"valueName":"search_term_string"}}],"inLanguage":"fr-FR"}]}},"_links":{"self":[{"href":"https:\/\/monteodina.com\/fr\/wp-json\/wp\/v2\/product\/2101"}],"collection":[{"href":"https:\/\/monteodina.com\/fr\/wp-json\/wp\/v2\/product"}],"about":[{"href":"https:\/\/monteodina.com\/fr\/wp-json\/wp\/v2\/types\/product"}],"version-history":[{"count":0,"href":"https:\/\/monteodina.com\/fr\/wp-json\/wp\/v2\/product\/2101\/revisions"}],"wp:featuredmedia":[{"embeddable":true,"href":"https:\/\/monteodina.com\/fr\/wp-json\/wp\/v2\/media\/1816"}],"wp:attachment":[{"href":"https:\/\/monteodina.com\/fr\/wp-json\/wp\/v2\/media?parent=2101"}],"wp:term":[{"taxonomy":"product_brand","embeddable":true,"href":"https:\/\/monteodina.com\/fr\/wp-json\/wp\/v2\/product_brand?post=2101"},{"taxonomy":"product_cat","embeddable":true,"href":"https:\/\/monteodina.com\/fr\/wp-json\/wp\/v2\/product_cat?post=2101"},{"taxonomy":"product_tag","embeddable":true,"href":"https:\/\/monteodina.com\/fr\/wp-json\/wp\/v2\/product_tag?post=2101"}],"curies":[{"name":"wp","href":"https:\/\/api.w.org\/{rel}","templated":true}]}}