{"id":2104,"date":"2022-09-23T10:17:27","date_gmt":"2022-09-23T10:17:27","guid":{"rendered":"https:\/\/monteodina.com\/producto\/vieillissement-eco-2019\/"},"modified":"2022-09-23T10:17:27","modified_gmt":"2022-09-23T10:17:27","slug":"crianza-2016","status":"publish","type":"product","link":"https:\/\/monteodina.com\/fr\/producto\/crianza-2016\/","title":{"rendered":"Vieillissement \u00c9CO 2019"},"content":{"rendered":"<p>Carton de 6 bouteilles de 750 ml<\/p>\n<p>Un grand coupage parcellaire : Cabernet Sauvignon, Garnacha, Syrah, Tempranillo et Merlot. Un vin d&rsquo;une production unique et des caract\u00e9ristiques parfum\u00e9es.<\/p>\n<p>Notes de d\u00e9gustation<\/p>\n<table style=\"border-style: hidden;\">\n<tbody>\n<tr>\n<td style=\"border-style: hidden;\"><img decoding=\"async\" style=\"filter: invert(71%) sepia(9%) saturate(1353%) hue-rotate(8deg) brightness(96%) contrast(81%);\" src=\"\/wp-content\/uploads\/2022\/09\/nota-de-cata-eye.svg\" alt=\"ojo icono\" width=\"80\"><\/td>\n<td style=\"border-style: hidden;\">Aspect brillant et couleur rouge rubis.<\/td>\n<\/tr>\n<tr>\n<td style=\"border-style: hidden;\"><img decoding=\"async\" style=\"filter: invert(71%) sepia(9%) saturate(1353%) hue-rotate(8deg) brightness(96%) contrast(81%);\" src=\"\/wp-content\/uploads\/2022\/09\/nota-de-cata-wine-tasting.svg\" alt=\"beber icono\" width=\"80\"><\/td>\n<td style=\"border-style: hidden;\">Ar\u00f4mes nets et intenses de fruits noirs et rouges m\u00fbrs sur un lecho, \u00e9pices (poivre et clou de girofle).<\/td>\n<\/tr>\n<tr>\n<td style=\"border-style: hidden;\"><img decoding=\"async\" style=\"filter: invert(71%) sepia(9%) saturate(1353%) hue-rotate(8deg) brightness(96%) contrast(81%);\" src=\"\/wp-content\/uploads\/2022\/09\/nota-de-cata-smiling-lips.svg\" alt=\"labios icono\" width=\"80\"><\/td>\n<td style=\"border-style: hidden;\">Plein de saveurs et de tanins de qualit\u00e9, tr\u00e8s bien \u00e9quilibr\u00e9 avec la composante acide. Persistant.<\/td>\n<\/tr>\n<tr>\n<td style=\"border-style: hidden;\"><img decoding=\"async\" style=\"filter: invert(71%) sepia(9%) saturate(1353%) hue-rotate(8deg) brightness(96%) contrast(81%);\" src=\"\/wp-content\/uploads\/2022\/09\/nota-de-cata-thermometer.svg\" alt=\"termometro icono\" width=\"80\"><\/td>\n<td style=\"border-style: hidden;\">Temp\u00e9rature de service 16-18\u00baC.<\/td>\n<\/tr>\n<tr>\n<td style=\"border-style: hidden;\"><img decoding=\"async\" style=\"filter: invert(71%) sepia(9%) saturate(1353%) hue-rotate(8deg) brightness(96%) contrast(81%);\" src=\"\/wp-content\/uploads\/2022\/09\/nota-de-cata-grapes.svg\" alt=\"barrica icono\" width=\"80\"><\/td>\n<td style=\"border-style: hidden;\">6 mois d&rsquo;\u00e9levage en f\u00fbts de ch\u00eane fran\u00e7ais et am\u00e9ricain.<\/td>\n<\/tr>\n<tr>\n<td style=\"border-style: hidden;\"><img decoding=\"async\" style=\"filter: invert(71%) sepia(9%) saturate(1353%) hue-rotate(8deg) brightness(96%) contrast(81%);\" src=\"\/wp-content\/uploads\/2022\/09\/nota-de-cata-restaurant.svg\" alt=\"plato icono\" width=\"80\"><\/td>\n<td style=\"border-style: hidden;\">Viandes grill\u00e9es, gibier et escargots.<\/td>\n<\/tr>\n<\/tbody>\n<\/table>\n","protected":false},"excerpt":{"rendered":"<p>Carton de 6 bouteilles de 750 ml<\/p>\n","protected":false},"featured_media":1939,"template":"","meta":{"_themeisle_gutenberg_block_has_review":false},"product_brand":[],"product_cat":[118,119],"product_tag":[],"class_list":{"0":"post-2104","1":"product","2":"type-product","3":"status-publish","4":"has-post-thumbnail","6":"product_cat-rouge","7":"product_cat-vieillissement-en-barrique","8":"pa_color-rouge","9":"pa_tiempo-guarda-envejecimiento-vieillissement-en-barrique","11":"first","12":"instock","13":"taxable","14":"shipping-taxable","15":"purchasable","16":"product-type-simple"},"yoast_head":"<!-- This site is optimized with the Yoast SEO plugin v24.5 - https:\/\/yoast.com\/wordpress\/plugins\/seo\/ -->\n<title>Vieillissement \u00c9CO 2019 - Monte Odina<\/title>\n<meta name=\"description\" content=\"Acheter Monte Vieillissement \u00c9CO. Carton de 6 bouteilles de 750 ml. Aspect brillant, ar\u00f4mes propres et persistants et longues sensations.\" \/>\n<meta name=\"robots\" content=\"index, follow, max-snippet:-1, max-image-preview:large, max-video-preview:-1\" \/>\n<link rel=\"canonical\" href=\"https:\/\/monteodina.com\/fr\/producto\/crianza-2016\/\" \/>\n<meta property=\"og:locale\" content=\"fr_FR\" \/>\n<meta property=\"og:type\" content=\"article\" \/>\n<meta property=\"og:title\" content=\"Vieillissement \u00c9CO 2019 - Monte Odina\" \/>\n<meta property=\"og:description\" content=\"Acheter Monte Vieillissement \u00c9CO. Carton de 6 bouteilles de 750 ml. Aspect brillant, ar\u00f4mes propres et persistants et longues sensations.\" \/>\n<meta property=\"og:url\" content=\"https:\/\/monteodina.com\/fr\/producto\/crianza-2016\/\" \/>\n<meta property=\"og:site_name\" content=\"Monte Odina\" \/>\n<meta property=\"og:image\" content=\"https:\/\/monteodina.com\/wp-content\/uploads\/2022\/10\/Monte-Odina-botellas-vinos-crianza-normal-600x600-1.webp\" \/>\n\t<meta property=\"og:image:width\" content=\"600\" \/>\n\t<meta property=\"og:image:height\" content=\"600\" \/>\n\t<meta property=\"og:image:type\" content=\"image\/webp\" \/>\n<meta name=\"twitter:card\" content=\"summary_large_image\" \/>\n<meta name=\"twitter:label1\" content=\"Dur\u00e9e de lecture estim\u00e9e\" \/>\n\t<meta name=\"twitter:data1\" content=\"1 minute\" \/>\n<script type=\"application\/ld+json\" class=\"yoast-schema-graph\">{\"@context\":\"https:\/\/schema.org\",\"@graph\":[{\"@type\":\"WebPage\",\"@id\":\"https:\/\/monteodina.com\/fr\/producto\/crianza-2016\/\",\"url\":\"https:\/\/monteodina.com\/fr\/producto\/crianza-2016\/\",\"name\":\"Vieillissement \u00c9CO 2019 - Monte Odina\",\"isPartOf\":{\"@id\":\"https:\/\/monteodina.com\/fr\/#website\"},\"primaryImageOfPage\":{\"@id\":\"https:\/\/monteodina.com\/fr\/producto\/crianza-2016\/#primaryimage\"},\"image\":{\"@id\":\"https:\/\/monteodina.com\/fr\/producto\/crianza-2016\/#primaryimage\"},\"thumbnailUrl\":\"https:\/\/monteodina.com\/wp-content\/uploads\/2022\/10\/Monte-Odina-botellas-vinos-crianza-normal-600x600-1.webp\",\"datePublished\":\"2022-09-23T10:17:27+00:00\",\"description\":\"Acheter Monte Vieillissement \u00c9CO. Carton de 6 bouteilles de 750 ml. Aspect brillant, ar\u00f4mes propres et persistants et longues sensations.\",\"breadcrumb\":{\"@id\":\"https:\/\/monteodina.com\/fr\/producto\/crianza-2016\/#breadcrumb\"},\"inLanguage\":\"fr-FR\",\"potentialAction\":[{\"@type\":\"ReadAction\",\"target\":[\"https:\/\/monteodina.com\/fr\/producto\/crianza-2016\/\"]}]},{\"@type\":\"ImageObject\",\"inLanguage\":\"fr-FR\",\"@id\":\"https:\/\/monteodina.com\/fr\/producto\/crianza-2016\/#primaryimage\",\"url\":\"https:\/\/monteodina.com\/wp-content\/uploads\/2022\/10\/Monte-Odina-botellas-vinos-crianza-normal-600x600-1.webp\",\"contentUrl\":\"https:\/\/monteodina.com\/wp-content\/uploads\/2022\/10\/Monte-Odina-botellas-vinos-crianza-normal-600x600-1.webp\",\"width\":600,\"height\":600,\"caption\":\"Monte Odina - Crianza\"},{\"@type\":\"BreadcrumbList\",\"@id\":\"https:\/\/monteodina.com\/fr\/producto\/crianza-2016\/#breadcrumb\",\"itemListElement\":[{\"@type\":\"ListItem\",\"position\":1,\"name\":\"Portada\",\"item\":\"https:\/\/monteodina.com\/fr\/\"},{\"@type\":\"ListItem\",\"position\":2,\"name\":\"Tienda\",\"item\":\"https:\/\/monteodina.com\/tienda\/\"},{\"@type\":\"ListItem\",\"position\":3,\"name\":\"Vieillissement \u00c9CO 2019\"}]},{\"@type\":\"WebSite\",\"@id\":\"https:\/\/monteodina.com\/fr\/#website\",\"url\":\"https:\/\/monteodina.com\/fr\/\",\"name\":\"Monte Odina\",\"description\":\"El Tesoro escondido del Somontano\",\"potentialAction\":[{\"@type\":\"SearchAction\",\"target\":{\"@type\":\"EntryPoint\",\"urlTemplate\":\"https:\/\/monteodina.com\/fr\/?s={search_term_string}\"},\"query-input\":{\"@type\":\"PropertyValueSpecification\",\"valueRequired\":true,\"valueName\":\"search_term_string\"}}],\"inLanguage\":\"fr-FR\"}]}<\/script>\n<!-- \/ Yoast SEO plugin. -->","yoast_head_json":{"title":"Vieillissement \u00c9CO 2019 - Monte Odina","description":"Acheter Monte Vieillissement \u00c9CO. Carton de 6 bouteilles de 750 ml. Aspect brillant, ar\u00f4mes propres et persistants et longues sensations.","robots":{"index":"index","follow":"follow","max-snippet":"max-snippet:-1","max-image-preview":"max-image-preview:large","max-video-preview":"max-video-preview:-1"},"canonical":"https:\/\/monteodina.com\/fr\/producto\/crianza-2016\/","og_locale":"fr_FR","og_type":"article","og_title":"Vieillissement \u00c9CO 2019 - Monte Odina","og_description":"Acheter Monte Vieillissement \u00c9CO. Carton de 6 bouteilles de 750 ml. Aspect brillant, ar\u00f4mes propres et persistants et longues sensations.","og_url":"https:\/\/monteodina.com\/fr\/producto\/crianza-2016\/","og_site_name":"Monte Odina","og_image":[{"width":600,"height":600,"url":"https:\/\/monteodina.com\/wp-content\/uploads\/2022\/10\/Monte-Odina-botellas-vinos-crianza-normal-600x600-1.webp","type":"image\/webp"}],"twitter_card":"summary_large_image","twitter_misc":{"Dur\u00e9e de lecture estim\u00e9e":"1 minute"},"schema":{"@context":"https:\/\/schema.org","@graph":[{"@type":"WebPage","@id":"https:\/\/monteodina.com\/fr\/producto\/crianza-2016\/","url":"https:\/\/monteodina.com\/fr\/producto\/crianza-2016\/","name":"Vieillissement \u00c9CO 2019 - Monte Odina","isPartOf":{"@id":"https:\/\/monteodina.com\/fr\/#website"},"primaryImageOfPage":{"@id":"https:\/\/monteodina.com\/fr\/producto\/crianza-2016\/#primaryimage"},"image":{"@id":"https:\/\/monteodina.com\/fr\/producto\/crianza-2016\/#primaryimage"},"thumbnailUrl":"https:\/\/monteodina.com\/wp-content\/uploads\/2022\/10\/Monte-Odina-botellas-vinos-crianza-normal-600x600-1.webp","datePublished":"2022-09-23T10:17:27+00:00","description":"Acheter Monte Vieillissement \u00c9CO. Carton de 6 bouteilles de 750 ml. Aspect brillant, ar\u00f4mes propres et persistants et longues sensations.","breadcrumb":{"@id":"https:\/\/monteodina.com\/fr\/producto\/crianza-2016\/#breadcrumb"},"inLanguage":"fr-FR","potentialAction":[{"@type":"ReadAction","target":["https:\/\/monteodina.com\/fr\/producto\/crianza-2016\/"]}]},{"@type":"ImageObject","inLanguage":"fr-FR","@id":"https:\/\/monteodina.com\/fr\/producto\/crianza-2016\/#primaryimage","url":"https:\/\/monteodina.com\/wp-content\/uploads\/2022\/10\/Monte-Odina-botellas-vinos-crianza-normal-600x600-1.webp","contentUrl":"https:\/\/monteodina.com\/wp-content\/uploads\/2022\/10\/Monte-Odina-botellas-vinos-crianza-normal-600x600-1.webp","width":600,"height":600,"caption":"Monte Odina - Crianza"},{"@type":"BreadcrumbList","@id":"https:\/\/monteodina.com\/fr\/producto\/crianza-2016\/#breadcrumb","itemListElement":[{"@type":"ListItem","position":1,"name":"Portada","item":"https:\/\/monteodina.com\/fr\/"},{"@type":"ListItem","position":2,"name":"Tienda","item":"https:\/\/monteodina.com\/tienda\/"},{"@type":"ListItem","position":3,"name":"Vieillissement \u00c9CO 2019"}]},{"@type":"WebSite","@id":"https:\/\/monteodina.com\/fr\/#website","url":"https:\/\/monteodina.com\/fr\/","name":"Monte Odina","description":"El Tesoro escondido del Somontano","potentialAction":[{"@type":"SearchAction","target":{"@type":"EntryPoint","urlTemplate":"https:\/\/monteodina.com\/fr\/?s={search_term_string}"},"query-input":{"@type":"PropertyValueSpecification","valueRequired":true,"valueName":"search_term_string"}}],"inLanguage":"fr-FR"}]}},"_links":{"self":[{"href":"https:\/\/monteodina.com\/fr\/wp-json\/wp\/v2\/product\/2104"}],"collection":[{"href":"https:\/\/monteodina.com\/fr\/wp-json\/wp\/v2\/product"}],"about":[{"href":"https:\/\/monteodina.com\/fr\/wp-json\/wp\/v2\/types\/product"}],"version-history":[{"count":0,"href":"https:\/\/monteodina.com\/fr\/wp-json\/wp\/v2\/product\/2104\/revisions"}],"wp:featuredmedia":[{"embeddable":true,"href":"https:\/\/monteodina.com\/fr\/wp-json\/wp\/v2\/media\/1939"}],"wp:attachment":[{"href":"https:\/\/monteodina.com\/fr\/wp-json\/wp\/v2\/media?parent=2104"}],"wp:term":[{"taxonomy":"product_brand","embeddable":true,"href":"https:\/\/monteodina.com\/fr\/wp-json\/wp\/v2\/product_brand?post=2104"},{"taxonomy":"product_cat","embeddable":true,"href":"https:\/\/monteodina.com\/fr\/wp-json\/wp\/v2\/product_cat?post=2104"},{"taxonomy":"product_tag","embeddable":true,"href":"https:\/\/monteodina.com\/fr\/wp-json\/wp\/v2\/product_tag?post=2104"}],"curies":[{"name":"wp","href":"https:\/\/api.w.org\/{rel}","templated":true}]}}