{"id":2113,"date":"2022-09-23T10:04:56","date_gmt":"2022-09-23T10:04:56","guid":{"rendered":"https:\/\/monteodina.com\/producto\/fut-de-chene-2020\/"},"modified":"2022-09-23T10:04:56","modified_gmt":"2022-09-23T10:04:56","slug":"roble-2020","status":"publish","type":"product","link":"https:\/\/monteodina.com\/fr\/producto\/roble-2020\/","title":{"rendered":"F\u00fbt de Ch\u00eane 2020"},"content":{"rendered":"<p>Carton de 6 bouteilles de 750 ml<\/p>\n<p>Un m\u00e9lange sup\u00e9rieur qui r\u00e9unit toutes les caract\u00e9ristiques du Somontano. Il associe le fruit du terroir et le ch\u00eane.<\/p>\n<p>Notes de d\u00e9gustation<\/p>\n<table style=\"border-style: hidden;\">\n<tbody>\n<tr>\n<td style=\"border-style: hidden;\"><img decoding=\"async\" src=\"\/wp-content\/uploads\/2022\/09\/nota-de-cata-eye.svg\" alt=\"ojo icono\" style=\"filter: invert(71%) sepia(9%) saturate(1353%) hue-rotate(8deg) brightness(96%) contrast(81%);\" width=\"80\"><\/td>\n<td style=\"border-style: hidden;\">Aspect brillant et couleur rouge bigarreau.<\/td>\n<\/tr>\n<tr>\n<td style=\"border-style: hidden;\"><img decoding=\"async\" src=\"\/wp-content\/uploads\/2022\/09\/nota-de-cata-wine-tasting.svg\" alt=\"beber icono\" style=\"filter: invert(71%) sepia(9%) saturate(1353%) hue-rotate(8deg) brightness(96%) contrast(81%);\" width=\"80\"><\/td>\n<td style=\"border-style: hidden;\">Ar\u00f4mes intenses de fruits rouges et noirs d&rsquo;une maturit\u00e9 optimale et notes d&rsquo;\u00e9pices et de bois doux.<\/td>\n<\/tr>\n<tr>\n<td style=\"border-style: hidden;\"><img decoding=\"async\" src=\"\/wp-content\/uploads\/2022\/09\/nota-de-cata-smiling-lips.svg\" alt=\"labios icono\" style=\"filter: invert(71%) sepia(9%) saturate(1353%) hue-rotate(8deg) brightness(96%) contrast(81%);\" width=\"80\"><\/td>\n<td style=\"border-style: hidden;\">Puissante expression fruit\u00e9e, notes grill\u00e9es et min\u00e9rales. Bons tanins et \u00e9quilibr\u00e9.<\/td>\n<\/tr>\n<tr>\n<td style=\"border-style: hidden;\"><img decoding=\"async\" src=\"\/wp-content\/uploads\/2022\/09\/nota-de-cata-thermometer.svg\" alt=\"termometro icono\" style=\"filter: invert(71%) sepia(9%) saturate(1353%) hue-rotate(8deg) brightness(96%) contrast(81%);\" width=\"80\"><\/td>\n<td style=\"border-style: hidden;\">Temp\u00e9rature de service 16-18\u00baC.<\/td>\n<\/tr>\n<tr>\n<td style=\"border-style: hidden;\"><img decoding=\"async\" src=\"\/wp-content\/uploads\/2022\/09\/nota-de-cata-grapes.svg\" alt=\"barrica icono\" style=\"filter: invert(71%) sepia(9%) saturate(1353%) hue-rotate(8deg) brightness(96%) contrast(81%);\" width=\"80\"><\/td>\n<td style=\"border-style: hidden;\">\u00c9levage des vins en f\u00fbts de ch\u00eane fran\u00e7ais (fonds) et ch\u00eane am\u00e9ricain (staves) pendant 3 mois.<\/td>\n<\/tr>\n<tr>\n<td style=\"border-style: hidden;\"><img decoding=\"async\" src=\"\/wp-content\/uploads\/2022\/09\/nota-de-cata-restaurant.svg\" alt=\"plato icono\" style=\"filter: invert(71%) sepia(9%) saturate(1353%) hue-rotate(8deg) brightness(96%) contrast(81%);\" width=\"80\"><\/td>\n<td style=\"border-style: hidden;\">Viandes grill\u00e9es, p\u00e2tes, plats de riz et fromages semi-affin\u00e9s.<\/td>\n<\/tr>\n<\/tbody>\n<\/table>\n","protected":false},"excerpt":{"rendered":"<p>Carton de 6 bouteilles de 750 ml<\/p>\n","protected":false},"featured_media":1771,"template":"","meta":{"_themeisle_gutenberg_block_has_review":false},"product_brand":[],"product_cat":[89,118,119],"product_tag":[],"class_list":{"0":"post-2113","1":"product","2":"type-product","3":"status-publish","4":"has-post-thumbnail","6":"product_cat-cabernet-sauvignon-fr","7":"product_cat-rouge","8":"product_cat-vieillissement-en-barrique","9":"pa_color-rouge","10":"pa_tiempo-guarda-envejecimiento-vieillissement-en-barrique","12":"first","13":"instock","14":"taxable","15":"shipping-taxable","16":"purchasable","17":"product-type-simple"},"yoast_head":"<!-- This site is optimized with the Yoast SEO plugin v24.5 - https:\/\/yoast.com\/wordpress\/plugins\/seo\/ -->\n<title>F\u00fbt de Ch\u00eane 2020 - Monte Odina<\/title>\n<meta name=\"robots\" content=\"index, follow, max-snippet:-1, max-image-preview:large, max-video-preview:-1\" \/>\n<link rel=\"canonical\" href=\"https:\/\/monteodina.com\/fr\/producto\/roble-2020\/\" \/>\n<meta property=\"og:locale\" content=\"fr_FR\" \/>\n<meta property=\"og:type\" content=\"article\" \/>\n<meta property=\"og:title\" content=\"F\u00fbt de Ch\u00eane 2020 - Monte Odina\" \/>\n<meta property=\"og:description\" content=\"Carton de 6 bouteilles de 750 ml\" \/>\n<meta property=\"og:url\" content=\"https:\/\/monteodina.com\/fr\/producto\/roble-2020\/\" \/>\n<meta property=\"og:site_name\" content=\"Monte Odina\" \/>\n<meta property=\"og:image\" content=\"https:\/\/monteodina.com\/wp-content\/uploads\/2022\/09\/Monte-Odina-botellas-vinos-roble-600x600-1.webp\" \/>\n\t<meta property=\"og:image:width\" content=\"600\" \/>\n\t<meta property=\"og:image:height\" content=\"600\" \/>\n\t<meta property=\"og:image:type\" content=\"image\/webp\" \/>\n<meta name=\"twitter:card\" content=\"summary_large_image\" \/>\n<meta name=\"twitter:label1\" content=\"Dur\u00e9e de lecture estim\u00e9e\" \/>\n\t<meta name=\"twitter:data1\" content=\"1 minute\" \/>\n<script type=\"application\/ld+json\" class=\"yoast-schema-graph\">{\"@context\":\"https:\/\/schema.org\",\"@graph\":[{\"@type\":\"WebPage\",\"@id\":\"https:\/\/monteodina.com\/fr\/producto\/roble-2020\/\",\"url\":\"https:\/\/monteodina.com\/fr\/producto\/roble-2020\/\",\"name\":\"F\u00fbt de Ch\u00eane 2020 - Monte Odina\",\"isPartOf\":{\"@id\":\"https:\/\/monteodina.com\/fr\/#website\"},\"primaryImageOfPage\":{\"@id\":\"https:\/\/monteodina.com\/fr\/producto\/roble-2020\/#primaryimage\"},\"image\":{\"@id\":\"https:\/\/monteodina.com\/fr\/producto\/roble-2020\/#primaryimage\"},\"thumbnailUrl\":\"https:\/\/monteodina.com\/wp-content\/uploads\/2022\/09\/Monte-Odina-botellas-vinos-roble-600x600-1.webp\",\"datePublished\":\"2022-09-23T10:04:56+00:00\",\"breadcrumb\":{\"@id\":\"https:\/\/monteodina.com\/fr\/producto\/roble-2020\/#breadcrumb\"},\"inLanguage\":\"fr-FR\",\"potentialAction\":[{\"@type\":\"ReadAction\",\"target\":[\"https:\/\/monteodina.com\/fr\/producto\/roble-2020\/\"]}]},{\"@type\":\"ImageObject\",\"inLanguage\":\"fr-FR\",\"@id\":\"https:\/\/monteodina.com\/fr\/producto\/roble-2020\/#primaryimage\",\"url\":\"https:\/\/monteodina.com\/wp-content\/uploads\/2022\/09\/Monte-Odina-botellas-vinos-roble-600x600-1.webp\",\"contentUrl\":\"https:\/\/monteodina.com\/wp-content\/uploads\/2022\/09\/Monte-Odina-botellas-vinos-roble-600x600-1.webp\",\"width\":600,\"height\":600,\"caption\":\"Monte Odina - Roble\"},{\"@type\":\"BreadcrumbList\",\"@id\":\"https:\/\/monteodina.com\/fr\/producto\/roble-2020\/#breadcrumb\",\"itemListElement\":[{\"@type\":\"ListItem\",\"position\":1,\"name\":\"Portada\",\"item\":\"https:\/\/monteodina.com\/fr\/\"},{\"@type\":\"ListItem\",\"position\":2,\"name\":\"Tienda\",\"item\":\"https:\/\/monteodina.com\/tienda\/\"},{\"@type\":\"ListItem\",\"position\":3,\"name\":\"F\u00fbt de Ch\u00eane 2020\"}]},{\"@type\":\"WebSite\",\"@id\":\"https:\/\/monteodina.com\/fr\/#website\",\"url\":\"https:\/\/monteodina.com\/fr\/\",\"name\":\"Monte Odina\",\"description\":\"El Tesoro escondido del Somontano\",\"potentialAction\":[{\"@type\":\"SearchAction\",\"target\":{\"@type\":\"EntryPoint\",\"urlTemplate\":\"https:\/\/monteodina.com\/fr\/?s={search_term_string}\"},\"query-input\":{\"@type\":\"PropertyValueSpecification\",\"valueRequired\":true,\"valueName\":\"search_term_string\"}}],\"inLanguage\":\"fr-FR\"}]}<\/script>\n<!-- \/ Yoast SEO plugin. -->","yoast_head_json":{"title":"F\u00fbt de Ch\u00eane 2020 - Monte Odina","robots":{"index":"index","follow":"follow","max-snippet":"max-snippet:-1","max-image-preview":"max-image-preview:large","max-video-preview":"max-video-preview:-1"},"canonical":"https:\/\/monteodina.com\/fr\/producto\/roble-2020\/","og_locale":"fr_FR","og_type":"article","og_title":"F\u00fbt de Ch\u00eane 2020 - Monte Odina","og_description":"Carton de 6 bouteilles de 750 ml","og_url":"https:\/\/monteodina.com\/fr\/producto\/roble-2020\/","og_site_name":"Monte Odina","og_image":[{"width":600,"height":600,"url":"https:\/\/monteodina.com\/wp-content\/uploads\/2022\/09\/Monte-Odina-botellas-vinos-roble-600x600-1.webp","type":"image\/webp"}],"twitter_card":"summary_large_image","twitter_misc":{"Dur\u00e9e de lecture estim\u00e9e":"1 minute"},"schema":{"@context":"https:\/\/schema.org","@graph":[{"@type":"WebPage","@id":"https:\/\/monteodina.com\/fr\/producto\/roble-2020\/","url":"https:\/\/monteodina.com\/fr\/producto\/roble-2020\/","name":"F\u00fbt de Ch\u00eane 2020 - Monte Odina","isPartOf":{"@id":"https:\/\/monteodina.com\/fr\/#website"},"primaryImageOfPage":{"@id":"https:\/\/monteodina.com\/fr\/producto\/roble-2020\/#primaryimage"},"image":{"@id":"https:\/\/monteodina.com\/fr\/producto\/roble-2020\/#primaryimage"},"thumbnailUrl":"https:\/\/monteodina.com\/wp-content\/uploads\/2022\/09\/Monte-Odina-botellas-vinos-roble-600x600-1.webp","datePublished":"2022-09-23T10:04:56+00:00","breadcrumb":{"@id":"https:\/\/monteodina.com\/fr\/producto\/roble-2020\/#breadcrumb"},"inLanguage":"fr-FR","potentialAction":[{"@type":"ReadAction","target":["https:\/\/monteodina.com\/fr\/producto\/roble-2020\/"]}]},{"@type":"ImageObject","inLanguage":"fr-FR","@id":"https:\/\/monteodina.com\/fr\/producto\/roble-2020\/#primaryimage","url":"https:\/\/monteodina.com\/wp-content\/uploads\/2022\/09\/Monte-Odina-botellas-vinos-roble-600x600-1.webp","contentUrl":"https:\/\/monteodina.com\/wp-content\/uploads\/2022\/09\/Monte-Odina-botellas-vinos-roble-600x600-1.webp","width":600,"height":600,"caption":"Monte Odina - Roble"},{"@type":"BreadcrumbList","@id":"https:\/\/monteodina.com\/fr\/producto\/roble-2020\/#breadcrumb","itemListElement":[{"@type":"ListItem","position":1,"name":"Portada","item":"https:\/\/monteodina.com\/fr\/"},{"@type":"ListItem","position":2,"name":"Tienda","item":"https:\/\/monteodina.com\/tienda\/"},{"@type":"ListItem","position":3,"name":"F\u00fbt de Ch\u00eane 2020"}]},{"@type":"WebSite","@id":"https:\/\/monteodina.com\/fr\/#website","url":"https:\/\/monteodina.com\/fr\/","name":"Monte Odina","description":"El Tesoro escondido del Somontano","potentialAction":[{"@type":"SearchAction","target":{"@type":"EntryPoint","urlTemplate":"https:\/\/monteodina.com\/fr\/?s={search_term_string}"},"query-input":{"@type":"PropertyValueSpecification","valueRequired":true,"valueName":"search_term_string"}}],"inLanguage":"fr-FR"}]}},"_links":{"self":[{"href":"https:\/\/monteodina.com\/fr\/wp-json\/wp\/v2\/product\/2113"}],"collection":[{"href":"https:\/\/monteodina.com\/fr\/wp-json\/wp\/v2\/product"}],"about":[{"href":"https:\/\/monteodina.com\/fr\/wp-json\/wp\/v2\/types\/product"}],"version-history":[{"count":0,"href":"https:\/\/monteodina.com\/fr\/wp-json\/wp\/v2\/product\/2113\/revisions"}],"wp:featuredmedia":[{"embeddable":true,"href":"https:\/\/monteodina.com\/fr\/wp-json\/wp\/v2\/media\/1771"}],"wp:attachment":[{"href":"https:\/\/monteodina.com\/fr\/wp-json\/wp\/v2\/media?parent=2113"}],"wp:term":[{"taxonomy":"product_brand","embeddable":true,"href":"https:\/\/monteodina.com\/fr\/wp-json\/wp\/v2\/product_brand?post=2113"},{"taxonomy":"product_cat","embeddable":true,"href":"https:\/\/monteodina.com\/fr\/wp-json\/wp\/v2\/product_cat?post=2113"},{"taxonomy":"product_tag","embeddable":true,"href":"https:\/\/monteodina.com\/fr\/wp-json\/wp\/v2\/product_tag?post=2113"}],"curies":[{"name":"wp","href":"https:\/\/api.w.org\/{rel}","templated":true}]}}