{"id":2119,"date":"2022-09-23T11:18:22","date_gmt":"2022-09-23T11:18:22","guid":{"rendered":"https:\/\/monteodina.com\/producto\/prosa-reserve-eco-2018\/"},"modified":"2023-07-31T08:04:12","modified_gmt":"2023-07-31T08:04:12","slug":"prosa-reserva-eco","status":"publish","type":"product","link":"https:\/\/monteodina.com\/fr\/producto\/prosa-reserva-eco\/","title":{"rendered":"Prosa R\u00e9serve \u00c9co"},"content":{"rendered":"<p>Carton de 6 bouteilles de 750 ml<\/p>\n<p>R\u00e9serve \u00e9cologique. Un coupage de Garnacha Tinta, Syrah, Tempranillo et Merlot.<\/p>\n<p>Notes de d\u00e9gustation<\/p>\n<table style=\"border-style: hidden;\">\n<tbody>\n<tr>\n<td style=\"border-style: hidden;\"><img decoding=\"async\" style=\"filter: invert(71%) sepia(9%) saturate(1353%) hue-rotate(8deg) brightness(96%) contrast(81%);\" src=\"\/wp-content\/uploads\/2022\/09\/nota-de-cata-eye.svg\" alt=\"ojo icono\" width=\"80\" \/><\/td>\n<td style=\"border-style: hidden;\">Aspect brillant, attrayante couleur pourpre haute couche.<\/td>\n<\/tr>\n<tr>\n<td style=\"border-style: hidden;\"><img decoding=\"async\" style=\"filter: invert(71%) sepia(9%) saturate(1353%) hue-rotate(8deg) brightness(96%) contrast(81%);\" src=\"\/wp-content\/uploads\/2022\/09\/nota-de-cata-wine-tasting.svg\" alt=\"beber icono\" width=\"80\" \/><\/td>\n<td style=\"border-style: hidden;\">Ar\u00f4mes propres et intenses. On distingue d&rsquo;abord des fruits rouges et des fruits secs, suivis d&rsquo;un fond balsamique et de l\u00e9g\u00e8res notes de min\u00e9ralit\u00e9.<\/td>\n<\/tr>\n<tr>\n<td style=\"border-style: hidden;\"><img decoding=\"async\" style=\"filter: invert(71%) sepia(9%) saturate(1353%) hue-rotate(8deg) brightness(96%) contrast(81%);\" src=\"\/wp-content\/uploads\/2022\/09\/nota-de-cata-smiling-lips.svg\" alt=\"labios icono\" width=\"80\" \/><\/td>\n<td style=\"border-style: hidden;\">Entr\u00e9e en bouche ferme et d\u00e9cisive, avec un bon rythme. Sensation \u00e9quilibr\u00e9e avec une acidit\u00e9 qui apporte de la fra\u00eecheur. Une sensation longue et agr\u00e9able.<\/td>\n<\/tr>\n<tr>\n<td style=\"border-style: hidden;\"><img decoding=\"async\" style=\"filter: invert(71%) sepia(9%) saturate(1353%) hue-rotate(8deg) brightness(96%) contrast(81%);\" src=\"\/wp-content\/uploads\/2022\/09\/nota-de-cata-thermometer.svg\" alt=\"termometro icono\" width=\"80\" \/><\/td>\n<td style=\"border-style: hidden;\">Temp\u00e9rature de service : 16-18\u00ba C<\/td>\n<\/tr>\n<tr>\n<td style=\"border-style: hidden;\"><img decoding=\"async\" style=\"filter: invert(71%) sepia(9%) saturate(1353%) hue-rotate(8deg) brightness(96%) contrast(81%);\" src=\"\/wp-content\/uploads\/2022\/09\/nota-de-cata-grapes.svg\" alt=\"barrica icono\" width=\"80\" \/><\/td>\n<td style=\"border-style: hidden;\">Vieilli en f\u00fbts de ch\u00eane fran\u00e7ais (fonds) et en f\u00fbts de ch\u00eane am\u00e9ricain (staves) pendant 14 mois.<\/td>\n<\/tr>\n<tr>\n<td style=\"border-style: hidden;\"><img decoding=\"async\" style=\"filter: invert(71%) sepia(9%) saturate(1353%) hue-rotate(8deg) brightness(96%) contrast(81%);\" src=\"\/wp-content\/uploads\/2022\/09\/nota-de-cata-restaurant.svg\" alt=\"plato icono\" width=\"80\" \/><\/td>\n<td style=\"border-style: hidden;\">R\u00f4tis, fromages affin\u00e9s, champignons et truffes.<\/td>\n<\/tr>\n<\/tbody>\n<\/table>\n<p>Prosa est l&rsquo;un de nos vins biologiques, qui r\u00e9pondent \u00e0 la double exigence en mati\u00e8re d&rsquo;\u00e9laboration : ils proviennent de raisins biologiques, cultiv\u00e9s dans le terroir de Hoz de Barbastro, et suivent un processus d&rsquo;\u00e9laboration strict. Ces deux aspects sont contr\u00f4l\u00e9s par le Comit\u00e9 Aragon\u00e9s de Agricultura Ecol\u00f3gica (CAAE).<\/p>\n<p><img decoding=\"async\" src=\"\/wp-content\/uploads\/2022\/09\/comite-aragones-de-agricultura-ecologica-CAAE.webp\" alt=\"CAAE\" \/><\/p>\n","protected":false},"excerpt":{"rendered":"<p>Carton de 6 bouteilles de 750 ml<\/p>\n","protected":false},"featured_media":1678,"template":"","meta":{"_themeisle_gutenberg_block_has_review":false},"product_brand":[],"product_cat":[105,118,119],"product_tag":[],"class_list":{"0":"post-2119","1":"product","2":"type-product","3":"status-publish","4":"has-post-thumbnail","6":"product_cat-ecologique","7":"product_cat-rouge","8":"product_cat-vieillissement-en-barrique","9":"pa_tiempo-guarda-envejecimiento-vieillissement-en-barrique","11":"first","12":"instock","13":"taxable","14":"shipping-taxable","15":"purchasable","16":"product-type-simple"},"yoast_head":"<!-- This site is optimized with the Yoast SEO plugin v24.5 - https:\/\/yoast.com\/wordpress\/plugins\/seo\/ -->\n<title>Prosa R\u00e9serve \u00c9co - Monte Odina<\/title>\n<meta name=\"description\" content=\"Prosa est l&#039;un de nos vins biologiques. Aspect brillant, attrayante couleur pourpre haute couche. Entr\u00e9e en bouche ferme et d\u00e9cisive, avec un bon rythme.\" \/>\n<meta name=\"robots\" content=\"index, follow, max-snippet:-1, max-image-preview:large, max-video-preview:-1\" \/>\n<link rel=\"canonical\" href=\"https:\/\/monteodina.com\/fr\/producto\/prosa-reserva-eco\/\" \/>\n<meta property=\"og:locale\" content=\"fr_FR\" \/>\n<meta property=\"og:type\" content=\"article\" \/>\n<meta property=\"og:title\" content=\"Prosa R\u00e9serve \u00c9co - Monte Odina\" \/>\n<meta property=\"og:description\" content=\"Prosa est l&#039;un de nos vins biologiques. Aspect brillant, attrayante couleur pourpre haute couche. Entr\u00e9e en bouche ferme et d\u00e9cisive, avec un bon rythme.\" \/>\n<meta property=\"og:url\" content=\"https:\/\/monteodina.com\/fr\/producto\/prosa-reserva-eco\/\" \/>\n<meta property=\"og:site_name\" content=\"Monte Odina\" \/>\n<meta property=\"article:modified_time\" content=\"2023-07-31T08:04:12+00:00\" \/>\n<meta property=\"og:image\" content=\"https:\/\/monteodina.com\/wp-content\/uploads\/2022\/09\/Monte-Odina-botellas-vinos-prosa-600x600-1.webp\" \/>\n\t<meta property=\"og:image:width\" content=\"600\" \/>\n\t<meta property=\"og:image:height\" content=\"600\" \/>\n\t<meta property=\"og:image:type\" content=\"image\/webp\" \/>\n<meta name=\"twitter:card\" content=\"summary_large_image\" \/>\n<meta name=\"twitter:label1\" content=\"Dur\u00e9e de lecture estim\u00e9e\" \/>\n\t<meta name=\"twitter:data1\" content=\"3 minutes\" \/>\n<script type=\"application\/ld+json\" class=\"yoast-schema-graph\">{\"@context\":\"https:\/\/schema.org\",\"@graph\":[{\"@type\":\"WebPage\",\"@id\":\"https:\/\/monteodina.com\/fr\/producto\/prosa-reserva-eco\/\",\"url\":\"https:\/\/monteodina.com\/fr\/producto\/prosa-reserva-eco\/\",\"name\":\"Prosa R\u00e9serve \u00c9co - Monte Odina\",\"isPartOf\":{\"@id\":\"https:\/\/monteodina.com\/fr\/#website\"},\"primaryImageOfPage\":{\"@id\":\"https:\/\/monteodina.com\/fr\/producto\/prosa-reserva-eco\/#primaryimage\"},\"image\":{\"@id\":\"https:\/\/monteodina.com\/fr\/producto\/prosa-reserva-eco\/#primaryimage\"},\"thumbnailUrl\":\"https:\/\/monteodina.com\/wp-content\/uploads\/2022\/09\/Monte-Odina-botellas-vinos-prosa-600x600-1.webp\",\"datePublished\":\"2022-09-23T11:18:22+00:00\",\"dateModified\":\"2023-07-31T08:04:12+00:00\",\"description\":\"Prosa est l'un de nos vins biologiques. Aspect brillant, attrayante couleur pourpre haute couche. Entr\u00e9e en bouche ferme et d\u00e9cisive, avec un bon rythme.\",\"breadcrumb\":{\"@id\":\"https:\/\/monteodina.com\/fr\/producto\/prosa-reserva-eco\/#breadcrumb\"},\"inLanguage\":\"fr-FR\",\"potentialAction\":[{\"@type\":\"ReadAction\",\"target\":[\"https:\/\/monteodina.com\/fr\/producto\/prosa-reserva-eco\/\"]}]},{\"@type\":\"ImageObject\",\"inLanguage\":\"fr-FR\",\"@id\":\"https:\/\/monteodina.com\/fr\/producto\/prosa-reserva-eco\/#primaryimage\",\"url\":\"https:\/\/monteodina.com\/wp-content\/uploads\/2022\/09\/Monte-Odina-botellas-vinos-prosa-600x600-1.webp\",\"contentUrl\":\"https:\/\/monteodina.com\/wp-content\/uploads\/2022\/09\/Monte-Odina-botellas-vinos-prosa-600x600-1.webp\",\"width\":600,\"height\":600,\"caption\":\"Monte Odina - Prosa\"},{\"@type\":\"BreadcrumbList\",\"@id\":\"https:\/\/monteodina.com\/fr\/producto\/prosa-reserva-eco\/#breadcrumb\",\"itemListElement\":[{\"@type\":\"ListItem\",\"position\":1,\"name\":\"Portada\",\"item\":\"https:\/\/monteodina.com\/fr\/\"},{\"@type\":\"ListItem\",\"position\":2,\"name\":\"Tienda\",\"item\":\"https:\/\/monteodina.com\/tienda\/\"},{\"@type\":\"ListItem\",\"position\":3,\"name\":\"Prosa R\u00e9serve \u00c9co\"}]},{\"@type\":\"WebSite\",\"@id\":\"https:\/\/monteodina.com\/fr\/#website\",\"url\":\"https:\/\/monteodina.com\/fr\/\",\"name\":\"Monte Odina\",\"description\":\"El Tesoro escondido del Somontano\",\"potentialAction\":[{\"@type\":\"SearchAction\",\"target\":{\"@type\":\"EntryPoint\",\"urlTemplate\":\"https:\/\/monteodina.com\/fr\/?s={search_term_string}\"},\"query-input\":{\"@type\":\"PropertyValueSpecification\",\"valueRequired\":true,\"valueName\":\"search_term_string\"}}],\"inLanguage\":\"fr-FR\"}]}<\/script>\n<!-- \/ Yoast SEO plugin. -->","yoast_head_json":{"title":"Prosa R\u00e9serve \u00c9co - Monte Odina","description":"Prosa est l'un de nos vins biologiques. Aspect brillant, attrayante couleur pourpre haute couche. Entr\u00e9e en bouche ferme et d\u00e9cisive, avec un bon rythme.","robots":{"index":"index","follow":"follow","max-snippet":"max-snippet:-1","max-image-preview":"max-image-preview:large","max-video-preview":"max-video-preview:-1"},"canonical":"https:\/\/monteodina.com\/fr\/producto\/prosa-reserva-eco\/","og_locale":"fr_FR","og_type":"article","og_title":"Prosa R\u00e9serve \u00c9co - Monte Odina","og_description":"Prosa est l'un de nos vins biologiques. Aspect brillant, attrayante couleur pourpre haute couche. Entr\u00e9e en bouche ferme et d\u00e9cisive, avec un bon rythme.","og_url":"https:\/\/monteodina.com\/fr\/producto\/prosa-reserva-eco\/","og_site_name":"Monte Odina","article_modified_time":"2023-07-31T08:04:12+00:00","og_image":[{"width":600,"height":600,"url":"https:\/\/monteodina.com\/wp-content\/uploads\/2022\/09\/Monte-Odina-botellas-vinos-prosa-600x600-1.webp","type":"image\/webp"}],"twitter_card":"summary_large_image","twitter_misc":{"Dur\u00e9e de lecture estim\u00e9e":"3 minutes"},"schema":{"@context":"https:\/\/schema.org","@graph":[{"@type":"WebPage","@id":"https:\/\/monteodina.com\/fr\/producto\/prosa-reserva-eco\/","url":"https:\/\/monteodina.com\/fr\/producto\/prosa-reserva-eco\/","name":"Prosa R\u00e9serve \u00c9co - Monte Odina","isPartOf":{"@id":"https:\/\/monteodina.com\/fr\/#website"},"primaryImageOfPage":{"@id":"https:\/\/monteodina.com\/fr\/producto\/prosa-reserva-eco\/#primaryimage"},"image":{"@id":"https:\/\/monteodina.com\/fr\/producto\/prosa-reserva-eco\/#primaryimage"},"thumbnailUrl":"https:\/\/monteodina.com\/wp-content\/uploads\/2022\/09\/Monte-Odina-botellas-vinos-prosa-600x600-1.webp","datePublished":"2022-09-23T11:18:22+00:00","dateModified":"2023-07-31T08:04:12+00:00","description":"Prosa est l'un de nos vins biologiques. Aspect brillant, attrayante couleur pourpre haute couche. Entr\u00e9e en bouche ferme et d\u00e9cisive, avec un bon rythme.","breadcrumb":{"@id":"https:\/\/monteodina.com\/fr\/producto\/prosa-reserva-eco\/#breadcrumb"},"inLanguage":"fr-FR","potentialAction":[{"@type":"ReadAction","target":["https:\/\/monteodina.com\/fr\/producto\/prosa-reserva-eco\/"]}]},{"@type":"ImageObject","inLanguage":"fr-FR","@id":"https:\/\/monteodina.com\/fr\/producto\/prosa-reserva-eco\/#primaryimage","url":"https:\/\/monteodina.com\/wp-content\/uploads\/2022\/09\/Monte-Odina-botellas-vinos-prosa-600x600-1.webp","contentUrl":"https:\/\/monteodina.com\/wp-content\/uploads\/2022\/09\/Monte-Odina-botellas-vinos-prosa-600x600-1.webp","width":600,"height":600,"caption":"Monte Odina - Prosa"},{"@type":"BreadcrumbList","@id":"https:\/\/monteodina.com\/fr\/producto\/prosa-reserva-eco\/#breadcrumb","itemListElement":[{"@type":"ListItem","position":1,"name":"Portada","item":"https:\/\/monteodina.com\/fr\/"},{"@type":"ListItem","position":2,"name":"Tienda","item":"https:\/\/monteodina.com\/tienda\/"},{"@type":"ListItem","position":3,"name":"Prosa R\u00e9serve \u00c9co"}]},{"@type":"WebSite","@id":"https:\/\/monteodina.com\/fr\/#website","url":"https:\/\/monteodina.com\/fr\/","name":"Monte Odina","description":"El Tesoro escondido del Somontano","potentialAction":[{"@type":"SearchAction","target":{"@type":"EntryPoint","urlTemplate":"https:\/\/monteodina.com\/fr\/?s={search_term_string}"},"query-input":{"@type":"PropertyValueSpecification","valueRequired":true,"valueName":"search_term_string"}}],"inLanguage":"fr-FR"}]}},"_links":{"self":[{"href":"https:\/\/monteodina.com\/fr\/wp-json\/wp\/v2\/product\/2119"}],"collection":[{"href":"https:\/\/monteodina.com\/fr\/wp-json\/wp\/v2\/product"}],"about":[{"href":"https:\/\/monteodina.com\/fr\/wp-json\/wp\/v2\/types\/product"}],"version-history":[{"count":1,"href":"https:\/\/monteodina.com\/fr\/wp-json\/wp\/v2\/product\/2119\/revisions"}],"predecessor-version":[{"id":2465,"href":"https:\/\/monteodina.com\/fr\/wp-json\/wp\/v2\/product\/2119\/revisions\/2465"}],"wp:featuredmedia":[{"embeddable":true,"href":"https:\/\/monteodina.com\/fr\/wp-json\/wp\/v2\/media\/1678"}],"wp:attachment":[{"href":"https:\/\/monteodina.com\/fr\/wp-json\/wp\/v2\/media?parent=2119"}],"wp:term":[{"taxonomy":"product_brand","embeddable":true,"href":"https:\/\/monteodina.com\/fr\/wp-json\/wp\/v2\/product_brand?post=2119"},{"taxonomy":"product_cat","embeddable":true,"href":"https:\/\/monteodina.com\/fr\/wp-json\/wp\/v2\/product_cat?post=2119"},{"taxonomy":"product_tag","embeddable":true,"href":"https:\/\/monteodina.com\/fr\/wp-json\/wp\/v2\/product_tag?post=2119"}],"curies":[{"name":"wp","href":"https:\/\/api.w.org\/{rel}","templated":true}]}}