{"id":2122,"date":"2022-09-23T10:19:34","date_gmt":"2022-09-23T10:19:34","guid":{"rendered":"https:\/\/monteodina.com\/producto\/victoria-gewrtraminer-2021\/"},"modified":"2022-09-23T10:19:34","modified_gmt":"2022-09-23T10:19:34","slug":"victoria-gewurztraminer-2021","status":"publish","type":"product","link":"https:\/\/monteodina.com\/fr\/producto\/victoria-gewurztraminer-2021\/","title":{"rendered":"Victoria Gewrtraminer 2021"},"content":{"rendered":"<p>Carton de 6 bouteilles de 750 ml &#8211; Victoria Gew\u00fcrztraminer Somontano<\/p>\n<p>Vin blanc monoc\u00e9page, 100% Gew\u00fcrztraminer. Une cr\u00e9ation brillante et dor\u00e9e. La lumi\u00e8re dans le verre et la beaut\u00e9 dans tous les sens.<\/p>\n<p>Victoria est l&rsquo;un de nos vins les plus pr\u00e9cieux. Elle est nomm\u00e9e en l&rsquo;honneur de Marie Victoria, pilier fondamental de la famille Rom\u00e9o, femme qui repr\u00e9sente de grandes valeurs qu&rsquo;elle a transmises \u00e0 toute la famille.<\/p>\n<p>Notes de d\u00e9gustation<\/p>\n<table style=\"border-style: hidden;\">\n<tbody>\n<tr>\n<td style=\"border-style: hidden;\"><img decoding=\"async\" style=\"filter: invert(71%) sepia(9%) saturate(1353%) hue-rotate(8deg) brightness(96%) contrast(81%);\" src=\"\/wp-content\/uploads\/2022\/09\/nota-de-cata-eye.svg\" alt=\"ojo icono\" width=\"80\"><\/td>\n<td style=\"border-style: hidden;\">Aspect brillant et couleur jaune p\u00e2le avec des tons verts.<\/td>\n<\/tr>\n<tr>\n<td style=\"border-style: hidden;\"><img decoding=\"async\" style=\"filter: invert(71%) sepia(9%) saturate(1353%) hue-rotate(8deg) brightness(96%) contrast(81%);\" src=\"\/wp-content\/uploads\/2022\/09\/nota-de-cata-wine-tasting.svg\" alt=\"beber icono\" width=\"80\"><\/td>\n<td style=\"border-style: hidden;\">Ar\u00f4mes nets et intenses avec des notes de fleurs blanches et florales (rose).<\/td>\n<\/tr>\n<tr>\n<td style=\"border-style: hidden;\"><img decoding=\"async\" style=\"filter: invert(71%) sepia(9%) saturate(1353%) hue-rotate(8deg) brightness(96%) contrast(81%);\" src=\"\/wp-content\/uploads\/2022\/09\/nota-de-cata-smiling-lips.svg\" alt=\"labios icono\" width=\"80\"><\/td>\n<td style=\"border-style: hidden;\">En bouche montre une texture onctueuse et savoureuse avec des agrumes; long dans les sensations et \u00e9l\u00e9gant.<\/td>\n<\/tr>\n<tr>\n<td style=\"border-style: hidden;\"><img decoding=\"async\" style=\"filter: invert(71%) sepia(9%) saturate(1353%) hue-rotate(8deg) brightness(96%) contrast(81%);\" src=\"\/wp-content\/uploads\/2022\/09\/nota-de-cata-thermometer.svg\" alt=\"termometro icono\" width=\"80\"><\/td>\n<td style=\"border-style: hidden;\">Temp\u00e9rature de service 5-7\u00baC.<\/td>\n<\/tr>\n<tr>\n<td style=\"border-style: hidden;\"><img decoding=\"async\" style=\"filter: invert(71%) sepia(9%) saturate(1353%) hue-rotate(8deg) brightness(96%) contrast(81%);\" src=\"\/wp-content\/uploads\/2022\/09\/nota-de-cata-grapes.svg\" alt=\"barrica icono\" width=\"80\"><\/td>\n<td style=\"border-style: hidden;\">Pas de vieillissement en f\u00fbts de ch\u00eane.<\/td>\n<\/tr>\n<tr>\n<td style=\"border-style: hidden;\"><img decoding=\"async\" style=\"filter: invert(71%) sepia(9%) saturate(1353%) hue-rotate(8deg) brightness(96%) contrast(81%);\" src=\"\/wp-content\/uploads\/2022\/09\/nota-de-cata-restaurant.svg\" alt=\"plato icono\" width=\"80\"><\/td>\n<td style=\"border-style: hidden;\">Poissons blancs, fruits de mer, foie gras et risottos.<\/td>\n<\/tr>\n<\/tbody>\n<\/table>\n","protected":false},"excerpt":{"rendered":"<p>Carton de 6 bouteilles de 750 ml<\/p>\n","protected":false},"featured_media":2722,"template":"","meta":{"_themeisle_gutenberg_block_has_review":false},"product_brand":[],"product_cat":[104,135,91],"product_tag":[139,142,143,144,138,145,136,140,141,137],"class_list":{"0":"post-2122","1":"product","2":"type-product","3":"status-publish","4":"has-post-thumbnail","6":"product_cat-blanc","7":"product_cat-gewrtraminer-fr","8":"product_cat-jeune","9":"product_tag-blanc-somontano","10":"product_tag-gewurztraminer-fr","11":"product_tag-gewurztraminer-somontano-fr","12":"product_tag-monte-odina-victoria-fr","13":"product_tag-somontano-fr","14":"product_tag-victoria-gewurztraminer-fr","15":"product_tag-vin-blanc","16":"product_tag-vin-blanc-somontano","17":"product_tag-vin-gewurztraminer","18":"product_tag-vin-somontano","19":"pa_color-blanc","20":"pa_tiempo-guarda-envejecimiento-jeune","22":"first","23":"instock","24":"taxable","25":"shipping-taxable","26":"purchasable","27":"product-type-simple"},"yoast_head":"<!-- This site is optimized with the Yoast SEO plugin v24.5 - https:\/\/yoast.com\/wordpress\/plugins\/seo\/ -->\n<title>Victoria Gewrtraminer 2021 Somontano - Monte Odina<\/title>\n<meta name=\"description\" content=\"Descubre nuestro Victoria, blanco monovarietal 100% Gew\u00fcrztraminer de Somontano. Largo en sensaciones, de aromas limpios e intensos.\" \/>\n<meta name=\"robots\" content=\"index, follow, max-snippet:-1, max-image-preview:large, max-video-preview:-1\" \/>\n<link rel=\"canonical\" href=\"https:\/\/monteodina.com\/fr\/producto\/victoria-gewurztraminer-2021\/\" \/>\n<meta property=\"og:locale\" content=\"fr_FR\" \/>\n<meta property=\"og:type\" content=\"article\" \/>\n<meta property=\"og:title\" content=\"Victoria Gewrtraminer 2021 Somontano - Monte Odina\" \/>\n<meta property=\"og:description\" content=\"Descubre nuestro Victoria, blanco monovarietal 100% Gew\u00fcrztraminer de Somontano. Largo en sensaciones, de aromas limpios e intensos.\" \/>\n<meta property=\"og:url\" content=\"https:\/\/monteodina.com\/fr\/producto\/victoria-gewurztraminer-2021\/\" \/>\n<meta property=\"og:site_name\" content=\"Monte Odina\" \/>\n<meta property=\"og:image\" content=\"https:\/\/monteodina.com\/wp-content\/uploads\/2022\/09\/Monte-Odina-Victoria-Gewurztraminer.png\" \/>\n\t<meta property=\"og:image:width\" content=\"847\" \/>\n\t<meta property=\"og:image:height\" content=\"847\" \/>\n\t<meta property=\"og:image:type\" content=\"image\/png\" \/>\n<meta name=\"twitter:card\" content=\"summary_large_image\" \/>\n<meta name=\"twitter:label1\" content=\"Dur\u00e9e de lecture estim\u00e9e\" \/>\n\t<meta name=\"twitter:data1\" content=\"1 minute\" \/>\n<script type=\"application\/ld+json\" class=\"yoast-schema-graph\">{\"@context\":\"https:\/\/schema.org\",\"@graph\":[{\"@type\":\"WebPage\",\"@id\":\"https:\/\/monteodina.com\/fr\/producto\/victoria-gewurztraminer-2021\/\",\"url\":\"https:\/\/monteodina.com\/fr\/producto\/victoria-gewurztraminer-2021\/\",\"name\":\"Victoria Gewrtraminer 2021 Somontano - Monte Odina\",\"isPartOf\":{\"@id\":\"https:\/\/monteodina.com\/fr\/#website\"},\"primaryImageOfPage\":{\"@id\":\"https:\/\/monteodina.com\/fr\/producto\/victoria-gewurztraminer-2021\/#primaryimage\"},\"image\":{\"@id\":\"https:\/\/monteodina.com\/fr\/producto\/victoria-gewurztraminer-2021\/#primaryimage\"},\"thumbnailUrl\":\"https:\/\/monteodina.com\/wp-content\/uploads\/2025\/02\/VICTORIA-2023-tienda.webp\",\"datePublished\":\"2022-09-23T10:19:34+00:00\",\"description\":\"Descubre nuestro Victoria, blanco monovarietal 100% Gew\u00fcrztraminer de Somontano. Largo en sensaciones, de aromas limpios e intensos.\",\"breadcrumb\":{\"@id\":\"https:\/\/monteodina.com\/fr\/producto\/victoria-gewurztraminer-2021\/#breadcrumb\"},\"inLanguage\":\"fr-FR\",\"potentialAction\":[{\"@type\":\"ReadAction\",\"target\":[\"https:\/\/monteodina.com\/fr\/producto\/victoria-gewurztraminer-2021\/\"]}]},{\"@type\":\"ImageObject\",\"inLanguage\":\"fr-FR\",\"@id\":\"https:\/\/monteodina.com\/fr\/producto\/victoria-gewurztraminer-2021\/#primaryimage\",\"url\":\"https:\/\/monteodina.com\/wp-content\/uploads\/2025\/02\/VICTORIA-2023-tienda.webp\",\"contentUrl\":\"https:\/\/monteodina.com\/wp-content\/uploads\/2025\/02\/VICTORIA-2023-tienda.webp\",\"width\":600,\"height\":600,\"caption\":\"VICTORIA-2023-tienda\"},{\"@type\":\"BreadcrumbList\",\"@id\":\"https:\/\/monteodina.com\/fr\/producto\/victoria-gewurztraminer-2021\/#breadcrumb\",\"itemListElement\":[{\"@type\":\"ListItem\",\"position\":1,\"name\":\"Portada\",\"item\":\"https:\/\/monteodina.com\/fr\/\"},{\"@type\":\"ListItem\",\"position\":2,\"name\":\"Tienda\",\"item\":\"https:\/\/monteodina.com\/tienda\/\"},{\"@type\":\"ListItem\",\"position\":3,\"name\":\"Victoria Gewrtraminer 2021\"}]},{\"@type\":\"WebSite\",\"@id\":\"https:\/\/monteodina.com\/fr\/#website\",\"url\":\"https:\/\/monteodina.com\/fr\/\",\"name\":\"Monte Odina\",\"description\":\"El Tesoro escondido del Somontano\",\"potentialAction\":[{\"@type\":\"SearchAction\",\"target\":{\"@type\":\"EntryPoint\",\"urlTemplate\":\"https:\/\/monteodina.com\/fr\/?s={search_term_string}\"},\"query-input\":{\"@type\":\"PropertyValueSpecification\",\"valueRequired\":true,\"valueName\":\"search_term_string\"}}],\"inLanguage\":\"fr-FR\"}]}<\/script>\n<!-- \/ Yoast SEO plugin. -->","yoast_head_json":{"title":"Victoria Gewrtraminer 2021 Somontano - Monte Odina","description":"Descubre nuestro Victoria, blanco monovarietal 100% Gew\u00fcrztraminer de Somontano. Largo en sensaciones, de aromas limpios e intensos.","robots":{"index":"index","follow":"follow","max-snippet":"max-snippet:-1","max-image-preview":"max-image-preview:large","max-video-preview":"max-video-preview:-1"},"canonical":"https:\/\/monteodina.com\/fr\/producto\/victoria-gewurztraminer-2021\/","og_locale":"fr_FR","og_type":"article","og_title":"Victoria Gewrtraminer 2021 Somontano - Monte Odina","og_description":"Descubre nuestro Victoria, blanco monovarietal 100% Gew\u00fcrztraminer de Somontano. Largo en sensaciones, de aromas limpios e intensos.","og_url":"https:\/\/monteodina.com\/fr\/producto\/victoria-gewurztraminer-2021\/","og_site_name":"Monte Odina","og_image":[{"width":847,"height":847,"url":"https:\/\/monteodina.com\/wp-content\/uploads\/2022\/09\/Monte-Odina-Victoria-Gewurztraminer.png","type":"image\/png"}],"twitter_card":"summary_large_image","twitter_misc":{"Dur\u00e9e de lecture estim\u00e9e":"1 minute"},"schema":{"@context":"https:\/\/schema.org","@graph":[{"@type":"WebPage","@id":"https:\/\/monteodina.com\/fr\/producto\/victoria-gewurztraminer-2021\/","url":"https:\/\/monteodina.com\/fr\/producto\/victoria-gewurztraminer-2021\/","name":"Victoria Gewrtraminer 2021 Somontano - Monte Odina","isPartOf":{"@id":"https:\/\/monteodina.com\/fr\/#website"},"primaryImageOfPage":{"@id":"https:\/\/monteodina.com\/fr\/producto\/victoria-gewurztraminer-2021\/#primaryimage"},"image":{"@id":"https:\/\/monteodina.com\/fr\/producto\/victoria-gewurztraminer-2021\/#primaryimage"},"thumbnailUrl":"https:\/\/monteodina.com\/wp-content\/uploads\/2025\/02\/VICTORIA-2023-tienda.webp","datePublished":"2022-09-23T10:19:34+00:00","description":"Descubre nuestro Victoria, blanco monovarietal 100% Gew\u00fcrztraminer de Somontano. Largo en sensaciones, de aromas limpios e intensos.","breadcrumb":{"@id":"https:\/\/monteodina.com\/fr\/producto\/victoria-gewurztraminer-2021\/#breadcrumb"},"inLanguage":"fr-FR","potentialAction":[{"@type":"ReadAction","target":["https:\/\/monteodina.com\/fr\/producto\/victoria-gewurztraminer-2021\/"]}]},{"@type":"ImageObject","inLanguage":"fr-FR","@id":"https:\/\/monteodina.com\/fr\/producto\/victoria-gewurztraminer-2021\/#primaryimage","url":"https:\/\/monteodina.com\/wp-content\/uploads\/2025\/02\/VICTORIA-2023-tienda.webp","contentUrl":"https:\/\/monteodina.com\/wp-content\/uploads\/2025\/02\/VICTORIA-2023-tienda.webp","width":600,"height":600,"caption":"VICTORIA-2023-tienda"},{"@type":"BreadcrumbList","@id":"https:\/\/monteodina.com\/fr\/producto\/victoria-gewurztraminer-2021\/#breadcrumb","itemListElement":[{"@type":"ListItem","position":1,"name":"Portada","item":"https:\/\/monteodina.com\/fr\/"},{"@type":"ListItem","position":2,"name":"Tienda","item":"https:\/\/monteodina.com\/tienda\/"},{"@type":"ListItem","position":3,"name":"Victoria Gewrtraminer 2021"}]},{"@type":"WebSite","@id":"https:\/\/monteodina.com\/fr\/#website","url":"https:\/\/monteodina.com\/fr\/","name":"Monte Odina","description":"El Tesoro escondido del Somontano","potentialAction":[{"@type":"SearchAction","target":{"@type":"EntryPoint","urlTemplate":"https:\/\/monteodina.com\/fr\/?s={search_term_string}"},"query-input":{"@type":"PropertyValueSpecification","valueRequired":true,"valueName":"search_term_string"}}],"inLanguage":"fr-FR"}]}},"_links":{"self":[{"href":"https:\/\/monteodina.com\/fr\/wp-json\/wp\/v2\/product\/2122"}],"collection":[{"href":"https:\/\/monteodina.com\/fr\/wp-json\/wp\/v2\/product"}],"about":[{"href":"https:\/\/monteodina.com\/fr\/wp-json\/wp\/v2\/types\/product"}],"version-history":[{"count":0,"href":"https:\/\/monteodina.com\/fr\/wp-json\/wp\/v2\/product\/2122\/revisions"}],"wp:featuredmedia":[{"embeddable":true,"href":"https:\/\/monteodina.com\/fr\/wp-json\/wp\/v2\/media\/2722"}],"wp:attachment":[{"href":"https:\/\/monteodina.com\/fr\/wp-json\/wp\/v2\/media?parent=2122"}],"wp:term":[{"taxonomy":"product_brand","embeddable":true,"href":"https:\/\/monteodina.com\/fr\/wp-json\/wp\/v2\/product_brand?post=2122"},{"taxonomy":"product_cat","embeddable":true,"href":"https:\/\/monteodina.com\/fr\/wp-json\/wp\/v2\/product_cat?post=2122"},{"taxonomy":"product_tag","embeddable":true,"href":"https:\/\/monteodina.com\/fr\/wp-json\/wp\/v2\/product_tag?post=2122"}],"curies":[{"name":"wp","href":"https:\/\/api.w.org\/{rel}","templated":true}]}}